{"id":1024,"date":"2021-02-19T21:44:39","date_gmt":"2021-02-19T21:44:39","guid":{"rendered":"http:\/\/miramichi.dev\/?page_id=1024"},"modified":"2021-03-25T18:43:12","modified_gmt":"2021-03-25T18:43:12","slug":"strategic-plan","status":"publish","type":"page","link":"https:\/\/investinmiramichi.ca\/fr\/plan-strategique\/","title":{"rendered":"Plan strat\u00e9gique"},"content":{"rendered":"<div id=\"fws_6a099a8e3f232\"  data-column-margin=\"default\" data-midnight=\"dark\"  class=\"wpb_row vc_row-fluid vc_row  vc_row-o-equal-height vc_row-flex  vc_row-o-content-middle standard_section\"  style=\"padding-top: 0px; padding-bottom: 0px; \"><div class=\"row-bg-wrap\" data-bg-animation=\"none\" data-bg-overlay=\"false\"><div class=\"inner-wrap\"><div class=\"row-bg\"  style=\"\"><\/div><\/div><div class=\"row-bg-overlay\" ><\/div><\/div><div class=\"row_col_wrap_12 col span_12 dark left\">\n\t<div  class=\"vc_col-sm-12 wpb_column column_container vc_column_container col padding-4-percent inherit_tablet inherit_phone\"  data-t-w-inherits=\"default\" data-bg-cover=\"\" data-padding-pos=\"all\" data-has-bg-color=\"false\" data-bg-color=\"\" data-bg-opacity=\"1\" data-hover-bg=\"\" data-hover-bg-opacity=\"1\" data-animation=\"\" data-delay=\"0\" >\n\t\t<div class=\"vc_column-inner\" ><div class=\"column-bg-overlay-wrap\" data-bg-animation=\"none\"><div class=\"column-bg-overlay\"><\/div><\/div>\n\t\t\t<div class=\"wpb_wrapper\">\n\t\t\t\t\r\n<div class=\"nectar-animated-title\" data-style=\"color-strip-reveal\" data-color=\"accent-color\">\r\n\t<div class=\"nectar-animated-title-outer\">\r\n\t\t<div class=\"nectar-animated-title-inner\">\r\n\t\t\t<div class=\"wrap\"><h6 style=\"color: #ffffff;\">Processus de planification strat\u00e9gique<\/h6><\/div>\r\n\t\t<\/div>\r\n\t<\/div>\r\n<\/div>\r\n<div class=\"wpb_text_column wpb_content_element\" >\r\n\t<div class=\"wpb_wrapper\">\r\n\t\t<blockquote>\n<p class=\"p1\">Le processus de planification strat\u00e9gique a d\u00e9but\u00e9 en f\u00e9vrier 2020, un mois seulement avant que le monde ne soit secou\u00e9 par la pand\u00e9mie COVID-19 qui a eu des r\u00e9percussions sanitaires, \u00e9conomiques et sociales sans pr\u00e9c\u00e9dent \u00e0 Miramichi, au Canada et dans le monde entier. Cette strat\u00e9gie sera un outil essentiel pour orienter les efforts de la ville afin de soutenir la reprise et la croissance de l'\u00e9conomie pour la ville, ses r\u00e9sidents et le monde des affaires.<\/p>\n<\/blockquote>\n\t<\/div>\r\n<\/div>\r\n\r\n\r\n\r\n\n\t\t\t<\/div> \n\t\t<\/div>\n\t<\/div> \n<\/div><\/div>\n\t\t<div id=\"fws_6a099a8e3f9f0\"  data-column-margin=\"default\" data-midnight=\"dark\"  class=\"wpb_row vc_row-fluid vc_row standard_section\"  style=\"padding-top: 0px; padding-bottom: 0px; \"><div class=\"row-bg-wrap\" data-bg-animation=\"none\" data-bg-overlay=\"false\"><div class=\"inner-wrap\"><div class=\"row-bg\"  style=\"\"><\/div><\/div><div class=\"row-bg-overlay\" ><\/div><\/div><div class=\"row_col_wrap_12 col span_12 dark left\">\n\t<div  class=\"vc_col-sm-12 wpb_column column_container vc_column_container col padding-2-percent inherit_tablet inherit_phone\"  data-t-w-inherits=\"default\" data-bg-cover=\"\" data-padding-pos=\"top\" data-has-bg-color=\"false\" data-bg-color=\"\" data-bg-opacity=\"1\" data-hover-bg=\"\" data-hover-bg-opacity=\"1\" data-animation=\"\" data-delay=\"0\" >\n\t\t<div class=\"vc_column-inner\" ><div class=\"column-bg-overlay-wrap\" data-bg-animation=\"none\"><div class=\"column-bg-overlay\"><\/div><\/div>\n\t\t\t<div class=\"wpb_wrapper\">\n\t\t\t\t\r\n<div class=\"wpb_text_column wpb_content_element\" >\r\n\t<div class=\"wpb_wrapper\">\r\n\t\t<p><br \/>\n<iframe loading=\"lazy\" class=\"pvfw-pdf-viewer-frame\" width=\"100%\" height=\"850px\" src=\"https:\/\/investinmiramichi.ca\/fr\/themencode-pdf-viewer-sc\/?tnc_pvfw=ZmlsZT1odHRwczovL2ludmVzdGlubWlyYW1pY2hpLmNhL3dwLWNvbnRlbnQvdXBsb2Fkcy8yMDIxLzAxL01pcmFtaWNoaS1GaW5hbC1FRFQtU3RyYXRlZ3kucGRmJnNldHRpbmdzPTExMTAxMTAxMDAwMTAwMDAwMzAmbGFuZz1mcg==#page=&#038;zoom=110&#038;pagemode=none\" title=\"\"><\/iframe><\/p>\n\t<\/div>\r\n<\/div>\r\n\r\n\r\n\r\n\n\t\t\t<\/div> \n\t\t<\/div>\n\t<\/div> \n<\/div><\/div>","protected":false},"excerpt":{"rendered":"Processus de planification strat\u00e9gique Le processus de planification strat\u00e9gique a d\u00e9but\u00e9 en f\u00e9vrier 2020, un mois seulement avant que le monde ne soit secou\u00e9 par la pand\u00e9mie de COVID-19, qui a entra\u00een\u00e9 des cons\u00e9quences sanitaires, \u00e9conomiques et...","protected":false},"author":1,"featured_media":0,"parent":0,"menu_order":0,"comment_status":"closed","ping_status":"closed","template":"","meta":{"_acf_changed":false,"footnotes":""},"acf":[],"yoast_head":"<!-- This site is optimized with the Yoast SEO plugin v21.7 - https:\/\/yoast.com\/wordpress\/plugins\/seo\/ -->\n<title>Strategic Plan - Invest\/Investir Miramichi<\/title>\n<meta name=\"description\" content=\"Strategic Plan - This strategy will be a critical tool in directing the efforts of the City of Miramichi to support economy recovery and growth for the City, its residents and the business community.\" \/>\n<meta name=\"robots\" content=\"index, follow, max-snippet:-1, max-image-preview:large, max-video-preview:-1\" \/>\n<link rel=\"canonical\" href=\"https:\/\/investinmiramichi.ca\/fr\/plan-strategique\/\" \/>\n<meta property=\"og:locale\" content=\"fr_CA\" \/>\n<meta property=\"og:type\" content=\"article\" \/>\n<meta property=\"og:title\" content=\"Strategic Plan - Invest\/Investir Miramichi\" \/>\n<meta property=\"og:description\" content=\"Strategic Plan - This strategy will be a critical tool in directing the efforts of the City of Miramichi to support economy recovery and growth for the City, its residents and the business community.\" \/>\n<meta property=\"og:url\" content=\"https:\/\/investinmiramichi.ca\/fr\/plan-strategique\/\" \/>\n<meta property=\"og:site_name\" content=\"Invest\/Investir Miramichi\" \/>\n<meta property=\"article:modified_time\" content=\"2021-03-25T18:43:12+00:00\" \/>\n<meta name=\"twitter:card\" content=\"summary_large_image\" \/>\n<meta name=\"twitter:label1\" content=\"Estimation du temps de lecture\" \/>\n\t<meta name=\"twitter:data1\" content=\"1 minute\" \/>\n<script type=\"application\/ld+json\" class=\"yoast-schema-graph\">{\"@context\":\"https:\/\/schema.org\",\"@graph\":[{\"@type\":\"WebPage\",\"@id\":\"https:\/\/investinmiramichi.ca\/strategic-plan\/\",\"url\":\"https:\/\/investinmiramichi.ca\/strategic-plan\/\",\"name\":\"Strategic Plan - Invest\/Investir Miramichi\",\"isPartOf\":{\"@id\":\"https:\/\/investinmiramichi.ca\/#website\"},\"datePublished\":\"2021-02-19T21:44:39+00:00\",\"dateModified\":\"2021-03-25T18:43:12+00:00\",\"description\":\"Strategic Plan - This strategy will be a critical tool in directing the efforts of the City of Miramichi to support economy recovery and growth for the City, its residents and the business community.\",\"breadcrumb\":{\"@id\":\"https:\/\/investinmiramichi.ca\/strategic-plan\/#breadcrumb\"},\"inLanguage\":\"fr-CA\",\"potentialAction\":[{\"@type\":\"ReadAction\",\"target\":[\"https:\/\/investinmiramichi.ca\/strategic-plan\/\"]}]},{\"@type\":\"BreadcrumbList\",\"@id\":\"https:\/\/investinmiramichi.ca\/strategic-plan\/#breadcrumb\",\"itemListElement\":[{\"@type\":\"ListItem\",\"position\":1,\"name\":\"Home\",\"item\":\"https:\/\/investinmiramichi.ca\/\"},{\"@type\":\"ListItem\",\"position\":2,\"name\":\"Strategic Plan\"}]},{\"@type\":\"WebSite\",\"@id\":\"https:\/\/investinmiramichi.ca\/#website\",\"url\":\"https:\/\/investinmiramichi.ca\/\",\"name\":\"Invest\/Investir Miramichi\",\"description\":\"Miramichi Economic Development\",\"potentialAction\":[{\"@type\":\"SearchAction\",\"target\":{\"@type\":\"EntryPoint\",\"urlTemplate\":\"https:\/\/investinmiramichi.ca\/?s={search_term_string}\"},\"query-input\":\"required name=search_term_string\"}],\"inLanguage\":\"fr-CA\"}]}<\/script>\n<!-- \/ Yoast SEO plugin. -->","yoast_head_json":{"title":"Plan strat\u00e9gique - Investir Miramichi","description":"Plan strat\u00e9gique - Cette strat\u00e9gie sera un outil essentiel pour orienter les efforts de la ville de Miramichi afin de soutenir la reprise \u00e9conomique et la croissance de la ville, de ses r\u00e9sidents et du milieu des affaires.","robots":{"index":"index","follow":"follow","max-snippet":"max-snippet:-1","max-image-preview":"max-image-preview:large","max-video-preview":"max-video-preview:-1"},"canonical":"https:\/\/investinmiramichi.ca\/fr\/plan-strategique\/","og_locale":"fr_CA","og_type":"article","og_title":"Strategic Plan - Invest\/Investir Miramichi","og_description":"Strategic Plan - This strategy will be a critical tool in directing the efforts of the City of Miramichi to support economy recovery and growth for the City, its residents and the business community.","og_url":"https:\/\/investinmiramichi.ca\/fr\/plan-strategique\/","og_site_name":"Invest\/Investir Miramichi","article_modified_time":"2021-03-25T18:43:12+00:00","twitter_card":"summary_large_image","twitter_misc":{"Estimation du temps de lecture":"1 minute"},"schema":{"@context":"https:\/\/schema.org","@graph":[{"@type":"WebPage","@id":"https:\/\/investinmiramichi.ca\/strategic-plan\/","url":"https:\/\/investinmiramichi.ca\/strategic-plan\/","name":"Plan strat\u00e9gique - Investir Miramichi","isPartOf":{"@id":"https:\/\/investinmiramichi.ca\/#website"},"datePublished":"2021-02-19T21:44:39+00:00","dateModified":"2021-03-25T18:43:12+00:00","description":"Plan strat\u00e9gique - Cette strat\u00e9gie sera un outil essentiel pour orienter les efforts de la ville de Miramichi afin de soutenir la reprise \u00e9conomique et la croissance de la ville, de ses r\u00e9sidents et du milieu des affaires.","breadcrumb":{"@id":"https:\/\/investinmiramichi.ca\/strategic-plan\/#breadcrumb"},"inLanguage":"fr-CA","potentialAction":[{"@type":"ReadAction","target":["https:\/\/investinmiramichi.ca\/strategic-plan\/"]}]},{"@type":"BreadcrumbList","@id":"https:\/\/investinmiramichi.ca\/strategic-plan\/#breadcrumb","itemListElement":[{"@type":"ListItem","position":1,"name":"Home","item":"https:\/\/investinmiramichi.ca\/"},{"@type":"ListItem","position":2,"name":"Strategic Plan"}]},{"@type":"WebSite","@id":"https:\/\/investinmiramichi.ca\/#website","url":"https:\/\/investinmiramichi.ca\/","name":"Investir\/investir \u00e0 Miramichi","description":"D\u00e9veloppement \u00e9conomique de la Miramichi","potentialAction":[{"@type":"SearchAction","target":{"@type":"EntryPoint","urlTemplate":"https:\/\/investinmiramichi.ca\/?s={search_term_string}"},"query-input":"required name=search_term_string"}],"inLanguage":"fr-CA"}]}},"_links":{"self":[{"href":"https:\/\/investinmiramichi.ca\/fr\/wp-json\/wp\/v2\/pages\/1024"}],"collection":[{"href":"https:\/\/investinmiramichi.ca\/fr\/wp-json\/wp\/v2\/pages"}],"about":[{"href":"https:\/\/investinmiramichi.ca\/fr\/wp-json\/wp\/v2\/types\/page"}],"author":[{"embeddable":true,"href":"https:\/\/investinmiramichi.ca\/fr\/wp-json\/wp\/v2\/users\/1"}],"replies":[{"embeddable":true,"href":"https:\/\/investinmiramichi.ca\/fr\/wp-json\/wp\/v2\/comments?post=1024"}],"version-history":[{"count":7,"href":"https:\/\/investinmiramichi.ca\/fr\/wp-json\/wp\/v2\/pages\/1024\/revisions"}],"predecessor-version":[{"id":1227,"href":"https:\/\/investinmiramichi.ca\/fr\/wp-json\/wp\/v2\/pages\/1024\/revisions\/1227"}],"wp:attachment":[{"href":"https:\/\/investinmiramichi.ca\/fr\/wp-json\/wp\/v2\/media?parent=1024"}],"curies":[{"name":"wp","href":"https:\/\/api.w.org\/{rel}","templated":true}]}}