{"id":1075,"date":"2021-03-09T14:45:18","date_gmt":"2021-03-09T14:45:18","guid":{"rendered":"http:\/\/miramichi.dev\/?page_id=1075"},"modified":"2021-03-25T18:49:17","modified_gmt":"2021-03-25T18:49:17","slug":"population-growth-action-plan","status":"publish","type":"page","link":"https:\/\/investinmiramichi.ca\/fr\/croissance-miramichi\/","title":{"rendered":"Un plan d\u2019action pour la croissance d\u00e9mographique"},"content":{"rendered":"<div id=\"fws_69ff5afd33f7b\"  data-column-margin=\"default\" data-midnight=\"dark\"  class=\"wpb_row vc_row-fluid vc_row  vc_row-o-equal-height vc_row-flex  vc_row-o-content-middle standard_section\"  style=\"padding-top: 0px; padding-bottom: 0px; \"><div class=\"row-bg-wrap\" data-bg-animation=\"none\" data-bg-overlay=\"false\"><div class=\"inner-wrap\"><div class=\"row-bg\"  style=\"\"><\/div><\/div><div class=\"row-bg-overlay\" ><\/div><\/div><div class=\"row_col_wrap_12 col span_12 dark left\">\n\t<div  class=\"vc_col-sm-12 wpb_column column_container vc_column_container col padding-4-percent inherit_tablet inherit_phone\"  data-t-w-inherits=\"default\" data-bg-cover=\"\" data-padding-pos=\"all\" data-has-bg-color=\"false\" data-bg-color=\"\" data-bg-opacity=\"1\" data-hover-bg=\"\" data-hover-bg-opacity=\"1\" data-animation=\"\" data-delay=\"0\" >\n\t\t<div class=\"vc_column-inner\" ><div class=\"column-bg-overlay-wrap\" data-bg-animation=\"none\"><div class=\"column-bg-overlay\"><\/div><\/div>\n\t\t\t<div class=\"wpb_wrapper\">\n\t\t\t\t\r\n<div class=\"nectar-animated-title\" data-style=\"color-strip-reveal\" data-color=\"accent-color\">\r\n\t<div class=\"nectar-animated-title-outer\">\r\n\t\t<div class=\"nectar-animated-title-inner\">\r\n\t\t\t<div class=\"wrap\"><h6 style=\"color: #ffffff;\">Plan r\u00e9gional de croissance d\u00e9mographique<\/h6><\/div>\r\n\t\t<\/div>\r\n\t<\/div>\r\n<\/div>\r\n<div class=\"wpb_text_column wpb_content_element\" >\r\n\t<div class=\"wpb_wrapper\">\r\n\t\t<blockquote>\n<p class=\"p1 translation-block\">Un plan d\u2019action triennal pour la croissance \u00e9conomique a \u00e9t\u00e9 \u00e9labor\u00e9 par la Croissance Miramichi et ses membres actifs : l\u2019Association r\u00e9gionale multiculturelle de Miramichi (ARMM); le maire Adam Lordon; la Chambre de commerce de Miramichi; et Travail NB \u2013 Miramichi. Ce plan d\u2019action aidera la Ville et la r\u00e9gion de Miramichi \u00e0 augmenter leur population en mettant des mesures pr\u00e9cises en place dans le but d\u2019accueillir et de retenir les nouveaux arrivants et les r\u00e9sidents de tous les coins du globe qui retournent dans la r\u00e9gion Miramichi. Une des missions cl\u00e9s de Croissance Miramichi est de cr\u00e9er une strat\u00e9gie d'int\u00e9gration inclusive pour une pleine participation de la communaut\u00e9. Croissance Miramichi tentera de combler le foss\u00e9 entre les nouveaux arrivants et le milieu des affaires local, ainsi que les r\u00e9sidents de longue date, les organismes communautaires et les administrations municipales de la r\u00e9gion.<\/p>\n<\/blockquote>\n\t<\/div>\r\n<\/div>\r\n\r\n\r\n\r\n\n\t\t\t<\/div> \n\t\t<\/div>\n\t<\/div> \n<\/div><\/div>\n\t\t<div id=\"fws_69ff5afd34718\"  data-column-margin=\"default\" data-midnight=\"dark\"  class=\"wpb_row vc_row-fluid vc_row standard_section\"  style=\"padding-top: 0px; padding-bottom: 0px; \"><div class=\"row-bg-wrap\" data-bg-animation=\"none\" data-bg-overlay=\"false\"><div class=\"inner-wrap\"><div class=\"row-bg\"  style=\"\"><\/div><\/div><div class=\"row-bg-overlay\" ><\/div><\/div><div class=\"row_col_wrap_12 col span_12 dark left\">\n\t<div  class=\"vc_col-sm-12 wpb_column column_container vc_column_container col padding-2-percent inherit_tablet inherit_phone\"  data-t-w-inherits=\"default\" data-bg-cover=\"\" data-padding-pos=\"top\" data-has-bg-color=\"false\" data-bg-color=\"\" data-bg-opacity=\"1\" data-hover-bg=\"\" data-hover-bg-opacity=\"1\" data-animation=\"\" data-delay=\"0\" >\n\t\t<div class=\"vc_column-inner\" ><div class=\"column-bg-overlay-wrap\" data-bg-animation=\"none\"><div class=\"column-bg-overlay\"><\/div><\/div>\n\t\t\t<div class=\"wpb_wrapper\">\n\t\t\t\t\r\n<div class=\"wpb_text_column wpb_content_element\" >\r\n\t<div class=\"wpb_wrapper\">\r\n\t\t<p><br \/>\n<iframe loading=\"lazy\" class=\"pvfw-pdf-viewer-frame\" width=\"100%\" height=\"850px\" src=\"https:\/\/investinmiramichi.ca\/fr\/themencode-pdf-viewer-sc\/?tnc_pvfw=ZmlsZT1odHRwczovL2ludmVzdGlubWlyYW1pY2hpLmNhL3dwLWNvbnRlbnQvdXBsb2Fkcy8yMDIxLzAzL1BsYW4tZGFjdGlvbi1Dcm9pc3NhbmNlLU1pcmFtaWNoaS1GcmFuY2Fpcy0yMDIwLnBkZiZzZXR0aW5ncz0xMTEwMTEwMTAwMDEwMDAwMDMyJmxhbmc9ZnI=#page=&#038;zoom=75&#038;pagemode=none\" title=\"\"><\/iframe><\/p>\n\t<\/div>\r\n<\/div>\r\n\r\n\r\n\r\n\n\t\t\t<\/div> \n\t\t<\/div>\n\t<\/div> \n<\/div><\/div>","protected":false},"excerpt":{"rendered":"Regional Population Growth Action Plan A three-year Action Plan for population growth has been developed by Growing Miramichi and its active members: Miramichi Regional Multicultural Association (MRMA); Adam Lordon; Miramichi...","protected":false},"author":1,"featured_media":0,"parent":0,"menu_order":0,"comment_status":"closed","ping_status":"closed","template":"","meta":{"_acf_changed":false,"footnotes":""},"acf":[],"yoast_head":"<!-- This site is optimized with the Yoast SEO plugin v21.7 - https:\/\/yoast.com\/wordpress\/plugins\/seo\/ -->\n<title>Population Growth Action Plan - Invest\/Investir Miramichi<\/title>\n<meta name=\"description\" content=\"Population Growth Action Plan - Growing Miramichi will attempt to bridge the gap between newcomers and the local business community, as well as life-long residents, community organizations, and municipal governments in the region\" \/>\n<meta name=\"robots\" content=\"index, follow, max-snippet:-1, max-image-preview:large, max-video-preview:-1\" \/>\n<link rel=\"canonical\" href=\"https:\/\/investinmiramichi.ca\/fr\/croissance-miramichi\/\" \/>\n<meta property=\"og:locale\" content=\"fr_CA\" \/>\n<meta property=\"og:type\" content=\"article\" \/>\n<meta property=\"og:title\" content=\"Population Growth Action Plan - Invest\/Investir Miramichi\" \/>\n<meta property=\"og:description\" content=\"Population Growth Action Plan - Growing Miramichi will attempt to bridge the gap between newcomers and the local business community, as well as life-long residents, community organizations, and municipal governments in the region\" \/>\n<meta property=\"og:url\" content=\"https:\/\/investinmiramichi.ca\/fr\/croissance-miramichi\/\" \/>\n<meta property=\"og:site_name\" content=\"Invest\/Investir Miramichi\" \/>\n<meta property=\"article:modified_time\" content=\"2021-03-25T18:49:17+00:00\" \/>\n<meta name=\"twitter:card\" content=\"summary_large_image\" \/>\n<meta name=\"twitter:label1\" content=\"Estimation du temps de lecture\" \/>\n\t<meta name=\"twitter:data1\" content=\"2 minutes\" \/>\n<script type=\"application\/ld+json\" class=\"yoast-schema-graph\">{\"@context\":\"https:\/\/schema.org\",\"@graph\":[{\"@type\":\"WebPage\",\"@id\":\"https:\/\/investinmiramichi.ca\/population-growth-action-plan\/\",\"url\":\"https:\/\/investinmiramichi.ca\/population-growth-action-plan\/\",\"name\":\"Population Growth Action Plan - Invest\/Investir Miramichi\",\"isPartOf\":{\"@id\":\"https:\/\/investinmiramichi.ca\/#website\"},\"datePublished\":\"2021-03-09T14:45:18+00:00\",\"dateModified\":\"2021-03-25T18:49:17+00:00\",\"description\":\"Population Growth Action Plan - Growing Miramichi will attempt to bridge the gap between newcomers and the local business community, as well as life-long residents, community organizations, and municipal governments in the region\",\"breadcrumb\":{\"@id\":\"https:\/\/investinmiramichi.ca\/population-growth-action-plan\/#breadcrumb\"},\"inLanguage\":\"fr-CA\",\"potentialAction\":[{\"@type\":\"ReadAction\",\"target\":[\"https:\/\/investinmiramichi.ca\/population-growth-action-plan\/\"]}]},{\"@type\":\"BreadcrumbList\",\"@id\":\"https:\/\/investinmiramichi.ca\/population-growth-action-plan\/#breadcrumb\",\"itemListElement\":[{\"@type\":\"ListItem\",\"position\":1,\"name\":\"Home\",\"item\":\"https:\/\/investinmiramichi.ca\/\"},{\"@type\":\"ListItem\",\"position\":2,\"name\":\"Population Growth Action Plan\"}]},{\"@type\":\"WebSite\",\"@id\":\"https:\/\/investinmiramichi.ca\/#website\",\"url\":\"https:\/\/investinmiramichi.ca\/\",\"name\":\"Invest\/Investir Miramichi\",\"description\":\"Miramichi Economic Development\",\"potentialAction\":[{\"@type\":\"SearchAction\",\"target\":{\"@type\":\"EntryPoint\",\"urlTemplate\":\"https:\/\/investinmiramichi.ca\/?s={search_term_string}\"},\"query-input\":\"required name=search_term_string\"}],\"inLanguage\":\"fr-CA\"}]}<\/script>\n<!-- \/ Yoast SEO plugin. -->","yoast_head_json":{"title":"Plan d'action pour la croissance d\u00e9mographique - Investir\/investir \u00e0 Miramichi","description":"Plan d'action pour la croissance de la population - Growing Miramichi tentera de combler le foss\u00e9 entre les nouveaux arrivants et le milieu des affaires local, ainsi que les r\u00e9sidents de longue date, les organismes communautaires et les administrations municipales de la r\u00e9gion.","robots":{"index":"index","follow":"follow","max-snippet":"max-snippet:-1","max-image-preview":"max-image-preview:large","max-video-preview":"max-video-preview:-1"},"canonical":"https:\/\/investinmiramichi.ca\/fr\/croissance-miramichi\/","og_locale":"fr_CA","og_type":"article","og_title":"Population Growth Action Plan - Invest\/Investir Miramichi","og_description":"Population Growth Action Plan - Growing Miramichi will attempt to bridge the gap between newcomers and the local business community, as well as life-long residents, community organizations, and municipal governments in the region","og_url":"https:\/\/investinmiramichi.ca\/fr\/croissance-miramichi\/","og_site_name":"Invest\/Investir Miramichi","article_modified_time":"2021-03-25T18:49:17+00:00","twitter_card":"summary_large_image","twitter_misc":{"Estimation du temps de lecture":"2 minutes"},"schema":{"@context":"https:\/\/schema.org","@graph":[{"@type":"WebPage","@id":"https:\/\/investinmiramichi.ca\/population-growth-action-plan\/","url":"https:\/\/investinmiramichi.ca\/population-growth-action-plan\/","name":"Plan d'action pour la croissance d\u00e9mographique - Investir\/investir \u00e0 Miramichi","isPartOf":{"@id":"https:\/\/investinmiramichi.ca\/#website"},"datePublished":"2021-03-09T14:45:18+00:00","dateModified":"2021-03-25T18:49:17+00:00","description":"Plan d'action pour la croissance de la population - Growing Miramichi tentera de combler le foss\u00e9 entre les nouveaux arrivants et le milieu des affaires local, ainsi que les r\u00e9sidents de longue date, les organismes communautaires et les administrations municipales de la r\u00e9gion.","breadcrumb":{"@id":"https:\/\/investinmiramichi.ca\/population-growth-action-plan\/#breadcrumb"},"inLanguage":"fr-CA","potentialAction":[{"@type":"ReadAction","target":["https:\/\/investinmiramichi.ca\/population-growth-action-plan\/"]}]},{"@type":"BreadcrumbList","@id":"https:\/\/investinmiramichi.ca\/population-growth-action-plan\/#breadcrumb","itemListElement":[{"@type":"ListItem","position":1,"name":"Home","item":"https:\/\/investinmiramichi.ca\/"},{"@type":"ListItem","position":2,"name":"Population Growth Action Plan"}]},{"@type":"WebSite","@id":"https:\/\/investinmiramichi.ca\/#website","url":"https:\/\/investinmiramichi.ca\/","name":"Investir\/investir \u00e0 Miramichi","description":"D\u00e9veloppement \u00e9conomique de la Miramichi","potentialAction":[{"@type":"SearchAction","target":{"@type":"EntryPoint","urlTemplate":"https:\/\/investinmiramichi.ca\/?s={search_term_string}"},"query-input":"required name=search_term_string"}],"inLanguage":"fr-CA"}]}},"_links":{"self":[{"href":"https:\/\/investinmiramichi.ca\/fr\/wp-json\/wp\/v2\/pages\/1075"}],"collection":[{"href":"https:\/\/investinmiramichi.ca\/fr\/wp-json\/wp\/v2\/pages"}],"about":[{"href":"https:\/\/investinmiramichi.ca\/fr\/wp-json\/wp\/v2\/types\/page"}],"author":[{"embeddable":true,"href":"https:\/\/investinmiramichi.ca\/fr\/wp-json\/wp\/v2\/users\/1"}],"replies":[{"embeddable":true,"href":"https:\/\/investinmiramichi.ca\/fr\/wp-json\/wp\/v2\/comments?post=1075"}],"version-history":[{"count":6,"href":"https:\/\/investinmiramichi.ca\/fr\/wp-json\/wp\/v2\/pages\/1075\/revisions"}],"predecessor-version":[{"id":1230,"href":"https:\/\/investinmiramichi.ca\/fr\/wp-json\/wp\/v2\/pages\/1075\/revisions\/1230"}],"wp:attachment":[{"href":"https:\/\/investinmiramichi.ca\/fr\/wp-json\/wp\/v2\/media?parent=1075"}],"curies":[{"name":"wp","href":"https:\/\/api.w.org\/{rel}","templated":true}]}}