{"id":1352,"date":"2023-09-13T20:47:00","date_gmt":"2023-09-13T20:47:00","guid":{"rendered":"https:\/\/site1695317176.mywhc.ca\/?page_id=1352"},"modified":"2023-11-09T02:27:44","modified_gmt":"2023-11-09T02:27:44","slug":"new-home","status":"publish","type":"page","link":"https:\/\/investinmiramichi.ca\/fr\/nouveau-foyer\/","title":{"rendered":"Accueil"},"content":{"rendered":"<div id=\"fws_69f4454e20f40\"  data-column-margin=\"default\" data-midnight=\"dark\" data-top-percent=\"5%\" data-bottom-percent=\"5%\"  class=\"wpb_row vc_row-fluid vc_row full-width-section standard_section\"  style=\"padding-top: calc(100vw * 0.05); padding-bottom: calc(100vw * 0.05); \"><div class=\"row-bg-wrap\" data-bg-animation=\"none\" data-bg-overlay=\"true\"><div class=\"inner-wrap\"><div class=\"row-bg\"  style=\"\"><\/div><\/div><div class=\"row-bg-overlay\" style=\"background-color:#55c8dc;  opacity: 0.95; \"><\/div><\/div><div class=\"row_col_wrap_12 col span_12 dark left\">\n\t<div  class=\"vc_col-sm-12 wpb_column column_container vc_column_container col centered-text no-extra-padding inherit_tablet inherit_phone\"  data-t-w-inherits=\"default\" data-bg-cover=\"\" data-padding-pos=\"all\" data-has-bg-color=\"false\" data-bg-color=\"\" data-bg-opacity=\"1\" data-hover-bg=\"\" data-hover-bg-opacity=\"1\" data-animation=\"\" data-delay=\"0\" >\n\t\t<div class=\"vc_column-inner\" ><div class=\"column-bg-overlay-wrap\" data-bg-animation=\"none\"><div class=\"column-bg-overlay\"><\/div><\/div>\n\t\t\t<div class=\"wpb_wrapper\">\n\t\t\t\t<h2 style=\"color: #ffffff;text-align: center\" class=\"vc_custom_heading\" >La r\u00e9gion de Miramichi offre des avantages cl\u00e9s qui permettent aux entreprises de prosp\u00e9rer.<\/h2>\n\t\t\t<\/div> \n\t\t<\/div>\n\t<\/div> \n<\/div><\/div>\n\t\t<div id=\"fws_69f4454e2179f\"  data-column-margin=\"default\" data-midnight=\"dark\" data-top-percent=\"5%\" data-bottom-percent=\"5%\"  class=\"wpb_row vc_row-fluid vc_row full-width-section standard_section\"  style=\"padding-top: calc(100vw * 0.05); padding-bottom: calc(100vw * 0.05); \"><div class=\"row-bg-wrap\" data-bg-animation=\"none\" data-bg-overlay=\"false\"><div class=\"inner-wrap\"><div class=\"row-bg using-bg-color\"  style=\"background-color: #ffffff; \"><\/div><\/div><div class=\"row-bg-overlay\" ><\/div><\/div><div class=\"row_col_wrap_12 col span_12 dark left\">\n\t<div  class=\"vc_col-sm-12 wpb_column column_container vc_column_container col no-extra-padding inherit_tablet inherit_phone\"  data-t-w-inherits=\"default\" data-bg-cover=\"\" data-padding-pos=\"all\" data-has-bg-color=\"false\" data-bg-color=\"\" data-bg-opacity=\"1\" data-hover-bg=\"\" data-hover-bg-opacity=\"1\" data-animation=\"\" data-delay=\"0\" >\n\t\t<div class=\"vc_column-inner\" ><div class=\"column-bg-overlay-wrap\" data-bg-animation=\"none\"><div class=\"column-bg-overlay\"><\/div><\/div>\n\t\t\t<div class=\"wpb_wrapper\">\n\t\t\t\t<div id=\"fws_69f4454e21bde\" data-midnight=\"\" data-column-margin=\"default\" class=\"wpb_row vc_row-fluid vc_row inner_row standard_section\"  style=\"padding-top: 0px; padding-bottom: 0px; \"><div class=\"row-bg-wrap\"> <div class=\"row-bg\" ><\/div> <\/div><div class=\"row_col_wrap_12_inner col span_12  left\">\n\t<div  class=\"vc_col-sm-12 wpb_column column_container vc_column_container col child_column no-extra-padding inherit_tablet inherit_phone\"   data-t-w-inherits=\"default\" data-bg-cover=\"\" data-padding-pos=\"all\" data-has-bg-color=\"false\" data-bg-color=\"\" data-bg-opacity=\"1\" data-hover-bg=\"\" data-hover-bg-opacity=\"1\" data-animation=\"\" data-delay=\"0\">\n\t\t<div class=\"vc_column-inner\" ><div class=\"column-bg-overlay-wrap\" data-bg-animation=\"none\"><div class=\"column-bg-overlay\"><\/div><\/div>\n\t\t<div class=\"wpb_wrapper\">\n\t\t\t<h2 style=\"text-align: center\" class=\"vc_custom_heading\" >Des communaut\u00e9s diverses pr\u00eates \u00e0 se d\u00e9velopper.<\/h2>\r\n<div class=\"wpb_text_column wpb_content_element\" >\r\n\t<div class=\"wpb_wrapper\">\r\n\t\t<h6 style=\"text-align: center;\">Notre objectif est de tirer parti des atouts locaux et r\u00e9gionaux dans les domaines de l\u2019agriculture et de la transformation des ressources naturelles, de la construction, de l\u2019administration et des services r\u00e9gionaux.<\/h6>\n\t<\/div>\r\n<\/div>\r\n\r\n\r\n\r\n\n\t\t<\/div> \n\t<\/div>\n\t<\/div> \n<\/div><\/div><div id=\"fws_69f4454e221f6\" data-midnight=\"\" data-column-margin=\"50px\" class=\"wpb_row vc_row-fluid vc_row inner_row  vc_row-o-equal-height vc_row-flex  vc_row-o-content-bottom standard_section\"  style=\"padding-top: 2%; padding-bottom: 0px; \"><div class=\"row-bg-wrap\"> <div class=\"row-bg\" ><\/div> <\/div><div class=\"row_col_wrap_12_inner col span_12  left\">\n\t<div style=\" color: #ffffff;\" class=\"vc_col-sm-4 wpb_column column_container vc_column_container col child_column padding-10-percent inherit_tablet inherit_phone\" data-cfc=\"true\" data-using-bg=\"true\" data-t-w-inherits=\"default\" data-bg-cover=\"true\" data-padding-pos=\"all\" data-has-bg-color=\"true\" data-bg-color=\"#000000\" data-bg-opacity=\"0.4\" data-hover-bg=\"\" data-hover-bg-opacity=\"1\" data-animation=\"\" data-delay=\"0\">\n\t\t<div class=\"vc_column-inner\" ><a class=\"column-link\" target=\"_self\" href=\"\/fr\/alnwick\/\"><\/a><div class=\"column-image-bg-wrap\" data-bg-pos=\"center center\" data-bg-animation=\"none\"><div class=\"inner-wrap\"><div class=\"column-image-bg\" style=\" background-image: url('https:\/\/investinmiramichi.ca\/wp-content\/uploads\/2023\/09\/alnwick-1.png'); \"><\/div><\/div><\/div><div class=\"column-bg-overlay-wrap\" data-bg-animation=\"none\"><div class=\"column-bg-overlay\" style=\"opacity: 0.4; background-color: #000000;\"><\/div><\/div>\n\t\t<div class=\"wpb_wrapper\">\n\t\t\t\r\n<div class=\"wpb_text_column wpb_content_element\" >\r\n\t<div class=\"wpb_wrapper\">\r\n\t\t<h3 style=\"text-align: center;\">Alnwick<\/h3>\n\t<\/div>\r\n<\/div>\r\n\r\n\r\n\r\n\n\t\t<\/div> \n\t<\/div>\n\t<\/div> \n\n\t<div style=\" color: #ffffff;\" class=\"vc_col-sm-4 wpb_column column_container vc_column_container col child_column padding-10-percent inherit_tablet inherit_phone\" data-cfc=\"true\" data-using-bg=\"true\" data-t-w-inherits=\"default\" data-bg-cover=\"true\" data-padding-pos=\"all\" data-has-bg-color=\"true\" data-bg-color=\"#000000\" data-bg-opacity=\"0.4\" data-hover-bg=\"\" data-hover-bg-opacity=\"1\" data-animation=\"\" data-delay=\"0\">\n\t\t<div class=\"vc_column-inner\" ><a class=\"column-link\" target=\"_self\" href=\"\/fr\/upper-miramichi\/\"><\/a><div class=\"column-image-bg-wrap\" data-bg-pos=\"center center\" data-bg-animation=\"none\"><div class=\"inner-wrap\"><div class=\"column-image-bg\" style=\" background-image: url('https:\/\/investinmiramichi.ca\/wp-content\/uploads\/2023\/09\/uppermiramichi-1.jpg'); \"><\/div><\/div><\/div><div class=\"column-bg-overlay-wrap\" data-bg-animation=\"none\"><div class=\"column-bg-overlay\" style=\"opacity: 0.4; background-color: #000000;\"><\/div><\/div>\n\t\t<div class=\"wpb_wrapper\">\n\t\t\t\r\n<div class=\"wpb_text_column wpb_content_element\" >\r\n\t<div class=\"wpb_wrapper\">\r\n\t\t<h3 style=\"text-align: center;\">Upper Miramichi<\/h3>\n\t<\/div>\r\n<\/div>\r\n\r\n\r\n\r\n\n\t\t<\/div> \n\t<\/div>\n\t<\/div> \n\n\t<div style=\" color: #ffffff;\" class=\"vc_col-sm-4 wpb_column column_container vc_column_container col child_column padding-10-percent inherit_tablet inherit_phone\" data-cfc=\"true\" data-using-bg=\"true\" data-t-w-inherits=\"default\" data-bg-cover=\"true\" data-padding-pos=\"all\" data-has-bg-color=\"true\" data-bg-color=\"#000000\" data-bg-opacity=\"0.4\" data-hover-bg=\"\" data-hover-bg-opacity=\"1\" data-animation=\"\" data-delay=\"0\">\n\t\t<div class=\"vc_column-inner\" ><a class=\"column-link\" target=\"_self\" href=\"\/fr\/doaktown\/\"><\/a><div class=\"column-image-bg-wrap\" data-bg-pos=\"center center\" data-bg-animation=\"none\"><div class=\"inner-wrap\"><div class=\"column-image-bg\" style=\" background-image: url('https:\/\/investinmiramichi.ca\/wp-content\/uploads\/2023\/09\/bridge1080X493-1.jpg'); \"><\/div><\/div><\/div><div class=\"column-bg-overlay-wrap\" data-bg-animation=\"none\"><div class=\"column-bg-overlay\" style=\"opacity: 0.4; background-color: #000000;\"><\/div><\/div>\n\t\t<div class=\"wpb_wrapper\">\n\t\t\t\r\n<div class=\"wpb_text_column wpb_content_element\" >\r\n\t<div class=\"wpb_wrapper\">\r\n\t\t<h3 style=\"text-align: center;\">Doaktown<\/h3>\n\t<\/div>\r\n<\/div>\r\n\r\n\r\n\r\n\n\t\t<\/div> \n\t<\/div>\n\t<\/div> \n<\/div><\/div><div id=\"fws_69f4454e23237\" data-midnight=\"\" data-column-margin=\"50px\" class=\"wpb_row vc_row-fluid vc_row inner_row  vc_row-o-equal-height vc_row-flex  vc_row-o-content-bottom standard_section\"  style=\"padding-top: 2%; padding-bottom: 0px; \"><div class=\"row-bg-wrap\"> <div class=\"row-bg\" ><\/div> <\/div><div class=\"row_col_wrap_12_inner col span_12  left\">\n\t<div style=\" color: #ffffff;\" class=\"vc_col-sm-4 wpb_column column_container vc_column_container col child_column padding-10-percent inherit_tablet inherit_phone\" data-cfc=\"true\" data-using-bg=\"true\" data-t-w-inherits=\"default\" data-bg-cover=\"true\" data-padding-pos=\"all\" data-has-bg-color=\"true\" data-bg-color=\"#000000\" data-bg-opacity=\"0.4\" data-hover-bg=\"\" data-hover-bg-opacity=\"1\" data-animation=\"\" data-delay=\"0\">\n\t\t<div class=\"vc_column-inner\" ><a class=\"column-link\" target=\"_self\" href=\"\/fr\/miramichi-river-valley\/\"><\/a><div class=\"column-image-bg-wrap\" data-bg-pos=\"center center\" data-bg-animation=\"none\"><div class=\"inner-wrap\"><div class=\"column-image-bg\" style=\" background-image: url('https:\/\/investinmiramichi.ca\/wp-content\/uploads\/2023\/09\/miramichirivervalley-1.png'); \"><\/div><\/div><\/div><div class=\"column-bg-overlay-wrap\" data-bg-animation=\"none\"><div class=\"column-bg-overlay\" style=\"opacity: 0.4; background-color: #000000;\"><\/div><\/div>\n\t\t<div class=\"wpb_wrapper\">\n\t\t\t\r\n<div class=\"wpb_text_column wpb_content_element\" >\r\n\t<div class=\"wpb_wrapper\">\r\n\t\t<h3 style=\"text-align: center;\">Vall\u00e9e de la rivi\u00e8re Miramichi<\/h3>\n\t<\/div>\r\n<\/div>\r\n\r\n\r\n\r\n\n\t\t<\/div> \n\t<\/div>\n\t<\/div> \n\n\t<div  class=\"vc_col-sm-4 wpb_column column_container vc_column_container col child_column no-extra-padding inherit_tablet inherit_phone\"   data-t-w-inherits=\"default\" data-bg-cover=\"\" data-padding-pos=\"all\" data-has-bg-color=\"false\" data-bg-color=\"\" data-bg-opacity=\"1\" data-hover-bg=\"\" data-hover-bg-opacity=\"1\" data-animation=\"\" data-delay=\"0\">\n\t\t<div class=\"vc_column-inner\" ><div class=\"column-bg-overlay-wrap\" data-bg-animation=\"none\"><div class=\"column-bg-overlay\"><\/div><\/div>\n\t\t<div class=\"wpb_wrapper\">\n\t\t\t\n\t\t<\/div> \n\t<\/div>\n\t<\/div> \n\n\t<div style=\" color: #ffffff;\" class=\"vc_col-sm-4 wpb_column column_container vc_column_container col child_column padding-10-percent inherit_tablet inherit_phone\" data-cfc=\"true\" data-using-bg=\"true\" data-t-w-inherits=\"default\" data-bg-cover=\"true\" data-padding-pos=\"all\" data-has-bg-color=\"true\" data-bg-color=\"#000000\" data-bg-opacity=\"0.4\" data-hover-bg=\"\" data-hover-bg-opacity=\"1\" data-animation=\"\" data-delay=\"0\">\n\t\t<div class=\"vc_column-inner\" ><a class=\"column-link\" target=\"_self\" href=\"https:\/\/investinmiramichi.ca\/fr\/city-of-miramichi\/\"><\/a><div class=\"column-image-bg-wrap\" data-bg-pos=\"center center\" data-bg-animation=\"none\"><div class=\"inner-wrap\"><div class=\"column-image-bg\" style=\" background-image: url('https:\/\/investinmiramichi.ca\/wp-content\/uploads\/2023\/09\/miramichi-1.jpg'); \"><\/div><\/div><\/div><div class=\"column-bg-overlay-wrap\" data-bg-animation=\"none\"><div class=\"column-bg-overlay\" style=\"opacity: 0.4; background-color: #000000;\"><\/div><\/div>\n\t\t<div class=\"wpb_wrapper\">\n\t\t\t\r\n<div class=\"wpb_text_column wpb_content_element\" >\r\n\t<div class=\"wpb_wrapper\">\r\n\t\t<h3 style=\"text-align: center;\">Ville de Miramichi<\/h3>\n\t<\/div>\r\n<\/div>\r\n\r\n\r\n\r\n\n\t\t<\/div> \n\t<\/div>\n\t<\/div> \n<\/div><\/div>\n\t\t\t<\/div> \n\t\t<\/div>\n\t<\/div> \n<\/div><\/div>\n\t\t<div id=\"fws_69f4454e23fbe\"  data-column-margin=\"default\" data-midnight=\"dark\"  class=\"wpb_row vc_row-fluid vc_row standard_section\"  style=\"padding-top: 0px; padding-bottom: 0px; \"><div class=\"row-bg-wrap\" data-bg-animation=\"none\" data-bg-overlay=\"false\"><div class=\"inner-wrap\"><div class=\"row-bg\"  style=\"\"><\/div><\/div><div class=\"row-bg-overlay\" ><\/div><\/div><div class=\"row_col_wrap_12 col span_12 dark left\">\n\t<div  class=\"vc_col-sm-12 wpb_column column_container vc_column_container col no-extra-padding inherit_tablet inherit_phone\"  data-t-w-inherits=\"default\" data-bg-cover=\"\" data-padding-pos=\"all\" data-has-bg-color=\"false\" data-bg-color=\"\" data-bg-opacity=\"1\" data-hover-bg=\"\" data-hover-bg-opacity=\"1\" data-animation=\"\" data-delay=\"0\" >\n\t\t<div class=\"vc_column-inner\" ><div class=\"column-bg-overlay-wrap\" data-bg-animation=\"none\"><div class=\"column-bg-overlay\"><\/div><\/div>\n\t\t\t<div class=\"wpb_wrapper\">\n\t\t\t\t<div id=\"fws_69f4454e24331\" data-midnight=\"\" data-column-margin=\"default\" class=\"wpb_row vc_row-fluid vc_row inner_row standard_section\"  style=\"padding-top: 0px; padding-bottom: 0px; \"><div class=\"row-bg-wrap\"> <div class=\"row-bg\" ><\/div> <\/div><div class=\"row_col_wrap_12_inner col span_12  left\">\n\t<div  class=\"vc_col-sm-12 wpb_column column_container vc_column_container col child_column no-extra-padding inherit_tablet inherit_phone\"   data-t-w-inherits=\"default\" data-bg-cover=\"\" data-padding-pos=\"all\" data-has-bg-color=\"false\" data-bg-color=\"\" data-bg-opacity=\"1\" data-hover-bg=\"\" data-hover-bg-opacity=\"1\" data-animation=\"\" data-delay=\"0\">\n\t\t<div class=\"vc_column-inner\" ><div class=\"column-bg-overlay-wrap\" data-bg-animation=\"none\"><div class=\"column-bg-overlay\"><\/div><\/div>\n\t\t<div class=\"wpb_wrapper\">\n\t\t\t\r\n<div class=\"wpb_text_column wpb_content_element  vc_custom_1699494558756\" >\r\n\t<div class=\"wpb_wrapper\">\r\n\t\t<div id=\"mapplic-id1499\" data-mapdata=\"{&quot;mapwidth&quot;:&quot;1200&quot;,&quot;mapheight&quot;:&quot;800&quot;,&quot;action&quot;:&quot;tooltip&quot;,&quot;maxscale&quot;:&quot;3&quot;,&quot;fullscreen&quot;:false,&quot;hovertip&quot;:true,&quot;hovertipdesc&quot;:false,&quot;smartip&quot;:false,&quot;deeplinking&quot;:true,&quot;linknewtab&quot;:false,&quot;minimap&quot;:false,&quot;animations&quot;:false,&quot;zoom&quot;:true,&quot;zoombuttons&quot;:true,&quot;clearbutton&quot;:true,&quot;zoomoutclose&quot;:true,&quot;closezoomout&quot;:true,&quot;mousewheel&quot;:true,&quot;mapfill&quot;:false,&quot;sidebar&quot;:false,&quot;search&quot;:false,&quot;searchdescription&quot;:false,&quot;alphabetic&quot;:false,&quot;thumbholder&quot;:false,&quot;sidebartoggle&quot;:false,&quot;filtersopened&quot;:false,&quot;highlight&quot;:false,&quot;customcss&quot;:&quot;&quot;,&quot;levels&quot;:[{&quot;id&quot;:&quot;miramichi&quot;,&quot;title&quot;:&quot;Miramichi&quot;,&quot;map&quot;:&quot;\\\/\\\/investinmiramichi.ca\\\/wp-content\\\/uploads\\\/2023\\\/11\\\/MiramichiFilledIn2.svg&quot;,&quot;minimap&quot;:&quot;&quot;}],&quot;styles&quot;:[],&quot;categories&quot;:[],&quot;locations&quot;:[{&quot;title&quot;:&quot;Alnwick&quot;,&quot;id&quot;:&quot;alnwick&quot;,&quot;pin&quot;:&quot;pin-triangle pin-label&quot;,&quot;fill&quot;:&quot;#f2e30e&quot;,&quot;link&quot;:&quot;https:\\\/\\\/investinmiramichi.ca\\\/alnwick\\\/&quot;,&quot;image&quot;:&quot;https:\\\/\\\/investinmiramichi.ca\\\/wp-content\\\/uploads\\\/2023\\\/09\\\/alnwick-1.png&quot;,&quot;action&quot;:&quot;default&quot;,&quot;x&quot;:&quot;0.7606&quot;,&quot;y&quot;:&quot;0.2536&quot;,&quot;level&quot;:&quot;miramichi&quot;,&quot;color&quot;:&quot;#f2e30e&quot;},{&quot;title&quot;:&quot;City of Miramichi&quot;,&quot;id&quot;:&quot;citymiramichi&quot;,&quot;pin&quot;:&quot;pin-triangle pin-label&quot;,&quot;fill&quot;:&quot;#f7a400&quot;,&quot;link&quot;:&quot;https:\\\/\\\/investinmiramichi.ca\\\/city-of-miramichi\\\/&quot;,&quot;image&quot;:&quot;https:\\\/\\\/investinmiramichi.ca\\\/wp-content\\\/uploads\\\/2023\\\/09\\\/miramichi-1.jpg&quot;,&quot;action&quot;:&quot;default&quot;,&quot;x&quot;:&quot;0.6761&quot;,&quot;y&quot;:&quot;0.4275&quot;,&quot;level&quot;:&quot;miramichi&quot;,&quot;color&quot;:&quot;#f7a400&quot;},{&quot;title&quot;:&quot;Miramichi River Valley&quot;,&quot;id&quot;:&quot;rivervalley&quot;,&quot;pin&quot;:&quot;pin-triangle pin-label&quot;,&quot;fill&quot;:&quot;#742500&quot;,&quot;link&quot;:&quot;https:\\\/\\\/investinmiramichi.ca\\\/miramichi-river-valley\\\/&quot;,&quot;image&quot;:&quot;https:\\\/\\\/investinmiramichi.ca\\\/wp-content\\\/uploads\\\/2023\\\/09\\\/miramichirivervalley-1.png&quot;,&quot;action&quot;:&quot;default&quot;,&quot;x&quot;:&quot;0.6154&quot;,&quot;y&quot;:&quot;0.5152&quot;,&quot;level&quot;:&quot;miramichi&quot;,&quot;color&quot;:&quot;#742500&quot;},{&quot;title&quot;:&quot;Doaktown&quot;,&quot;id&quot;:&quot;doaktown&quot;,&quot;pin&quot;:&quot;pin-triangle pin-label&quot;,&quot;fill&quot;:&quot;#005974&quot;,&quot;link&quot;:&quot;https:\\\/\\\/investinmiramichi.ca\\\/doaktown\\\/&quot;,&quot;image&quot;:&quot;https:\\\/\\\/investinmiramichi.ca\\\/wp-content\\\/uploads\\\/2023\\\/09\\\/bridge1080X493-1.jpg&quot;,&quot;action&quot;:&quot;default&quot;,&quot;x&quot;:&quot;0.5005&quot;,&quot;y&quot;:&quot;0.7493&quot;,&quot;level&quot;:&quot;miramichi&quot;,&quot;color&quot;:&quot;#005974&quot;},{&quot;title&quot;:&quot;Upper Miramichi&quot;,&quot;id&quot;:&quot;upper&quot;,&quot;pin&quot;:&quot;pin-triangle pin-label&quot;,&quot;fill&quot;:&quot;#009324&quot;,&quot;link&quot;:&quot;https:\\\/\\\/investinmiramichi.ca\\\/upper-miramichi\\\/&quot;,&quot;image&quot;:&quot;https:\\\/\\\/investinmiramichi.ca\\\/wp-content\\\/uploads\\\/2023\\\/09\\\/uppermiramichi-1.jpg&quot;,&quot;action&quot;:&quot;default&quot;,&quot;x&quot;:&quot;0.3868&quot;,&quot;y&quot;:&quot;0.7021&quot;,&quot;level&quot;:&quot;miramichi&quot;,&quot;color&quot;:&quot;#009324&quot;}]}\" data-0=\"\" data-1=\"id=\"h-attribute\">automobile<\/span>\"\"><\/div>\n\t<\/div>\r\n<\/div>\r\n\r\n\r\n\r\n\n\t\t<\/div> \n\t<\/div>\n\t<\/div> \n<\/div><\/div>\n\t\t\t<\/div> \n\t\t<\/div>\n\t<\/div> \n<\/div><\/div>","protected":false},"excerpt":{"rendered":"La r\u00e9gion de Miramichi offre des avantages cl\u00e9s qui permettent aux entreprises de prosp\u00e9rer. Des communaut\u00e9s diversifi\u00e9es pr\u00eates \u00e0 \u00eatre d\u00e9velopp\u00e9es. Notre objectif est de tirer parti des forces locales et r\u00e9gionales en mati\u00e8re d'agriculture et de...","protected":false},"author":3,"featured_media":0,"parent":0,"menu_order":0,"comment_status":"closed","ping_status":"closed","template":"","meta":{"_acf_changed":false,"footnotes":""},"acf":[],"yoast_head":"<!-- This site is optimized with the Yoast SEO plugin v21.7 - https:\/\/yoast.com\/wordpress\/plugins\/seo\/ -->\n<title>Invest\/Investir Miramichi - Miramichi Economic Development<\/title>\n<meta name=\"description\" content=\"Miramichi Economic Development - Open for new ideas, opportunities and people. Your future starts in Miramichi!\" \/>\n<meta name=\"robots\" content=\"index, follow, max-snippet:-1, max-image-preview:large, max-video-preview:-1\" \/>\n<link rel=\"canonical\" href=\"https:\/\/investinmiramichi.ca\/fr\/nouveau-foyer\/\" \/>\n<meta property=\"og:locale\" content=\"fr_CA\" \/>\n<meta property=\"og:type\" content=\"article\" \/>\n<meta property=\"og:title\" content=\"Invest\/Investir Miramichi - Miramichi Economic Development\" \/>\n<meta property=\"og:description\" content=\"Miramichi Economic Development - Open for new ideas, opportunities and people. Your future starts in Miramichi!\" \/>\n<meta property=\"og:url\" content=\"https:\/\/investinmiramichi.ca\/fr\/nouveau-foyer\/\" \/>\n<meta property=\"og:site_name\" content=\"Invest\/Investir Miramichi\" \/>\n<meta property=\"article:modified_time\" content=\"2023-11-09T02:27:44+00:00\" \/>\n<meta name=\"twitter:card\" content=\"summary_large_image\" \/>\n<meta name=\"twitter:label1\" content=\"Estimation du temps de lecture\" \/>\n\t<meta name=\"twitter:data1\" content=\"2 minutes\" \/>\n<script type=\"application\/ld+json\" class=\"yoast-schema-graph\">{\"@context\":\"https:\/\/schema.org\",\"@graph\":[{\"@type\":\"WebPage\",\"@id\":\"https:\/\/investinmiramichi.ca\/new-home\/\",\"url\":\"https:\/\/investinmiramichi.ca\/new-home\/\",\"name\":\"Invest\/Investir Miramichi - Miramichi Economic Development\",\"isPartOf\":{\"@id\":\"https:\/\/investinmiramichi.ca\/#website\"},\"datePublished\":\"2023-09-13T20:47:00+00:00\",\"dateModified\":\"2023-11-09T02:27:44+00:00\",\"description\":\"Miramichi Economic Development - Open for new ideas, opportunities and people. Your future starts in Miramichi!\",\"breadcrumb\":{\"@id\":\"https:\/\/investinmiramichi.ca\/new-home\/#breadcrumb\"},\"inLanguage\":\"fr-CA\",\"potentialAction\":[{\"@type\":\"ReadAction\",\"target\":[\"https:\/\/investinmiramichi.ca\/new-home\/\"]}]},{\"@type\":\"BreadcrumbList\",\"@id\":\"https:\/\/investinmiramichi.ca\/new-home\/#breadcrumb\",\"itemListElement\":[{\"@type\":\"ListItem\",\"position\":1,\"name\":\"Home\",\"item\":\"https:\/\/investinmiramichi.ca\/\"},{\"@type\":\"ListItem\",\"position\":2,\"name\":\"Home\"}]},{\"@type\":\"WebSite\",\"@id\":\"https:\/\/investinmiramichi.ca\/#website\",\"url\":\"https:\/\/investinmiramichi.ca\/\",\"name\":\"Invest\/Investir Miramichi\",\"description\":\"Miramichi Economic Development\",\"potentialAction\":[{\"@type\":\"SearchAction\",\"target\":{\"@type\":\"EntryPoint\",\"urlTemplate\":\"https:\/\/investinmiramichi.ca\/?s={search_term_string}\"},\"query-input\":\"required name=search_term_string\"}],\"inLanguage\":\"fr-CA\"}]}<\/script>\n<!-- \/ Yoast SEO plugin. -->","yoast_head_json":{"title":"Investir\/Investir Miramichi - D\u00e9veloppement \u00e9conomique de Miramichi","description":"D\u00e9veloppement \u00e9conomique de la Miramichi - Ouvert aux nouvelles id\u00e9es, opportunit\u00e9s et personnes. Votre avenir commence \u00e0 Miramichi !","robots":{"index":"index","follow":"follow","max-snippet":"max-snippet:-1","max-image-preview":"max-image-preview:large","max-video-preview":"max-video-preview:-1"},"canonical":"https:\/\/investinmiramichi.ca\/fr\/nouveau-foyer\/","og_locale":"fr_CA","og_type":"article","og_title":"Invest\/Investir Miramichi - Miramichi Economic Development","og_description":"Miramichi Economic Development - Open for new ideas, opportunities and people. Your future starts in Miramichi!","og_url":"https:\/\/investinmiramichi.ca\/fr\/nouveau-foyer\/","og_site_name":"Invest\/Investir Miramichi","article_modified_time":"2023-11-09T02:27:44+00:00","twitter_card":"summary_large_image","twitter_misc":{"Estimation du temps de lecture":"2 minutes"},"schema":{"@context":"https:\/\/schema.org","@graph":[{"@type":"WebPage","@id":"https:\/\/investinmiramichi.ca\/new-home\/","url":"https:\/\/investinmiramichi.ca\/new-home\/","name":"Investir\/Investir Miramichi - D\u00e9veloppement \u00e9conomique de Miramichi","isPartOf":{"@id":"https:\/\/investinmiramichi.ca\/#website"},"datePublished":"2023-09-13T20:47:00+00:00","dateModified":"2023-11-09T02:27:44+00:00","description":"D\u00e9veloppement \u00e9conomique de la Miramichi - Ouvert aux nouvelles id\u00e9es, opportunit\u00e9s et personnes. Votre avenir commence \u00e0 Miramichi !","breadcrumb":{"@id":"https:\/\/investinmiramichi.ca\/new-home\/#breadcrumb"},"inLanguage":"fr-CA","potentialAction":[{"@type":"ReadAction","target":["https:\/\/investinmiramichi.ca\/new-home\/"]}]},{"@type":"BreadcrumbList","@id":"https:\/\/investinmiramichi.ca\/new-home\/#breadcrumb","itemListElement":[{"@type":"ListItem","position":1,"name":"Home","item":"https:\/\/investinmiramichi.ca\/"},{"@type":"ListItem","position":2,"name":"Home"}]},{"@type":"WebSite","@id":"https:\/\/investinmiramichi.ca\/#website","url":"https:\/\/investinmiramichi.ca\/","name":"Investir\/investir \u00e0 Miramichi","description":"D\u00e9veloppement \u00e9conomique de la Miramichi","potentialAction":[{"@type":"SearchAction","target":{"@type":"EntryPoint","urlTemplate":"https:\/\/investinmiramichi.ca\/?s={search_term_string}"},"query-input":"required name=search_term_string"}],"inLanguage":"fr-CA"}]}},"_links":{"self":[{"href":"https:\/\/investinmiramichi.ca\/fr\/wp-json\/wp\/v2\/pages\/1352"}],"collection":[{"href":"https:\/\/investinmiramichi.ca\/fr\/wp-json\/wp\/v2\/pages"}],"about":[{"href":"https:\/\/investinmiramichi.ca\/fr\/wp-json\/wp\/v2\/types\/page"}],"author":[{"embeddable":true,"href":"https:\/\/investinmiramichi.ca\/fr\/wp-json\/wp\/v2\/users\/3"}],"replies":[{"embeddable":true,"href":"https:\/\/investinmiramichi.ca\/fr\/wp-json\/wp\/v2\/comments?post=1352"}],"version-history":[{"count":3,"href":"https:\/\/investinmiramichi.ca\/fr\/wp-json\/wp\/v2\/pages\/1352\/revisions"}],"predecessor-version":[{"id":1519,"href":"https:\/\/investinmiramichi.ca\/fr\/wp-json\/wp\/v2\/pages\/1352\/revisions\/1519"}],"wp:attachment":[{"href":"https:\/\/investinmiramichi.ca\/fr\/wp-json\/wp\/v2\/media?parent=1352"}],"curies":[{"name":"wp","href":"https:\/\/api.w.org\/{rel}","templated":true}]}}