{"id":1530,"date":"2023-12-12T21:06:39","date_gmt":"2023-12-12T21:06:39","guid":{"rendered":"https:\/\/investinmiramichi.ca\/?page_id=1530"},"modified":"2023-12-18T19:01:30","modified_gmt":"2023-12-18T19:01:30","slug":"housing","status":"publish","type":"page","link":"https:\/\/investinmiramichi.ca\/fr\/logement\/","title":{"rendered":"Propri\u00e9t\u00e9s exc\u00e9dentaires"},"content":{"rendered":"<div id=\"fws_69f49d33a74aa\"  data-column-margin=\"default\" data-midnight=\"light\" data-top-percent=\"4%\" data-bottom-percent=\"4%\"  class=\"wpb_row vc_row-fluid vc_row full-width-section standard_section\"  style=\"padding-top: calc(100vw * 0.04); padding-bottom: calc(100vw * 0.04); \"><div class=\"row-bg-wrap\" data-bg-animation=\"none\" data-bg-overlay=\"true\"><div class=\"inner-wrap\"><div class=\"row-bg\"  style=\"\"><\/div><\/div><div class=\"row-bg-overlay\" style=\"background: #0025dc; background: linear-gradient(135deg,#0025dc 0%,#55c8dc 100%);  opacity: 0.8; \"><\/div><\/div><div class=\"row_col_wrap_12 col span_12 light left\">\n\t<div  class=\"vc_col-sm-3 wpb_column column_container vc_column_container col centered-text no-extra-padding inherit_tablet inherit_phone\"  data-t-w-inherits=\"default\" data-bg-cover=\"\" data-padding-pos=\"all\" data-has-bg-color=\"false\" data-bg-color=\"\" data-bg-opacity=\"1\" data-hover-bg=\"\" data-hover-bg-opacity=\"1\" data-animation=\"\" data-delay=\"0\" >\n\t\t<div class=\"vc_column-inner\" ><div class=\"column-bg-overlay-wrap\" data-bg-animation=\"none\"><div class=\"column-bg-overlay\"><\/div><\/div>\n\t\t\t<div class=\"wpb_wrapper\">\n\t\t\t\t<div class=\"nectar_icon_wrap\" data-style=\"soft-bg\" data-draw=\"\" data-border-thickness=\"2px\" data-padding=\"20px\" data-color=\"extra-color-1\" style=\"\" >\r\n\t\t<div class=\"nectar_icon\" ><i style=\"font-size: 100px; line-height: 150px; height: 150px; width: 150px;\" class=\"iconsmind-Warehouse\"><\/i><\/div>\r\n\t<\/div>\n\t\t\t<\/div> \n\t\t<\/div>\n\t<\/div> \n\n\t<div  class=\"vc_col-sm-9 wpb_column column_container vc_column_container col no-extra-padding inherit_tablet inherit_phone\"  data-t-w-inherits=\"default\" data-bg-cover=\"\" data-padding-pos=\"all\" data-has-bg-color=\"false\" data-bg-color=\"\" data-bg-opacity=\"1\" data-hover-bg=\"\" data-hover-bg-opacity=\"1\" data-animation=\"\" data-delay=\"0\" >\n\t\t<div class=\"vc_column-inner\" ><div class=\"column-bg-overlay-wrap\" data-bg-animation=\"none\"><div class=\"column-bg-overlay\"><\/div><\/div>\n\t\t\t<div class=\"wpb_wrapper\">\n\t\t\t\t<h2 style=\"text-align: left\" class=\"vc_custom_heading\" >Propri\u00e9t\u00e9s exc\u00e9dentaires<\/h2><div id=\"fws_69f49d33a7fb3\" data-midnight=\"\" data-column-margin=\"default\" class=\"wpb_row vc_row-fluid vc_row inner_row standard_section\"  style=\"padding-top: 0px; padding-bottom: 0px; \"><div class=\"row-bg-wrap\"> <div class=\"row-bg\" ><\/div> <\/div><div class=\"row_col_wrap_12_inner col span_12  left\">\n\t<div  class=\"vc_col-sm-12 wpb_column column_container vc_column_container col child_column no-extra-padding inherit_tablet inherit_phone\"   data-t-w-inherits=\"default\" data-bg-cover=\"\" data-padding-pos=\"all\" data-has-bg-color=\"false\" data-bg-color=\"\" data-bg-opacity=\"1\" data-hover-bg=\"\" data-hover-bg-opacity=\"1\" data-animation=\"\" data-delay=\"0\">\n\t\t<div class=\"vc_column-inner\" ><div class=\"column-bg-overlay-wrap\" data-bg-animation=\"none\"><div class=\"column-bg-overlay\"><\/div><\/div>\n\t\t<div class=\"wpb_wrapper\">\n\t\t\t\r\n<div class=\"wpb_text_column wpb_content_element\" >\r\n\t<div class=\"wpb_wrapper\">\r\n\t\t<p>La Ville de Miramichi a fait de la facilitation de la construction de logements dans notre collectivit\u00e9 l'une de ses principales priorit\u00e9s. Nous avons mis en place des incitatifs financiers et fonciers qui peuvent aider les promoteurs admissibles \u00e0 r\u00e9aliser des projets admissibles.<\/p>\n\t<\/div>\r\n<\/div>\r\n\r\n\r\n\r\n\n\t\t<\/div> \n\t<\/div>\n\t<\/div> \n<\/div><\/div>\n\t\t\t<\/div> \n\t\t<\/div>\n\t<\/div> \n<\/div><\/div>\n\t\t<div id=\"fws_69f49d33a857f\"  data-column-margin=\"default\" data-midnight=\"dark\"  class=\"wpb_row vc_row-fluid vc_row full-width-content  vc_row-o-equal-height vc_row-flex  vc_row-o-content-middle standard_section\"  style=\"padding-top: 0px; padding-bottom: 0px; \"><div class=\"row-bg-wrap\" data-bg-animation=\"none\" data-bg-overlay=\"false\"><div class=\"inner-wrap\"><div class=\"row-bg using-bg-color\"  style=\"background-color: #000000; \"><\/div><\/div><div class=\"row-bg-overlay\" ><\/div><\/div><div class=\"row_col_wrap_12 col span_12 dark left\">\n\t<div style=\"\" class=\"vc_col-sm-5 wpb_column column_container vc_column_container col no-extra-padding inherit_tablet inherit_phone\" data-using-bg=\"true\" data-t-w-inherits=\"default\" data-bg-cover=\"\" data-padding-pos=\"all\" data-has-bg-color=\"false\" data-bg-color=\"\" data-bg-opacity=\"1\" data-hover-bg=\"\" data-hover-bg-opacity=\"1\" data-animation=\"\" data-delay=\"0\" >\n\t\t<div class=\"vc_column-inner\" ><div class=\"column-image-bg-wrap\" data-bg-pos=\"center center\" data-bg-animation=\"none\" data-bg-overlay=\"false\"><div class=\"inner-wrap\"><div class=\"column-image-bg\" style=\" background-image: url('https:\/\/investinmiramichi.ca\/wp-content\/uploads\/2023\/12\/playful-family-having-fun-while-relocating-in-thei-2023-11-27-05-24-13-utc-scaled.jpg'); \"><\/div><\/div><\/div><div class=\"column-bg-overlay-wrap\" data-bg-animation=\"none\"><div class=\"column-bg-overlay\"><\/div><\/div>\n\t\t\t<div class=\"wpb_wrapper\">\n\t\t\t\t\n\t\t\t<\/div> \n\t\t<\/div>\n\t<\/div> \n\n\t<div style=\"\" class=\"vc_col-sm-7 wpb_column column_container vc_column_container col padding-5-percent inherit_tablet inherit_phone\" data-using-bg=\"true\" data-t-w-inherits=\"default\" data-bg-cover=\"\" data-padding-pos=\"all\" data-has-bg-color=\"true\" data-bg-color=\"#ffffff\" data-bg-opacity=\"1\" data-hover-bg=\"\" data-hover-bg-opacity=\"1\" data-animation=\"\" data-delay=\"0\" >\n\t\t<div class=\"vc_column-inner\" ><div class=\"column-bg-overlay-wrap\" data-bg-animation=\"none\"><div class=\"column-bg-overlay\" style=\"opacity: 1; background-color: #ffffff;\"><\/div><\/div>\n\t\t\t<div class=\"wpb_wrapper\">\n\t\t\t\t<h6 style=\"color: #919191;text-align: left\" class=\"vc_custom_heading vc_custom_1702413127464\" >Les programmes suivants sont actuellement disponibles :<\/h6>\r\n<div class=\"wpb_text_column wpb_content_element\" >\r\n\t<div class=\"wpb_wrapper\">\r\n\t\t<h5>Incitations financi\u00e8res<\/h5>\n<p><a href=\"https:\/\/investinmiramichi.ca\/fr\/incentive\/programme-dincitation-au-logement-dans-les-centres-villes\/\" target=\"_blank\" rel=\"noopener\"><span style=\"text-decoration: underline;\">Programme d\u2019incitation au logement dans les centres-villes<\/span><\/a><\/p>\n<p>Attirer et retenir les r\u00e9sidents du centre-ville en encourageant la cr\u00e9ation de nouveaux logements dans les ZAC. Contribuer \u00e0 stimuler le d\u00e9veloppement d'entreprises, de services et d'activit\u00e9s \u00e0 plus forte valeur ajout\u00e9e. Augmenter les opportunit\u00e9s \u00e9conomiques, d'emploi et de divertissement dans le centre-ville. Aider financi\u00e8rement les propri\u00e9taires et investisseurs qualifi\u00e9s \u00e0 construire des logements autonomes dans les ZAC.<\/p>\n<p><span style=\"text-decoration: underline;\"><a href=\"https:\/\/investinmiramichi.ca\/fr\/incentive\/incitation-au-logement-abordable\/\" target=\"_blank\" rel=\"noopener\">Incitation au logement abordable<\/a><\/span><\/p>\n<p>Stimuler les options de logements inf\u00e9rieurs au march\u00e9, abordables et accessibles dans la ville de Miramichi. Encourager l'am\u00e9nagement de logements qui utilisent efficacement l'infrastructure municipale \u00e9tablie. Aider \u00e0 b\u00e2tir des quartiers dynamiques, durables et inclusifs.<\/p>\n<p>&nbsp;<\/p>\n<h5>Acquisition de terres<\/h5>\n<p>La Ville de Miramichi vise \u00e0 optimiser les terrains municipaux sous-utilis\u00e9s pour cr\u00e9er des possibilit\u00e9s de logement et \u00e0 \u00e9tablir des lignes directrices pour l'acquisition strat\u00e9gique de nouveaux terrains (p. ex. pour cr\u00e9er des possibilit\u00e9s de logement dans les centres-villes). En repositionnant et en mettant en r\u00e9serve ces biens, la ville cherche \u00e0 maximiser leur potentiel pour l'am\u00e9nagement de logements, \u00e0 cr\u00e9er des possibilit\u00e9s de logements abordables et \u00e0 assurer une base solide de r\u00e9sidents du noyau urbain qui soutiennent un centre-ville commercial et culturel fort, conform\u00e9ment au plan directeur des centres-villes de la ville.<\/p>\n<p>La ville a adopt\u00e9 un programme qui permet au personnel de c\u00e9der des biens exc\u00e9dentaires \u00e0 des fins de d\u00e9veloppement du logement. La carte suivante indique les propri\u00e9t\u00e9s qui ont \u00e9t\u00e9 d\u00e9clar\u00e9es exc\u00e9dentaires par le Conseil municipal :<\/p>\n<p style=\"text-align: center;font-size: 22px\"><a href=\"https:\/\/gmrsc.maps.arcgis.com\/apps\/dashboards\/f284b7c1752f457dae2f85f8d90f1756\" target=\"_blank\" rel=\"noopener\">Ville de Miramichi - Terrains exc\u00e9dentaires pour des projets de logement<\/a><\/p>\n\t<\/div>\r\n<\/div>\r\n\r\n\r\n\r\n\n\t\t\t<\/div> \n\t\t<\/div>\n\t<\/div> \n<\/div><\/div>\n\t\t<div id=\"fws_69f49d33a8f50\"  data-column-margin=\"default\" data-midnight=\"dark\"  class=\"wpb_row vc_row-fluid vc_row full-width-section standard_section\"  style=\"padding-top: 0px; padding-bottom: 0px; \"><div class=\"row-bg-wrap\" data-bg-animation=\"none\" data-bg-overlay=\"false\"><div class=\"inner-wrap\"><div class=\"row-bg using-bg-color\"  style=\"background-color: #ffffff; \"><\/div><\/div><div class=\"row-bg-overlay\" ><\/div><\/div><div class=\"row_col_wrap_12 col span_12 dark left\">\n\t<div  class=\"vc_col-sm-12 wpb_column column_container vc_column_container col no-extra-padding inherit_tablet inherit_phone\"  data-t-w-inherits=\"default\" data-bg-cover=\"\" data-padding-pos=\"all\" data-has-bg-color=\"false\" data-bg-color=\"\" data-bg-opacity=\"1\" data-hover-bg=\"\" data-hover-bg-opacity=\"1\" data-animation=\"\" data-delay=\"0\" >\n\t\t<div class=\"vc_column-inner\" ><div class=\"column-bg-overlay-wrap\" data-bg-animation=\"none\"><div class=\"column-bg-overlay\"><\/div><\/div>\n\t\t\t<div class=\"wpb_wrapper\">\n\t\t\t\t\r\n<div class=\"wpb_text_column wpb_content_element  vc_custom_1702414597396\" >\r\n\t<div class=\"wpb_wrapper\">\r\n\t\t<p>&nbsp;<\/p>\n<p style=\"text-align: center;\">Pour plus d'informations sur le programme, veuillez contacter<\/p>\n<p style=\"text-align: center;\">Paul R. McGraw, MA, EcD, TTCP<br \/>\nEconomic Development Officer\/Agent de d\u00e9veloppement \u00e9conomique<br \/>\nDepartment of Economic Development and Tourism\/D\u00e9partement du d\u00e9veloppement \u00e9conomique et tourisme<br \/>\nCity of Miramichi\/Ville de Miramichi<br \/>\n141 Henry St.\/141, rue Henry<br \/>\nMiramichi, NB E1V 2N5<br \/>\nCanada<br \/>\n(506) 623-5383 Direct<br \/>\nPaul.McGraw@Miramichi.org<\/p>\n<p>&nbsp;<\/p>\n\t<\/div>\r\n<\/div>\r\n\r\n\r\n\r\n\n\t\t\t<\/div> \n\t\t<\/div>\n\t<\/div> \n<\/div><\/div>","protected":false},"excerpt":{"rendered":"Logement La Ville de Miramichi a fait de la facilitation de la construction de logements dans notre collectivit\u00e9 l'une de ses principales priorit\u00e9s. Nous avons \u00e9tabli des incitatifs financiers et fonciers qui peuvent aider les...","protected":false},"author":3,"featured_media":0,"parent":0,"menu_order":0,"comment_status":"closed","ping_status":"closed","template":"","meta":{"_acf_changed":false,"footnotes":""},"acf":[],"yoast_head":"<!-- This site is optimized with the Yoast SEO plugin v21.7 - https:\/\/yoast.com\/wordpress\/plugins\/seo\/ -->\n<title>Housing - Invest\/Investir Miramichi<\/title>\n<meta name=\"robots\" content=\"index, follow, max-snippet:-1, max-image-preview:large, max-video-preview:-1\" \/>\n<link rel=\"canonical\" href=\"https:\/\/investinmiramichi.ca\/fr\/logement\/\" \/>\n<meta property=\"og:locale\" content=\"fr_CA\" \/>\n<meta property=\"og:type\" content=\"article\" \/>\n<meta property=\"og:title\" content=\"Housing - Invest\/Investir Miramichi\" \/>\n<meta property=\"og:url\" content=\"https:\/\/investinmiramichi.ca\/fr\/logement\/\" \/>\n<meta property=\"og:site_name\" content=\"Invest\/Investir Miramichi\" \/>\n<meta property=\"article:modified_time\" content=\"2023-12-18T19:01:30+00:00\" \/>\n<meta name=\"twitter:card\" content=\"summary_large_image\" \/>\n<script type=\"application\/ld+json\" class=\"yoast-schema-graph\">{\"@context\":\"https:\/\/schema.org\",\"@graph\":[{\"@type\":\"WebPage\",\"@id\":\"https:\/\/investinmiramichi.ca\/housing\/\",\"url\":\"https:\/\/investinmiramichi.ca\/housing\/\",\"name\":\"Housing - Invest\/Investir Miramichi\",\"isPartOf\":{\"@id\":\"https:\/\/investinmiramichi.ca\/#website\"},\"datePublished\":\"2023-12-12T21:06:39+00:00\",\"dateModified\":\"2023-12-18T19:01:30+00:00\",\"breadcrumb\":{\"@id\":\"https:\/\/investinmiramichi.ca\/housing\/#breadcrumb\"},\"inLanguage\":\"fr-CA\",\"potentialAction\":[{\"@type\":\"ReadAction\",\"target\":[\"https:\/\/investinmiramichi.ca\/housing\/\"]}]},{\"@type\":\"BreadcrumbList\",\"@id\":\"https:\/\/investinmiramichi.ca\/housing\/#breadcrumb\",\"itemListElement\":[{\"@type\":\"ListItem\",\"position\":1,\"name\":\"Home\",\"item\":\"https:\/\/investinmiramichi.ca\/\"},{\"@type\":\"ListItem\",\"position\":2,\"name\":\"Housing\"}]},{\"@type\":\"WebSite\",\"@id\":\"https:\/\/investinmiramichi.ca\/#website\",\"url\":\"https:\/\/investinmiramichi.ca\/\",\"name\":\"Invest\/Investir Miramichi\",\"description\":\"Miramichi Economic Development\",\"potentialAction\":[{\"@type\":\"SearchAction\",\"target\":{\"@type\":\"EntryPoint\",\"urlTemplate\":\"https:\/\/investinmiramichi.ca\/?s={search_term_string}\"},\"query-input\":\"required name=search_term_string\"}],\"inLanguage\":\"fr-CA\"}]}<\/script>\n<!-- \/ Yoast SEO plugin. -->","yoast_head_json":{"title":"Logement - Investir Miramichi","robots":{"index":"index","follow":"follow","max-snippet":"max-snippet:-1","max-image-preview":"max-image-preview:large","max-video-preview":"max-video-preview:-1"},"canonical":"https:\/\/investinmiramichi.ca\/fr\/logement\/","og_locale":"fr_CA","og_type":"article","og_title":"Housing - Invest\/Investir Miramichi","og_url":"https:\/\/investinmiramichi.ca\/fr\/logement\/","og_site_name":"Invest\/Investir Miramichi","article_modified_time":"2023-12-18T19:01:30+00:00","twitter_card":"summary_large_image","schema":{"@context":"https:\/\/schema.org","@graph":[{"@type":"WebPage","@id":"https:\/\/investinmiramichi.ca\/housing\/","url":"https:\/\/investinmiramichi.ca\/housing\/","name":"Logement - Investir Miramichi","isPartOf":{"@id":"https:\/\/investinmiramichi.ca\/#website"},"datePublished":"2023-12-12T21:06:39+00:00","dateModified":"2023-12-18T19:01:30+00:00","breadcrumb":{"@id":"https:\/\/investinmiramichi.ca\/housing\/#breadcrumb"},"inLanguage":"fr-CA","potentialAction":[{"@type":"ReadAction","target":["https:\/\/investinmiramichi.ca\/housing\/"]}]},{"@type":"BreadcrumbList","@id":"https:\/\/investinmiramichi.ca\/housing\/#breadcrumb","itemListElement":[{"@type":"ListItem","position":1,"name":"Home","item":"https:\/\/investinmiramichi.ca\/"},{"@type":"ListItem","position":2,"name":"Housing"}]},{"@type":"WebSite","@id":"https:\/\/investinmiramichi.ca\/#website","url":"https:\/\/investinmiramichi.ca\/","name":"Investir\/investir \u00e0 Miramichi","description":"D\u00e9veloppement \u00e9conomique de la Miramichi","potentialAction":[{"@type":"SearchAction","target":{"@type":"EntryPoint","urlTemplate":"https:\/\/investinmiramichi.ca\/?s={search_term_string}"},"query-input":"required name=search_term_string"}],"inLanguage":"fr-CA"}]}},"_links":{"self":[{"href":"https:\/\/investinmiramichi.ca\/fr\/wp-json\/wp\/v2\/pages\/1530"}],"collection":[{"href":"https:\/\/investinmiramichi.ca\/fr\/wp-json\/wp\/v2\/pages"}],"about":[{"href":"https:\/\/investinmiramichi.ca\/fr\/wp-json\/wp\/v2\/types\/page"}],"author":[{"embeddable":true,"href":"https:\/\/investinmiramichi.ca\/fr\/wp-json\/wp\/v2\/users\/3"}],"replies":[{"embeddable":true,"href":"https:\/\/investinmiramichi.ca\/fr\/wp-json\/wp\/v2\/comments?post=1530"}],"version-history":[{"count":6,"href":"https:\/\/investinmiramichi.ca\/fr\/wp-json\/wp\/v2\/pages\/1530\/revisions"}],"predecessor-version":[{"id":1602,"href":"https:\/\/investinmiramichi.ca\/fr\/wp-json\/wp\/v2\/pages\/1530\/revisions\/1602"}],"wp:attachment":[{"href":"https:\/\/investinmiramichi.ca\/fr\/wp-json\/wp\/v2\/media?parent=1530"}],"curies":[{"name":"wp","href":"https:\/\/api.w.org\/{rel}","templated":true}]}}