{"id":17,"date":"2020-11-03T17:26:24","date_gmt":"2020-11-03T17:26:24","guid":{"rendered":"http:\/\/miramichi.dev\/?page_id=17"},"modified":"2022-01-14T19:14:18","modified_gmt":"2022-01-14T19:14:18","slug":"why-miramichi","status":"publish","type":"page","link":"https:\/\/investinmiramichi.ca\/fr\/pouquoi-miramichi\/","title":{"rendered":"Pourquoi Miramichi"},"content":{"rendered":"<div id=\"fws_69f4a74b5282f\"  data-column-margin=\"default\" data-midnight=\"dark\"  class=\"wpb_row vc_row-fluid vc_row full-width-content  vc_row-o-equal-height vc_row-flex  vc_row-o-content-middle standard_section\"  style=\"padding-top: 0px; padding-bottom: 0px; \"><div class=\"row-bg-wrap\" data-bg-animation=\"none\" data-bg-overlay=\"false\"><div class=\"inner-wrap\"><div class=\"row-bg\"  style=\"\"><\/div><\/div><div class=\"row-bg-overlay\" ><\/div><\/div><div class=\"row_col_wrap_12 col span_12 dark left\">\n\t<div style=\"\" class=\"vc_col-sm-6 wpb_column column_container vc_column_container col no-extra-padding inherit_tablet inherit_phone\" data-using-bg=\"true\" data-t-w-inherits=\"default\" data-bg-cover=\"\" data-padding-pos=\"all\" data-has-bg-color=\"false\" data-bg-color=\"\" data-bg-opacity=\"1\" data-hover-bg=\"\" data-hover-bg-opacity=\"1\" data-animation=\"\" data-delay=\"0\" >\n\t\t<div class=\"vc_column-inner\" ><div class=\"column-image-bg-wrap\" data-bg-pos=\"center center\" data-bg-animation=\"none\" data-bg-overlay=\"false\"><div class=\"inner-wrap\"><div class=\"column-image-bg\" style=\" background-image: url('https:\/\/investinmiramichi.ca\/wp-content\/uploads\/2020\/11\/bridgenightlight.jpg'); \"><\/div><\/div><\/div><div class=\"column-bg-overlay-wrap\" data-bg-animation=\"none\"><div class=\"column-bg-overlay\"><\/div><\/div>\n\t\t\t<div class=\"wpb_wrapper\">\n\t\t\t\t\n\t\t\t<\/div> \n\t\t<\/div>\n\t<\/div> \n\n\t<div  class=\"vc_col-sm-6 wpb_column column_container vc_column_container col padding-6-percent inherit_tablet inherit_phone\"  data-t-w-inherits=\"default\" data-bg-cover=\"\" data-padding-pos=\"all\" data-has-bg-color=\"false\" data-bg-color=\"\" data-bg-opacity=\"1\" data-hover-bg=\"\" data-hover-bg-opacity=\"1\" data-animation=\"\" data-delay=\"0\" >\n\t\t<div class=\"vc_column-inner\" ><div class=\"column-bg-overlay-wrap\" data-bg-animation=\"none\"><div class=\"column-bg-overlay\"><\/div><\/div>\n\t\t\t<div class=\"wpb_wrapper\">\n\t\t\t\t<h2 style=\"font-size: 42px;line-height: 52px;text-align: left\" class=\"vc_custom_heading\" >D\u00e9couvrez la plaque tournante du nord-est<\/h2>\r\n<div class=\"wpb_text_column wpb_content_element  vc_custom_1614701103398\" >\r\n\t<div class=\"wpb_wrapper\">\r\n\t\t<p>Ancr\u00e9e autour de la puissante rivi\u00e8re Miramichi, la ville fait partie des grands espaces du Canada atlantique reconnus pour leurs parcs pittoresques en front de mer, leurs sites historiques et les exp\u00e9riences culturelles qu\u2019ils ont \u00e0 offrir.<\/p>\n\t<\/div>\r\n<\/div>\r\n\r\n\r\n\r\n\r\n<div class=\"wpb_text_column wpb_content_element  vc_custom_1614701173744\" >\r\n\t<div class=\"wpb_wrapper\">\r\n\t\t<p>Notre r\u00e9seau de coll\u00e8ges communautaires et les universit\u00e9s voisines offrent des programmes de formation d\u2019envergure et une capacit\u00e9 de recherche qui renforce notre main-d\u2019\u0153uvre qualifi\u00e9e. De plus, nous sommes situ\u00e9s \u00e0 proximit\u00e9 des principaux march\u00e9s nord-am\u00e9ricains, et nos excellentes liaisons de transport r\u00e9pondent aux exigences des march\u00e9s internationaux qui comptent sur un approvisionnement fiable en produits de qualit\u00e9.<\/p>\n\t<\/div>\r\n<\/div>\r\n\r\n\r\n\r\n<div class=\"nectar-cta\" data-color=\"default\" data-using-bg=\"false\" data-style=\"see-through\" data-display=\"block\" data-alignment=\"left\" data-text-color=\"custom\" ><p style=\"color: #55c8dc;\"> <span class=\"text\"> <\/span><span class=\"link_wrap\" ><a  class=\"link_text\" href=\"https:\/\/investinmiramichi.ca\/fr\/initiatives-et-mesures-incitatives\/\">Renseignez-vous sur nos mesures incitatives<span class=\"arrow\"><\/span><\/a><\/span><\/p><\/div>\n\t\t\t<\/div> \n\t\t<\/div>\n\t<\/div> \n<\/div><\/div>\n\t\t<div id=\"fws_69f4a74b55257\"  data-column-margin=\"default\" data-midnight=\"light\" data-top-percent=\"8%\" data-bottom-percent=\"8%\"  class=\"wpb_row vc_row-fluid vc_row full-width-section standard_section\"  style=\"padding-top: calc(100vw * 0.08); padding-bottom: calc(100vw * 0.08); \"><div class=\"row-bg-wrap\" data-bg-animation=\"none\" data-bg-overlay=\"false\"><div class=\"inner-wrap\"><div class=\"row-bg using-bg-color\"  style=\"background-color: #55c8dc; \"><\/div><\/div><div class=\"row-bg-overlay\" ><\/div><\/div><div class=\"nectar-shape-divider-wrap\" style=\" height:50%;\" data-using-percent-val=\"true\" data-front=\"\" data-style=\"straight_section\" data-position=\"bottom\" ><svg class=\"nectar-shape-divider\" fill=\"#ffffff\" xmlns=\"http:\/\/www.w3.org\/2000\/svg\" viewbox=\"0 0 100 10\" preserveaspectratio=\"none\"> <polygon points=\"104 10, 104 0, 0 0, 0 10\"> <\/svg><\/div><div class=\"row_col_wrap_12 col span_12 light left\">\n\t<div style=\"\" class=\"vc_col-sm-12 wpb_column column_container vc_column_container col centered-text padding-4-percent inherit_tablet inherit_phone\" data-using-bg=\"true\" data-t-w-inherits=\"default\" data-bg-cover=\"true\" data-padding-pos=\"left-right\" data-has-bg-color=\"false\" data-bg-color=\"\" data-bg-opacity=\"1\" data-hover-bg=\"\" data-hover-bg-opacity=\"1\" data-animation=\"\" data-delay=\"0\" >\n\t\t<div class=\"vc_column-inner\" ><div class=\"column-image-bg-wrap\" data-bg-pos=\"center center\" data-bg-animation=\"zoom-out\" data-bg-overlay=\"false\"><div class=\"inner-wrap\"><div class=\"column-image-bg\" style=\" background-image: url('https:\/\/investinmiramichi.ca\/wp-content\/uploads\/2021\/03\/Screen-Shot-2021-03-22-at-10.22.25-AM-e1616419969543.png'); \"><\/div><\/div><\/div><div class=\"column-bg-overlay-wrap\" data-bg-animation=\"zoom-out\"><div class=\"column-bg-overlay\"><\/div><\/div>\n\t\t\t<div class=\"wpb_wrapper\">\n\t\t\t\t<div class=\"divider-wrap height_tablet_20vh\" data-alignment=\"default\"><div style=\"height: 25vh;\" class=\"divider\"><\/div><\/div><div id=\"fws_69f4a74b55752\" data-midnight=\"\" data-column-margin=\"20px\" class=\"wpb_row vc_row-fluid vc_row inner_row standard_section\"  style=\"padding-top: 0px; padding-bottom: 0px; \"><div class=\"row-bg-wrap\"> <div class=\"row-bg\" ><\/div> <\/div><div class=\"row_col_wrap_12_inner col span_12  left\">\n\t<div  class=\"vc_col-sm-12 wpb_column column_container vc_column_container col child_column no-extra-padding inherit_tablet inherit_phone\"   data-t-w-inherits=\"default\" data-bg-cover=\"\" data-padding-pos=\"all\" data-has-bg-color=\"false\" data-bg-color=\"\" data-bg-opacity=\"1\" data-hover-bg=\"\" data-hover-bg-opacity=\"1\" data-animation=\"\" data-delay=\"0\">\n\t\t<div class=\"vc_column-inner\" ><div class=\"column-bg-overlay-wrap\" data-bg-animation=\"none\"><div class=\"column-bg-overlay\"><\/div><\/div>\n\t\t<div class=\"wpb_wrapper\">\n\t\t\t<a href=\"https:\/\/www.youtube.com\/watch?v=PAeXcTsZjxw\"  data-style=\"default\" data-parent-hover=\"\" data-font-style=\"p\" data-color=\"default\" class=\"play_button large nectar_video_lightbox pp\"><span><span class=\"play\"><span class=\"inner-wrap\"><svg version=\"1.1\"\r\n\t xmlns=\"http:\/\/www.w3.org\/2000\/svg\" xmlns:xlink=\"http:\/\/www.w3.org\/1999\/xlink\" width=\"600px\" height=\"800px\" x=\"0px\" y=\"0px\" viewbox=\"0 0 600 800\" enable-background=\"new 0 0 600 800\" xml:space=\"preserve\"><path fill=\"none\" d=\"M0-1.79v800L600,395L0-1.79z\"><\/path> <\/svg><\/span><\/span><\/span><\/a>\n\t\t<\/div> \n\t<\/div>\n\t<\/div> \n<\/div><\/div><div id=\"fws_69f4a74b55c05\" data-midnight=\"\" data-column-margin=\"none\" class=\"wpb_row vc_row-fluid vc_row inner_row standard_section\"  style=\"padding-top: 0px; padding-bottom: 0px; \"><div class=\"row-bg-wrap\"> <div class=\"row-bg\" ><\/div> <\/div><div class=\"row_col_wrap_12_inner col span_12  left\">\n\t<div  class=\"vc_col-sm-12 wpb_column column_container vc_column_container col child_column no-extra-padding inherit_tablet inherit_phone\"   data-t-w-inherits=\"default\" data-bg-cover=\"\" data-padding-pos=\"all\" data-has-bg-color=\"false\" data-bg-color=\"\" data-bg-opacity=\"1\" data-hover-bg=\"\" data-hover-bg-opacity=\"1\" data-animation=\"\" data-delay=\"0\">\n\t\t<div class=\"vc_column-inner\" ><div class=\"column-bg-overlay-wrap\" data-bg-animation=\"none\"><div class=\"column-bg-overlay\"><\/div><\/div>\n\t\t<div class=\"wpb_wrapper\">\n\t\t\t\r\n<div class=\"wpb_text_column wpb_content_element\" >\r\n\t<div class=\"wpb_wrapper\">\r\n\t\t<h2>Une perspective nouvelle, des occasion \u00e0 saisir<\/h2>\n\t<\/div>\r\n<\/div>\r\n\r\n\r\n\r\n\n\t\t<\/div> \n\t<\/div>\n\t<\/div> \n<\/div><\/div><div class=\"divider-wrap height_tablet_20vh\" data-alignment=\"default\"><div style=\"height: 25vh;\" class=\"divider\"><\/div><\/div>\n\t\t\t<\/div> \n\t\t<\/div>\n\t<\/div> \n<\/div><\/div>\n\t\t<div id=\"steps\"  data-column-margin=\"default\" data-midnight=\"light\" data-top-percent=\"8%\" data-bottom-percent=\"3%\"  class=\"wpb_row vc_row-fluid vc_row full-width-section  vc_row-o-equal-height vc_row-flex  vc_row-o-content-middle parallax_section\"  style=\"padding-top: calc(100vw * 0.08); padding-bottom: calc(100vw * 0.03); \"><div class=\"row-bg-wrap\" data-bg-animation=\"none\" data-bg-overlay=\"true\"><div class=\"inner-wrap using-image\"><div class=\"row-bg using-image\" data-parallax-speed=\"fast\" style=\"background-image: url(https:\/\/investinmiramichi.ca\/wp-content\/uploads\/2020\/11\/044-3-0253_jpeg-scaled.jpg); background-position: center center; background-repeat: no-repeat; \"><\/div><\/div><div class=\"row-bg-overlay\" style=\"background-color:#000000;  opacity: 0.8; \"><\/div><\/div><div class=\"row_col_wrap_12 col span_12 light left\">\n\t<div  class=\"vc_col-sm-12 vc_col-xs-12 wpb_column column_container vc_column_container col padding-2-percent inherit_tablet inherit_phone\"  data-t-w-inherits=\"default\" data-bg-cover=\"\" data-padding-pos=\"top-bottom\" data-has-bg-color=\"false\" data-bg-color=\"\" data-bg-opacity=\"1\" data-hover-bg=\"\" data-hover-bg-opacity=\"1\" data-animation=\"\" data-delay=\"0\" >\n\t\t<div class=\"vc_column-inner\" ><div class=\"column-bg-overlay-wrap\" data-bg-animation=\"none\"><div class=\"column-bg-overlay\"><\/div><\/div>\n\t\t\t<div class=\"wpb_wrapper\">\n\t\t\t\t<div id=\"fws_69f4a74b588fe\" data-midnight=\"\" data-column-margin=\"default\" class=\"wpb_row vc_row-fluid vc_row inner_row  vc_row-o-equal-height vc_row-flex  vc_row-o-content-middle standard_section\"  style=\"padding-top: 0px; padding-bottom: 4%; \"><div class=\"row-bg-wrap\"> <div class=\"row-bg\" ><\/div> <\/div><div class=\"row_col_wrap_12_inner col span_12  left\">\n\t<div  class=\"vc_col-sm-6 wpb_column column_container vc_column_container col child_column no-extra-padding inherit_tablet inherit_phone\"   data-t-w-inherits=\"default\" data-bg-cover=\"\" data-padding-pos=\"all\" data-has-bg-color=\"false\" data-bg-color=\"\" data-bg-opacity=\"1\" data-hover-bg=\"\" data-hover-bg-opacity=\"1\" data-animation=\"\" data-delay=\"0\">\n\t\t<div class=\"vc_column-inner\" ><div class=\"column-bg-overlay-wrap\" data-bg-animation=\"none\"><div class=\"column-bg-overlay\"><\/div><\/div>\n\t\t<div class=\"wpb_wrapper\">\n\t\t\t<h2 style=\"color: rgba(255,255,255,0.78);text-align: left\" class=\"vc_custom_heading vc_custom_1606327964320\" >La collectivit\u00e9 et son mode de vie<\/h2>\r\n<div class=\"wpb_text_column wpb_content_element  vc_custom_1614701276989\" >\r\n\t<div class=\"wpb_wrapper\">\r\n\t\t<p>Participez aux c\u00e9l\u00e9brations de l\u2019un de nos nombreux festivals d\u2019\u00e9t\u00e9. De splendides festivals d\u2019automne, des sentiers de motoneige bien entretenus et des sentiers de ski de fond \u00e9clair\u00e9s contribuent \u00e0 faire de Miramichi un milieu de vie id\u00e9al en toute saison.<\/p>\n\t<\/div>\r\n<\/div>\r\n\r\n\r\n\r\n\n\t\t<\/div> \n\t<\/div>\n\t<\/div> \n\n\t<div  class=\"vc_col-sm-6 wpb_column column_container vc_column_container col child_column no-extra-padding inherit_tablet inherit_phone\"   data-t-w-inherits=\"default\" data-bg-cover=\"\" data-padding-pos=\"all\" data-has-bg-color=\"false\" data-bg-color=\"\" data-bg-opacity=\"1\" data-hover-bg=\"\" data-hover-bg-opacity=\"1\" data-animation=\"\" data-delay=\"0\">\n\t\t<div class=\"vc_column-inner\" ><div class=\"column-bg-overlay-wrap\" data-bg-animation=\"none\"><div class=\"column-bg-overlay\"><\/div><\/div>\n\t\t<div class=\"wpb_wrapper\">\n\t\t\t\n\t\t<\/div> \n\t<\/div>\n\t<\/div> \n<\/div><\/div><div class=\"nectar-icon-list\" data-icon-color=\"extra-color-1\" data-icon-style=\"no-border\" data-columns=\"default\" data-direction=\"horizontal\" data-icon-size=\"medium\" data-animate=\"\"><div class=\"nectar-icon-list-item\"><div class=\"list-icon-holder\" data-icon_type=\"icon\"><i class=\"icon-default-style iconsmind-Heart2\" data-color=\"extra-color-1\"><\/i><\/div><div class=\"content\"><h4>Accueil chaleureux<\/h4><\/div><\/div><div class=\"nectar-icon-list-item\"><div class=\"list-icon-holder\" data-icon_type=\"icon\"><i class=\"icon-default-style iconsmind-Lighthouse\" data-color=\"extra-color-1\"><\/i><\/div><div class=\"content\"><h4>Riche histoire culturelle<\/h4><\/div><\/div><div class=\"nectar-icon-list-item\"><div class=\"list-icon-holder\" data-icon_type=\"icon\"><i class=\"icon-default-style iconsmind-Brush\" data-color=\"extra-color-1\"><\/i><\/div><div class=\"content\"><h4>Communaut\u00e9 artistique dynamique<\/h4><\/div><\/div><div class=\"nectar-icon-list-item\"><div class=\"list-icon-holder\" data-icon_type=\"icon\"><i class=\"icon-default-style iconsmind-Clothing-Store\" data-color=\"extra-color-1\"><\/i><\/div><div class=\"content\"><h4>Centre-ville anim\u00e9<\/h4><\/div><\/div><div class=\"nectar-icon-list-item\"><div class=\"list-icon-holder\" data-icon_type=\"icon\"><i class=\"icon-default-style iconsmind-Money-Bag\" data-color=\"extra-color-1\"><\/i><\/div><div class=\"content\"><h4>Faible co\u00fbt de la vie<\/h4><\/div><\/div><div class=\"nectar-icon-list-item\"><div class=\"list-icon-holder\" data-icon_type=\"icon\"><i class=\"icon-default-style iconsmind-Coffee\" data-color=\"extra-color-1\"><\/i><\/div><div class=\"content\"><h4>Sc\u00e8ne culinaire locale en plein essor<\/h4><\/div><\/div><\/div><div id=\"fws_69f4a74b59adb\" data-midnight=\"\" data-column-margin=\"default\" class=\"wpb_row vc_row-fluid vc_row inner_row standard_section\"  style=\"padding-top: 0px; padding-bottom: 0px; \"><div class=\"row-bg-wrap\"> <div class=\"row-bg\" ><\/div> <\/div><div class=\"row_col_wrap_12_inner col span_12  left\">\n\t<div  class=\"vc_col-sm-12 wpb_column column_container vc_column_container col child_column centered-text no-extra-padding inherit_tablet inherit_phone\"   data-t-w-inherits=\"default\" data-bg-cover=\"\" data-padding-pos=\"all\" data-has-bg-color=\"false\" data-bg-color=\"\" data-bg-opacity=\"1\" data-hover-bg=\"\" data-hover-bg-opacity=\"1\" data-animation=\"\" data-delay=\"0\">\n\t\t<div class=\"vc_column-inner\" ><div class=\"column-bg-overlay-wrap\" data-bg-animation=\"none\"><div class=\"column-bg-overlay\"><\/div><\/div>\n\t\t<div class=\"wpb_wrapper\">\n\t\t\t<a class=\"nectar-button large regular extra-color-1 has-icon  regular-button\"  style=\"color: #000000; \"  href=\"https:\/\/investinmiramichi.ca\/fr\/mode-de-vie\/\" data-color-override=\"false\" data-hover-color-override=\"false\" data-hover-text-color-override=\"#fff\"><span>En savoir plus<\/span><i style=\"color: #000000;\"  class=\"icon-button-arrow\"><\/i><\/a>\n\t\t<\/div> \n\t<\/div>\n\t<\/div> \n<\/div><\/div>\n\t\t\t<\/div> \n\t\t<\/div>\n\t<\/div> \n<\/div><\/div>\n\t\t<div id=\"fws_69f4a74b5cd8b\"  data-column-margin=\"default\" data-midnight=\"dark\"  class=\"wpb_row vc_row-fluid vc_row full-width-content  vc_row-o-equal-height vc_row-flex  vc_row-o-content-middle standard_section\"  style=\"padding-top: 0px; padding-bottom: 0px; \"><div class=\"row-bg-wrap\" data-bg-animation=\"none\" data-bg-overlay=\"false\"><div class=\"inner-wrap\"><div class=\"row-bg\"  style=\"\"><\/div><\/div><div class=\"row-bg-overlay\" ><\/div><\/div><div class=\"row_col_wrap_12 col span_12 dark left\">\n\t<div  class=\"vc_col-sm-6 wpb_column column_container vc_column_container col padding-6-percent inherit_tablet inherit_phone\"  data-t-w-inherits=\"default\" data-bg-cover=\"\" data-padding-pos=\"all\" data-has-bg-color=\"false\" data-bg-color=\"\" data-bg-opacity=\"1\" data-hover-bg=\"\" data-hover-bg-opacity=\"1\" data-animation=\"\" data-delay=\"0\" >\n\t\t<div class=\"vc_column-inner\" ><div class=\"column-bg-overlay-wrap\" data-bg-animation=\"none\"><div class=\"column-bg-overlay\"><\/div><\/div>\n\t\t\t<div class=\"wpb_wrapper\">\n\t\t\t\t<h2 style=\"font-size: 42px;line-height: 52px;text-align: left\" class=\"vc_custom_heading\" >Miramichi regorge possibilit\u00e9s<\/h2>\r\n<div class=\"wpb_text_column wpb_content_element  vc_custom_1614701338721\" >\r\n\t<div class=\"wpb_wrapper\">\r\n\t\t<p>Miramichi est une ville d\u2019affaires. C\u2019est l\u2019un des endroits de l\u2019est du Canada et de la c\u00f4te est des \u00c9tats-Unis o\u00f9 les co\u00fbts d\u2019exploitation d\u2019une entreprise sont les moins \u00e9lev\u00e9s. Les intervenants locaux, provinciaux et f\u00e9d\u00e9raux travaillent de concert avec les investisseurs pour mettre au point des programmes d\u2019incitation personnalis\u00e9s con\u00e7us pour assurer le succ\u00e8s des entreprises. Notre ville offre des propri\u00e9t\u00e9s commerciales de choix, des aires de fabrication d\u00e9j\u00e0 pourvues de l\u2019infrastructure de transport et de la logistique n\u00e9cessaires \u2013 tout ce qu\u2019il faut pour que votre potentiel commercial devienne r\u00e9alit\u00e9.<\/p>\n\t<\/div>\r\n<\/div>\r\n\r\n\r\n\r\n\r\n<div class=\"wpb_text_column wpb_content_element  vc_custom_1606328343464\" >\r\n\t<div class=\"wpb_wrapper\">\r\n\t\t<p><span style=\"font-weight: 400;\">En tant que plaque tournante du Nord-Est, Miramichi convient parfaitement aux nouvelles entreprises qui cherchent \u00e0 \u00e9tendre leurs activit\u00e9s ou \u00e0 se relocaliser. \u00c0 l\u2019heure actuelle, la Ville de Miramichi exploite et entretient sur son territoire deux parcs industriels, chacun dot\u00e9 de terrains disponibles pour le d\u00e9veloppement. <\/span><\/p>\n\t<\/div>\r\n<\/div>\r\n\r\n\r\n\r\n<div class=\"nectar-cta\" data-color=\"default\" data-using-bg=\"false\" data-style=\"see-through\" data-display=\"block\" data-alignment=\"left\" data-text-color=\"custom\" ><p style=\"color: #55c8dc;\"> <span class=\"text\"> <\/span><span class=\"link_wrap\" ><a  class=\"link_text\" href=\"https:\/\/investinmiramichi.ca\/fr\/profil-dentreprise\/\">Consultez des profils d\u2019entreprise<span class=\"arrow\"><\/span><\/a><\/span><\/p><\/div>\n\t\t\t<\/div> \n\t\t<\/div>\n\t<\/div> \n\n\t<div style=\"\" class=\"vc_col-sm-6 wpb_column column_container vc_column_container col no-extra-padding inherit_tablet inherit_phone\" data-using-bg=\"true\" data-t-w-inherits=\"default\" data-bg-cover=\"\" data-padding-pos=\"all\" data-has-bg-color=\"false\" data-bg-color=\"\" data-bg-opacity=\"1\" data-hover-bg=\"\" data-hover-bg-opacity=\"1\" data-animation=\"\" data-delay=\"0\" >\n\t\t<div class=\"vc_column-inner\" ><div class=\"column-image-bg-wrap\" data-bg-pos=\"center center\" data-bg-animation=\"none\" data-bg-overlay=\"false\"><div class=\"inner-wrap\"><div class=\"column-image-bg\" style=\" background-image: url('https:\/\/investinmiramichi.ca\/wp-content\/uploads\/2020\/11\/IMGP8364.jpg'); \"><\/div><\/div><\/div><div class=\"column-bg-overlay-wrap\" data-bg-animation=\"none\"><div class=\"column-bg-overlay\"><\/div><\/div>\n\t\t\t<div class=\"wpb_wrapper\">\n\t\t\t\t\n\t\t\t<\/div> \n\t\t<\/div>\n\t<\/div> \n<\/div><\/div>","protected":false},"excerpt":{"rendered":"D\u00e9couvrez la plaque tournante du nord-est Ancr\u00e9e autour de la puissante rivi\u00e8re Miramichi, la ville est connue pour \u00eatre le centre de plein air du Canada atlantique et offre des parcs pittoresques au bord de l'eau, des sites historiques et des...","protected":false},"author":1,"featured_media":0,"parent":0,"menu_order":0,"comment_status":"closed","ping_status":"closed","template":"","meta":{"_acf_changed":false,"footnotes":""},"acf":[],"yoast_head":"<!-- This site is optimized with the Yoast SEO plugin v21.7 - https:\/\/yoast.com\/wordpress\/plugins\/seo\/ -->\n<title>Why Miramichi - Invest\/Investir Miramichi<\/title>\n<meta name=\"description\" content=\"Why Miramichi - &quot;The hub of the northeast&quot;, the City of Miramichi is rife with opportunities for economic development and growth.\" \/>\n<meta name=\"robots\" content=\"index, follow, max-snippet:-1, max-image-preview:large, max-video-preview:-1\" \/>\n<link rel=\"canonical\" href=\"https:\/\/investinmiramichi.ca\/fr\/pouquoi-miramichi\/\" \/>\n<meta property=\"og:locale\" content=\"fr_CA\" \/>\n<meta property=\"og:type\" content=\"article\" \/>\n<meta property=\"og:title\" content=\"Why Miramichi - Invest\/Investir Miramichi\" \/>\n<meta property=\"og:description\" content=\"Why Miramichi - &quot;The hub of the northeast&quot;, the City of Miramichi is rife with opportunities for economic development and growth.\" \/>\n<meta property=\"og:url\" content=\"https:\/\/investinmiramichi.ca\/fr\/pouquoi-miramichi\/\" \/>\n<meta property=\"og:site_name\" content=\"Invest\/Investir Miramichi\" \/>\n<meta property=\"article:modified_time\" content=\"2022-01-14T19:14:18+00:00\" \/>\n<meta name=\"twitter:card\" content=\"summary_large_image\" \/>\n<meta name=\"twitter:label1\" content=\"Estimation du temps de lecture\" \/>\n\t<meta name=\"twitter:data1\" content=\"4 minutes\" \/>\n<script type=\"application\/ld+json\" class=\"yoast-schema-graph\">{\"@context\":\"https:\/\/schema.org\",\"@graph\":[{\"@type\":\"WebPage\",\"@id\":\"https:\/\/investinmiramichi.ca\/why-miramichi\/\",\"url\":\"https:\/\/investinmiramichi.ca\/why-miramichi\/\",\"name\":\"Why Miramichi - Invest\/Investir Miramichi\",\"isPartOf\":{\"@id\":\"https:\/\/investinmiramichi.ca\/#website\"},\"datePublished\":\"2020-11-03T17:26:24+00:00\",\"dateModified\":\"2022-01-14T19:14:18+00:00\",\"description\":\"Why Miramichi - \\\"The hub of the northeast\\\", the City of Miramichi is rife with opportunities for economic development and growth.\",\"breadcrumb\":{\"@id\":\"https:\/\/investinmiramichi.ca\/why-miramichi\/#breadcrumb\"},\"inLanguage\":\"fr-CA\",\"potentialAction\":[{\"@type\":\"ReadAction\",\"target\":[\"https:\/\/investinmiramichi.ca\/why-miramichi\/\"]}]},{\"@type\":\"BreadcrumbList\",\"@id\":\"https:\/\/investinmiramichi.ca\/why-miramichi\/#breadcrumb\",\"itemListElement\":[{\"@type\":\"ListItem\",\"position\":1,\"name\":\"Home\",\"item\":\"https:\/\/investinmiramichi.ca\/\"},{\"@type\":\"ListItem\",\"position\":2,\"name\":\"Why Miramichi\"}]},{\"@type\":\"WebSite\",\"@id\":\"https:\/\/investinmiramichi.ca\/#website\",\"url\":\"https:\/\/investinmiramichi.ca\/\",\"name\":\"Invest\/Investir Miramichi\",\"description\":\"Miramichi Economic Development\",\"potentialAction\":[{\"@type\":\"SearchAction\",\"target\":{\"@type\":\"EntryPoint\",\"urlTemplate\":\"https:\/\/investinmiramichi.ca\/?s={search_term_string}\"},\"query-input\":\"required name=search_term_string\"}],\"inLanguage\":\"fr-CA\"}]}<\/script>\n<!-- \/ Yoast SEO plugin. -->","yoast_head_json":{"title":"Pourquoi Miramichi - Investir\/investir \u00e0 Miramichi","description":"Pourquoi Miramichi - \"La plaque tournante du Nord-Est\", la ville de Miramichi regorge de possibilit\u00e9s de d\u00e9veloppement et de croissance \u00e9conomiques.","robots":{"index":"index","follow":"follow","max-snippet":"max-snippet:-1","max-image-preview":"max-image-preview:large","max-video-preview":"max-video-preview:-1"},"canonical":"https:\/\/investinmiramichi.ca\/fr\/pouquoi-miramichi\/","og_locale":"fr_CA","og_type":"article","og_title":"Why Miramichi - Invest\/Investir Miramichi","og_description":"Why Miramichi - \"The hub of the northeast\", the City of Miramichi is rife with opportunities for economic development and growth.","og_url":"https:\/\/investinmiramichi.ca\/fr\/pouquoi-miramichi\/","og_site_name":"Invest\/Investir Miramichi","article_modified_time":"2022-01-14T19:14:18+00:00","twitter_card":"summary_large_image","twitter_misc":{"Estimation du temps de lecture":"4 minutes"},"schema":{"@context":"https:\/\/schema.org","@graph":[{"@type":"WebPage","@id":"https:\/\/investinmiramichi.ca\/why-miramichi\/","url":"https:\/\/investinmiramichi.ca\/why-miramichi\/","name":"Pourquoi Miramichi - Investir\/investir \u00e0 Miramichi","isPartOf":{"@id":"https:\/\/investinmiramichi.ca\/#website"},"datePublished":"2020-11-03T17:26:24+00:00","dateModified":"2022-01-14T19:14:18+00:00","description":"Pourquoi Miramichi - \"La plaque tournante du Nord-Est\", la ville de Miramichi regorge de possibilit\u00e9s de d\u00e9veloppement et de croissance \u00e9conomiques.","breadcrumb":{"@id":"https:\/\/investinmiramichi.ca\/why-miramichi\/#breadcrumb"},"inLanguage":"fr-CA","potentialAction":[{"@type":"ReadAction","target":["https:\/\/investinmiramichi.ca\/why-miramichi\/"]}]},{"@type":"BreadcrumbList","@id":"https:\/\/investinmiramichi.ca\/why-miramichi\/#breadcrumb","itemListElement":[{"@type":"ListItem","position":1,"name":"Home","item":"https:\/\/investinmiramichi.ca\/"},{"@type":"ListItem","position":2,"name":"Why Miramichi"}]},{"@type":"WebSite","@id":"https:\/\/investinmiramichi.ca\/#website","url":"https:\/\/investinmiramichi.ca\/","name":"Investir\/investir \u00e0 Miramichi","description":"D\u00e9veloppement \u00e9conomique de la Miramichi","potentialAction":[{"@type":"SearchAction","target":{"@type":"EntryPoint","urlTemplate":"https:\/\/investinmiramichi.ca\/?s={search_term_string}"},"query-input":"required name=search_term_string"}],"inLanguage":"fr-CA"}]}},"_links":{"self":[{"href":"https:\/\/investinmiramichi.ca\/fr\/wp-json\/wp\/v2\/pages\/17"}],"collection":[{"href":"https:\/\/investinmiramichi.ca\/fr\/wp-json\/wp\/v2\/pages"}],"about":[{"href":"https:\/\/investinmiramichi.ca\/fr\/wp-json\/wp\/v2\/types\/page"}],"author":[{"embeddable":true,"href":"https:\/\/investinmiramichi.ca\/fr\/wp-json\/wp\/v2\/users\/1"}],"replies":[{"embeddable":true,"href":"https:\/\/investinmiramichi.ca\/fr\/wp-json\/wp\/v2\/comments?post=17"}],"version-history":[{"count":14,"href":"https:\/\/investinmiramichi.ca\/fr\/wp-json\/wp\/v2\/pages\/17\/revisions"}],"predecessor-version":[{"id":1238,"href":"https:\/\/investinmiramichi.ca\/fr\/wp-json\/wp\/v2\/pages\/17\/revisions\/1238"}],"wp:attachment":[{"href":"https:\/\/investinmiramichi.ca\/fr\/wp-json\/wp\/v2\/media?parent=17"}],"curies":[{"name":"wp","href":"https:\/\/api.w.org\/{rel}","templated":true}]}}