{"id":19,"date":"2020-11-03T17:27:26","date_gmt":"2020-11-03T17:27:26","guid":{"rendered":"http:\/\/miramichi.dev\/?page_id=19"},"modified":"2022-01-14T19:10:54","modified_gmt":"2022-01-14T19:10:54","slug":"incentives-initiatives","status":"publish","type":"page","link":"https:\/\/investinmiramichi.ca\/fr\/initiatives-et-mesures-incitatives\/","title":{"rendered":"Incitations et initiatives"},"content":{"rendered":"<div id=\"steps\"  data-column-margin=\"default\" data-midnight=\"light\" data-top-percent=\"3%\" data-bottom-percent=\"3%\"  class=\"wpb_row vc_row-fluid vc_row full-width-section  vc_row-o-equal-height vc_row-flex  vc_row-o-content-middle standard_section\"  style=\"padding-top: calc(100vw * 0.03); padding-bottom: calc(100vw * 0.03); \"><div class=\"row-bg-wrap\" data-bg-animation=\"none\" data-bg-overlay=\"true\"><div class=\"inner-wrap using-image\"><div class=\"row-bg using-image\"  style=\"background-image: url(https:\/\/investinmiramichi.ca\/wp-content\/uploads\/2020\/11\/Header_Blue_Right-01.png); background-position: right bottom; background-repeat: no-repeat; \"><\/div><\/div><div class=\"row-bg-overlay\" style=\"background-color:#000000;  opacity: 0.5; \"><\/div><\/div><div class=\"row_col_wrap_12 col span_12 light left\">\n\t<div  class=\"vc_col-sm-12 wpb_column column_container vc_column_container col padding-2-percent inherit_tablet inherit_phone\"  data-t-w-inherits=\"default\" data-bg-cover=\"\" data-padding-pos=\"top-bottom\" data-has-bg-color=\"false\" data-bg-color=\"\" data-bg-opacity=\"1\" data-hover-bg=\"\" data-hover-bg-opacity=\"1\" data-animation=\"\" data-delay=\"0\" >\n\t\t<div class=\"vc_column-inner\" ><div class=\"column-bg-overlay-wrap\" data-bg-animation=\"none\"><div class=\"column-bg-overlay\"><\/div><\/div>\n\t\t\t<div class=\"wpb_wrapper\">\n\t\t\t\t<div id=\"fws_69f5016918ec0\" data-midnight=\"\" data-column-margin=\"default\" class=\"wpb_row vc_row-fluid vc_row inner_row standard_section\"  style=\"padding-top: 0px; padding-bottom: 0px; \"><div class=\"row-bg-wrap\"> <div class=\"row-bg\" ><\/div> <\/div><div class=\"row_col_wrap_12_inner col span_12  left\">\n\t<div  class=\"vc_col-sm-9 wpb_column column_container vc_column_container col child_column no-extra-padding inherit_tablet inherit_phone\"   data-t-w-inherits=\"default\" data-bg-cover=\"\" data-padding-pos=\"all\" data-has-bg-color=\"false\" data-bg-color=\"\" data-bg-opacity=\"1\" data-hover-bg=\"\" data-hover-bg-opacity=\"1\" data-animation=\"\" data-delay=\"0\">\n\t\t<div class=\"vc_column-inner\" ><div class=\"column-bg-overlay-wrap\" data-bg-animation=\"none\"><div class=\"column-bg-overlay\"><\/div><\/div>\n\t\t<div class=\"wpb_wrapper\">\n\t\t\t<h5 style=\"text-align: left\" class=\"vc_custom_heading\" >Trouvez du financement pour votre projet<\/h5><div class=\"nectar-highlighted-text\" data-style=\"regular_underline\" data-underline-thickness=\"default\" data-using-custom-color=\"true\" data-animation-delay=\"false\" data-color=\"#55c8dc\" data-color-gradient=\"\" style=\"\">\n<h2 class=\"translation-block\">La Ville de Miramichi administre divers programmes ax\u00e9s sur le potentiel de croissance.<\/h2>\n<\/div><h6 style=\"text-align: left\" class=\"vc_custom_heading\" >Tous les programmes de financement offrent un processus de demande continu<\/h6>\r\n<div class=\"wpb_text_column wpb_content_element\" >\r\n\t<div class=\"wpb_wrapper\">\r\n\t\t<p><span style=\"font-weight: 400;\"><ul>\r\n    <li class='incentive-info'>\r\n        <div class=\"incentive-name\"><a href=\"https:\/\/investinmiramichi.ca\/fr\/incentive\/incitation-au-logement-abordable\/\" title=\"Incitation au logement abordable\" rel=\"bookmark\">Incitation au logement abordable<\/a><\/div>        <div class='incentive-goal'>\r\n            <b>Objectif :<\/b>\r\n            Stimuler les options de logements inf\u00e9rieurs au march\u00e9, abordables et accessibles dans la ville de Miramichi. Encourager l'am\u00e9nagement de logements qui utilisent efficacement l'infrastructure municipale \u00e9tablie. Aider \u00e0 b\u00e2tir des quartiers dynamiques, durables et inclusifs.\r\n        <\/div>\r\n    <\/li>\r\n    <li class='incentive-info'>\r\n        <div class=\"incentive-name\"><a href=\"https:\/\/investinmiramichi.ca\/fr\/incentive\/programme-dincitation-au-logement-dans-les-centres-villes\/\" title=\"Programme d\u2019incitation au logement dans les centres-villes\" rel=\"bookmark\">Programme d\u2019incitation au logement dans les centres-villes<\/a><\/div>        <div class='incentive-goal'>\r\n            <b>Objectif :<\/b>\r\n            Attirer et retenir les r\u00e9sidents du centre-ville en encourageant la cr\u00e9ation de nouveaux logements dans les ZAC. Contribuer \u00e0 stimuler le d\u00e9veloppement d'entreprises, de services et d'activit\u00e9s \u00e0 plus forte valeur ajout\u00e9e. Augmenter les opportunit\u00e9s \u00e9conomiques, d'emploi et de divertissement dans le centre-ville. Aider financi\u00e8rement les propri\u00e9taires et investisseurs qualifi\u00e9s \u00e0 construire des logements autonomes dans les ZAC.\r\n        <\/div>\r\n    <\/li>\r\n    <li class='incentive-info'>\r\n        <div class=\"incentive-name\"><a href=\"https:\/\/investinmiramichi.ca\/fr\/incentive\/programme-dencouragement-industriel\/\" title=\"Programme d&#039;incitation au d\u00e9veloppement \u00e9conomique\" rel=\"bookmark\">Programme d'incitation au d\u00e9veloppement \u00e9conomique<\/a><\/div>        <div class='incentive-goal'>\r\n            <b>Objectif :<\/b>\r\n            L'objectif de cet incitatif au d\u00e9veloppement \u00e9conomique est de fournir \u00e0 la ville un soutien pour attirer de nouveaux d\u00e9veloppements dans la ville de Miramichi.        <\/div>\r\n    <\/li>\r\n    <li class='incentive-info'>\r\n        <div class=\"incentive-name\"><a href=\"https:\/\/investinmiramichi.ca\/fr\/incentive\/programme-dincitation-a-lamelioration-des-facades-des-centres-villes\/\" title=\"Programme d&#039;incitation a l&#039;am\u00e9lioration des fa\u00e7ades des centres-villes\" rel=\"bookmark\">Programme d'incitation a l'am\u00e9lioration des fa\u00e7ades des centres-villes<\/a><\/div>        <div class='incentive-goal'>\r\n            <b>Objectif :<\/b>\r\n            The program is intended to provide financial incentives to aid property owners and tenants within the Business Improvement Area (BIA) to improve their buildings\u2019 exterior appearance, thus adding to the overall streetscape and beautification of our downtown.         <\/div>\r\n    <\/li>\r\n    <li class='incentive-info'>\r\n        <div class=\"incentive-name\"><a href=\"https:\/\/investinmiramichi.ca\/fr\/incentive\/festival-et-evenements-soutien\/\" title=\"Soutien aux festivals et \u00e9v\u00e9nements\" rel=\"bookmark\">Soutien aux festivals et \u00e9v\u00e9nements<\/a><\/div>        <div class='incentive-goal'>\r\n            <b>Objectif :<\/b>\r\n            Inspirer et soutenir la croissance, le d\u00e9veloppement et la durabilit\u00e9 des festivals et des \u00e9v\u00e9nements dans la ville de Miramichi.        <\/div>\r\n    <\/li>\r\n    <li class='incentive-info'>\r\n        <div class=\"incentive-name\"><a href=\"https:\/\/investinmiramichi.ca\/fr\/incentive\/incitation-a-lacquisition-de-terrains-dans-les-parcs-industriels\/\" title=\"Incitation \u00e0 l&#039;acquisition de terrains dans les parcs industriels\" rel=\"bookmark\">Incitation \u00e0 l'acquisition de terrains dans les parcs industriels<\/a><\/div>        <div class='incentive-goal'>\r\n            <b>Objectif :<\/b>\r\n            La ville de Miramichi s'est engag\u00e9e \u00e0 aider les promoteurs qui sont int\u00e9ress\u00e9s \u00e0 \u00e9tendre ou \u00e0 \u00e9tablir une pr\u00e9sence industrielle dans notre ville.         <\/div>\r\n    <\/li>\r\n    <li class='incentive-info'>\r\n        <div class=\"incentive-name\"><a href=\"https:\/\/investinmiramichi.ca\/fr\/incentive\/fonds-de-developpement-economique-du-tourisme\/\" title=\"Fonds de d\u00e9veloppement \u00e9conomique du tourisme\" rel=\"bookmark\">Fonds de d\u00e9veloppement \u00e9conomique du tourisme<\/a><\/div>        <div class='incentive-goal'>\r\n            <b>Objectif :<\/b>\r\n            Le but du Fonds de d\u00e9veloppement \u00e9conomique du tourisme \"TED\" est de fournir une aide financi\u00e8re aux organismes communautaires et aux entreprises de la Miramichi afin de d\u00e9velopper de nouveaux produits touristiques.        <\/div>\r\n    <\/li>\r\n<\/ul><\/span><\/p>\n\t<\/div>\r\n<\/div>\r\n\r\n\r\n\r\n\n\t\t<\/div> \n\t<\/div>\n\t<\/div> \n\n\t<div  class=\"vc_col-sm-3 wpb_column column_container vc_column_container col child_column no-extra-padding inherit_tablet inherit_phone\"   data-t-w-inherits=\"default\" data-bg-cover=\"\" data-padding-pos=\"all\" data-has-bg-color=\"false\" data-bg-color=\"\" data-bg-opacity=\"1\" data-hover-bg=\"\" data-hover-bg-opacity=\"1\" data-animation=\"\" data-delay=\"0\">\n\t\t<div class=\"vc_column-inner\" ><div class=\"column-bg-overlay-wrap\" data-bg-animation=\"none\"><div class=\"column-bg-overlay\"><\/div><\/div>\n\t\t<div class=\"wpb_wrapper\">\n\t\t\t\n\t\t<\/div> \n\t<\/div>\n\t<\/div> \n<\/div><\/div>\n\t\t\t<\/div> \n\t\t<\/div>\n\t<\/div> \n<\/div><\/div>\n\t\t<div id=\"fws_69f501692011a\"  data-column-margin=\"default\" data-midnight=\"dark\"  class=\"wpb_row vc_row-fluid vc_row full-width-content standard_section\"  style=\"padding-top: 0px; padding-bottom: 0px; \"><div class=\"row-bg-wrap\" data-bg-animation=\"none\" data-bg-overlay=\"false\"><div class=\"inner-wrap\"><div class=\"row-bg\"  style=\"\"><\/div><\/div><div class=\"row-bg-overlay\" ><\/div><\/div><div class=\"row_col_wrap_12 col span_12 dark left\">\n\t<div  class=\"vc_col-sm-12 wpb_column column_container vc_column_container col no-extra-padding inherit_tablet inherit_phone\"  data-t-w-inherits=\"default\" data-bg-cover=\"\" data-padding-pos=\"all\" data-has-bg-color=\"false\" data-bg-color=\"\" data-bg-opacity=\"1\" data-hover-bg=\"\" data-hover-bg-opacity=\"1\" data-animation=\"\" data-delay=\"0\" >\n\t\t<div class=\"vc_column-inner\" ><div class=\"column-bg-overlay-wrap\" data-bg-animation=\"none\"><div class=\"column-bg-overlay\"><\/div><\/div>\n\t\t\t<div class=\"wpb_wrapper\">\n\t\t\t\t<div id=\"fws_69f501692047d\" data-midnight=\"\" data-column-margin=\"default\" class=\"wpb_row vc_row-fluid vc_row inner_row standard_section\"  style=\"padding-top: 0px; padding-bottom: 0px; \"><div class=\"row-bg-wrap\"> <div class=\"row-bg\" ><\/div> <\/div><div class=\"row_col_wrap_12_inner col span_12  left\">\n\t<div  class=\"vc_col-sm-4 wpb_column column_container vc_column_container col child_column no-extra-padding inherit_tablet inherit_phone\"   data-t-w-inherits=\"default\" data-bg-cover=\"\" data-padding-pos=\"all\" data-has-bg-color=\"false\" data-bg-color=\"\" data-bg-opacity=\"1\" data-hover-bg=\"\" data-hover-bg-opacity=\"1\" data-animation=\"\" data-delay=\"0\">\n\t\t<div class=\"vc_column-inner\" ><div class=\"column-bg-overlay-wrap\" data-bg-animation=\"none\"><div class=\"column-bg-overlay\"><\/div><\/div>\n\t\t<div class=\"wpb_wrapper\">\n\t\t\t<div class=\"nectar-fancy-box using-img\" data-style=\"color_box_basic\" data-animation=\"\" data-hover-o=\"default\" data-border-radius=\"none\" data-border=\"\" data-box-color-opacity=\"0.8\" data-delay=\"\" data-alignment=\"left\" data-color=\"#000000\" style=\"color: #ffffff;\"><div class=\"box-bg\"  style=\"background-image: url('https:\/\/investinmiramichi.ca\/wp-content\/uploads\/2020\/11\/campaign-creators-pypeCEaJeZY-unsplash-scaled.jpg');  background-color: #000000;\"><\/div> <div class=\"inner\" style=\"min-height: 400px\"><i class=\"icon-default-style iconsmind-Line-Chart4\" data-color=\"accent-color\" style=\"font-size: 70px!important; line-height: 70px!important;\"><\/i><div class=\"divider-wrap\" data-alignment=\"default\"><div style=\"height: 20px;\" class=\"divider\"><\/div><\/div>\n<h4>Recherche et strat\u00e9gie<\/h4>\n<div class=\"divider-wrap\" data-alignment=\"default\"><div style=\"height: 20px;\" class=\"divider\"><\/div><\/div>\n<h6>La recherche et la strat\u00e9gie de d\u00e9veloppement de Miramichi<\/h6>\n<div class=\"divider-wrap\" data-alignment=\"default\"><div style=\"height: 20px;\" class=\"divider\"><\/div><\/div>\n<i class=\"icon-default-style iconsmind-Arrow-OutRight extra-color-3\"><\/i><\/div>  <a  href=\"https:\/\/investinmiramichi.ca\/fr\/recherche-et-strategie\/\" class=\"box-link\"><\/a> <\/div>\n\t\t<\/div> \n\t<\/div>\n\t<\/div> \n\n\t<div  class=\"vc_col-sm-4 wpb_column column_container vc_column_container col child_column no-extra-padding inherit_tablet inherit_phone\"   data-t-w-inherits=\"default\" data-bg-cover=\"\" data-padding-pos=\"all\" data-has-bg-color=\"false\" data-bg-color=\"\" data-bg-opacity=\"1\" data-hover-bg=\"\" data-hover-bg-opacity=\"1\" data-animation=\"\" data-delay=\"0\">\n\t\t<div class=\"vc_column-inner\" ><div class=\"column-bg-overlay-wrap\" data-bg-animation=\"none\"><div class=\"column-bg-overlay\"><\/div><\/div>\n\t\t<div class=\"wpb_wrapper\">\n\t\t\t<div class=\"nectar-fancy-box\" data-style=\"color_box_basic\" data-animation=\"\" data-hover-o=\"default\" data-border-radius=\"none\" data-border=\"\" data-box-color-opacity=\"1\" data-delay=\"\" data-alignment=\"left\" data-color=\"#ffca05\" style=\"color: #000000;\"><div class=\"box-bg\" style=\" background-color: #ffca05;\"><\/div> <div class=\"inner\" style=\"min-height: 400px\"><i class=\"icon-default-style iconsmind-Megaphone\" data-color=\"accent-color\" style=\"font-size: 70px!important; line-height: 70px!important;\"><\/i><div class=\"divider-wrap\" data-alignment=\"default\"><div style=\"height: 20px;\" class=\"divider\"><\/div><\/div>\n<h4>Occasions d\u2019affaires<\/h4>\n<div class=\"divider-wrap\" data-alignment=\"default\"><div style=\"height: 20px;\" class=\"divider\"><\/div><\/div>\n<h6>Renseignez-vous davantage sur les possibilit\u00e9s de croissance et de d\u00e9veloppement \u00e0 Miramichi<\/h6>\n<div class=\"divider-wrap\" data-alignment=\"default\"><div style=\"height: 20px;\" class=\"divider\"><\/div><\/div>\n<i class=\"icon-default-style iconsmind-Arrow-OutRight #000\"><\/i><\/div>  <a  href=\"https:\/\/investinmiramichi.ca\/fr\/occasions-daffaires\/\" class=\"box-link\"><\/a> <\/div>\n\t\t<\/div> \n\t<\/div>\n\t<\/div> \n\n\t<div  class=\"vc_col-sm-4 wpb_column column_container vc_column_container col child_column no-extra-padding inherit_tablet inherit_phone\"   data-t-w-inherits=\"default\" data-bg-cover=\"\" data-padding-pos=\"all\" data-has-bg-color=\"false\" data-bg-color=\"\" data-bg-opacity=\"1\" data-hover-bg=\"\" data-hover-bg-opacity=\"1\" data-animation=\"\" data-delay=\"0\">\n\t\t<div class=\"vc_column-inner\" ><div class=\"column-bg-overlay-wrap\" data-bg-animation=\"none\"><div class=\"column-bg-overlay\"><\/div><\/div>\n\t\t<div class=\"wpb_wrapper\">\n\t\t\t<div class=\"nectar-fancy-box using-img\" data-style=\"color_box_basic\" data-animation=\"\" data-hover-o=\"default\" data-border-radius=\"none\" data-border=\"\" data-box-color-opacity=\"0.6\" data-delay=\"\" data-alignment=\"left\" data-color=\"#000000\" style=\"color: #ffffff;\"><div class=\"box-bg\"  style=\"background-image: url('https:\/\/investinmiramichi.ca\/wp-content\/uploads\/2020\/11\/marjan-grabowski-HgcdpLIa5jo-unsplash-scaled.jpg');  background-color: #000000;\"><\/div> <div class=\"inner\" style=\"min-height: 400px\"><i class=\"icon-default-style iconsmind-Phone-SMS\" data-color=\"accent-color\" style=\"font-size: 70px!important; line-height: 70px!important;\"><\/i><div class=\"divider-wrap\" data-alignment=\"default\"><div style=\"height: 20px;\" class=\"divider\"><\/div><\/div>\n<h4>Contactez-nous<\/h4>\n<div class=\"divider-wrap\" data-alignment=\"default\"><div style=\"height: 20px;\" class=\"divider\"><\/div><\/div>\n<h6>D\u00e9marrez votre projet \u00e0 Miramichi<\/h6>\n<div class=\"divider-wrap\" data-alignment=\"default\"><div style=\"height: 20px;\" class=\"divider\"><\/div><\/div>\n<i class=\"icon-default-style iconsmind-Arrow-OutRight #000\"><\/i><\/div>  <a  href=\"https:\/\/investinmiramichi.ca\/fr\/contacter\/\" class=\"box-link\"><\/a> <\/div>\n\t\t<\/div> \n\t<\/div>\n\t<\/div> \n<\/div><\/div>\n\t\t\t<\/div> \n\t\t<\/div>\n\t<\/div> \n<\/div><\/div>","protected":false},"excerpt":{"rendered":"Fonds de d\u00e9veloppement \u00e9conomique du tourisme Ce qui suit repr\u00e9sente un aper\u00e7u du programme d'am\u00e9lioration des fa\u00e7ades mentionn\u00e9 dans la politique d'incitation au d\u00e9veloppement \u00e9conomique #111. Objectif L'objectif du Fonds de d\u00e9veloppement \u00e9conomique...","protected":false},"author":1,"featured_media":0,"parent":0,"menu_order":0,"comment_status":"closed","ping_status":"closed","template":"","meta":{"_acf_changed":false,"footnotes":""},"acf":[],"yoast_head":"<!-- This site is optimized with the Yoast SEO plugin v21.7 - https:\/\/yoast.com\/wordpress\/plugins\/seo\/ -->\n<title>Incentives &amp; Initiatives - Invest\/Investir Miramichi<\/title>\n<meta name=\"description\" content=\"Incentives &amp; Initiatives - Find funding for your project. The City of Miramichi administers a variety of programs that provide opportunities for growth.\" \/>\n<meta name=\"robots\" content=\"index, follow, max-snippet:-1, max-image-preview:large, max-video-preview:-1\" \/>\n<link rel=\"canonical\" href=\"https:\/\/investinmiramichi.ca\/fr\/initiatives-et-mesures-incitatives\/\" \/>\n<meta property=\"og:locale\" content=\"fr_CA\" \/>\n<meta property=\"og:type\" content=\"article\" \/>\n<meta property=\"og:title\" content=\"Incentives &amp; Initiatives - Invest\/Investir Miramichi\" \/>\n<meta property=\"og:description\" content=\"Incentives &amp; Initiatives - Find funding for your project. The City of Miramichi administers a variety of programs that provide opportunities for growth.\" \/>\n<meta property=\"og:url\" content=\"https:\/\/investinmiramichi.ca\/fr\/initiatives-et-mesures-incitatives\/\" \/>\n<meta property=\"og:site_name\" content=\"Invest\/Investir Miramichi\" \/>\n<meta property=\"article:modified_time\" content=\"2022-01-14T19:10:54+00:00\" \/>\n<meta name=\"twitter:card\" content=\"summary_large_image\" \/>\n<meta name=\"twitter:label1\" content=\"Estimation du temps de lecture\" \/>\n\t<meta name=\"twitter:data1\" content=\"2 minutes\" \/>\n<script type=\"application\/ld+json\" class=\"yoast-schema-graph\">{\"@context\":\"https:\/\/schema.org\",\"@graph\":[{\"@type\":\"WebPage\",\"@id\":\"https:\/\/investinmiramichi.ca\/incentives-initiatives\/\",\"url\":\"https:\/\/investinmiramichi.ca\/incentives-initiatives\/\",\"name\":\"Incentives & Initiatives - Invest\/Investir Miramichi\",\"isPartOf\":{\"@id\":\"https:\/\/investinmiramichi.ca\/#website\"},\"datePublished\":\"2020-11-03T17:27:26+00:00\",\"dateModified\":\"2022-01-14T19:10:54+00:00\",\"description\":\"Incentives & Initiatives - Find funding for your project. The City of Miramichi administers a variety of programs that provide opportunities for growth.\",\"breadcrumb\":{\"@id\":\"https:\/\/investinmiramichi.ca\/incentives-initiatives\/#breadcrumb\"},\"inLanguage\":\"fr-CA\",\"potentialAction\":[{\"@type\":\"ReadAction\",\"target\":[\"https:\/\/investinmiramichi.ca\/incentives-initiatives\/\"]}]},{\"@type\":\"BreadcrumbList\",\"@id\":\"https:\/\/investinmiramichi.ca\/incentives-initiatives\/#breadcrumb\",\"itemListElement\":[{\"@type\":\"ListItem\",\"position\":1,\"name\":\"Home\",\"item\":\"https:\/\/investinmiramichi.ca\/\"},{\"@type\":\"ListItem\",\"position\":2,\"name\":\"Incentives &#038; Initiatives\"}]},{\"@type\":\"WebSite\",\"@id\":\"https:\/\/investinmiramichi.ca\/#website\",\"url\":\"https:\/\/investinmiramichi.ca\/\",\"name\":\"Invest\/Investir Miramichi\",\"description\":\"Miramichi Economic Development\",\"potentialAction\":[{\"@type\":\"SearchAction\",\"target\":{\"@type\":\"EntryPoint\",\"urlTemplate\":\"https:\/\/investinmiramichi.ca\/?s={search_term_string}\"},\"query-input\":\"required name=search_term_string\"}],\"inLanguage\":\"fr-CA\"}]}<\/script>\n<!-- \/ Yoast SEO plugin. -->","yoast_head_json":{"title":"Incitations et initiatives - Investir Miramichi","description":"Mesures incitatives et initiatives - Trouvez du financement pour votre projet. La ville de Miramichi administre une vari\u00e9t\u00e9 de programmes qui offrent des possibilit\u00e9s de croissance.","robots":{"index":"index","follow":"follow","max-snippet":"max-snippet:-1","max-image-preview":"max-image-preview:large","max-video-preview":"max-video-preview:-1"},"canonical":"https:\/\/investinmiramichi.ca\/fr\/initiatives-et-mesures-incitatives\/","og_locale":"fr_CA","og_type":"article","og_title":"Incentives & Initiatives - Invest\/Investir Miramichi","og_description":"Incentives & Initiatives - Find funding for your project. The City of Miramichi administers a variety of programs that provide opportunities for growth.","og_url":"https:\/\/investinmiramichi.ca\/fr\/initiatives-et-mesures-incitatives\/","og_site_name":"Invest\/Investir Miramichi","article_modified_time":"2022-01-14T19:10:54+00:00","twitter_card":"summary_large_image","twitter_misc":{"Estimation du temps de lecture":"2 minutes"},"schema":{"@context":"https:\/\/schema.org","@graph":[{"@type":"WebPage","@id":"https:\/\/investinmiramichi.ca\/incentives-initiatives\/","url":"https:\/\/investinmiramichi.ca\/incentives-initiatives\/","name":"Incitations et initiatives - Investir Miramichi","isPartOf":{"@id":"https:\/\/investinmiramichi.ca\/#website"},"datePublished":"2020-11-03T17:27:26+00:00","dateModified":"2022-01-14T19:10:54+00:00","description":"Mesures incitatives et initiatives - Trouvez du financement pour votre projet. La ville de Miramichi administre une vari\u00e9t\u00e9 de programmes qui offrent des possibilit\u00e9s de croissance.","breadcrumb":{"@id":"https:\/\/investinmiramichi.ca\/incentives-initiatives\/#breadcrumb"},"inLanguage":"fr-CA","potentialAction":[{"@type":"ReadAction","target":["https:\/\/investinmiramichi.ca\/incentives-initiatives\/"]}]},{"@type":"BreadcrumbList","@id":"https:\/\/investinmiramichi.ca\/incentives-initiatives\/#breadcrumb","itemListElement":[{"@type":"ListItem","position":1,"name":"Home","item":"https:\/\/investinmiramichi.ca\/"},{"@type":"ListItem","position":2,"name":"Incentives &#038; Initiatives"}]},{"@type":"WebSite","@id":"https:\/\/investinmiramichi.ca\/#website","url":"https:\/\/investinmiramichi.ca\/","name":"Investir\/investir \u00e0 Miramichi","description":"D\u00e9veloppement \u00e9conomique de la Miramichi","potentialAction":[{"@type":"SearchAction","target":{"@type":"EntryPoint","urlTemplate":"https:\/\/investinmiramichi.ca\/?s={search_term_string}"},"query-input":"required name=search_term_string"}],"inLanguage":"fr-CA"}]}},"_links":{"self":[{"href":"https:\/\/investinmiramichi.ca\/fr\/wp-json\/wp\/v2\/pages\/19"}],"collection":[{"href":"https:\/\/investinmiramichi.ca\/fr\/wp-json\/wp\/v2\/pages"}],"about":[{"href":"https:\/\/investinmiramichi.ca\/fr\/wp-json\/wp\/v2\/types\/page"}],"author":[{"embeddable":true,"href":"https:\/\/investinmiramichi.ca\/fr\/wp-json\/wp\/v2\/users\/1"}],"replies":[{"embeddable":true,"href":"https:\/\/investinmiramichi.ca\/fr\/wp-json\/wp\/v2\/comments?post=19"}],"version-history":[{"count":12,"href":"https:\/\/investinmiramichi.ca\/fr\/wp-json\/wp\/v2\/pages\/19\/revisions"}],"predecessor-version":[{"id":1256,"href":"https:\/\/investinmiramichi.ca\/fr\/wp-json\/wp\/v2\/pages\/19\/revisions\/1256"}],"wp:attachment":[{"href":"https:\/\/investinmiramichi.ca\/fr\/wp-json\/wp\/v2\/media?parent=19"}],"curies":[{"name":"wp","href":"https:\/\/api.w.org\/{rel}","templated":true}]}}