{"id":23,"date":"2020-11-03T17:30:23","date_gmt":"2020-11-03T17:30:23","guid":{"rendered":"http:\/\/miramichi.dev\/?page_id=23"},"modified":"2022-01-14T19:42:49","modified_gmt":"2022-01-14T19:42:49","slug":"business-profiles","status":"publish","type":"page","link":"https:\/\/investinmiramichi.ca\/fr\/profil-dentreprise\/","title":{"rendered":"Profil d\u2019entreprise"},"content":{"rendered":"<div id=\"fws_69f4a7226f40a\"  data-column-margin=\"default\" data-midnight=\"dark\" data-top-percent=\"4%\"  class=\"wpb_row vc_row-fluid vc_row full-width-section standard_section\"  style=\"padding-top: calc(100vw * 0.04); padding-bottom: 0px; \"><div class=\"row-bg-wrap\" data-bg-animation=\"none\" data-bg-overlay=\"false\"><div class=\"inner-wrap\"><div class=\"row-bg\"  style=\"\"><\/div><\/div><div class=\"row-bg-overlay\" ><\/div><\/div><div class=\"row_col_wrap_12 col span_12 dark left\">\n\t<div  class=\"vc_col-sm-12 wpb_column column_container vc_column_container col no-extra-padding inherit_tablet inherit_phone\"  data-t-w-inherits=\"default\" data-bg-cover=\"\" data-padding-pos=\"all\" data-has-bg-color=\"false\" data-bg-color=\"\" data-bg-opacity=\"1\" data-hover-bg=\"\" data-hover-bg-opacity=\"1\" data-animation=\"\" data-delay=\"0\" >\n\t\t<div class=\"vc_column-inner\" ><div class=\"column-bg-overlay-wrap\" data-bg-animation=\"none\"><div class=\"column-bg-overlay\"><\/div><\/div>\n\t\t\t<div class=\"wpb_wrapper\">\n\t\t\t\t\r\n<div class=\"row\">\r\n\r\n <div class=\"post-area col featured_img_left span_12 col_last\" data-ams=\"\" data-remove-post-date=\"1\" data-remove-post-author=\"1\" data-remove-post-comment-number=\"1\" data-remove-post-nectar-love=\"1\"> <div class=\"posts-container\" data-load-animation=\"none\">     \r\n     \r\n<article id=\"post-984\" class=\"post-984 post type-post status-publish format-standard has-post-thumbnail category-business-profile category-news\">  \r\n  \r\n  <div class=\"inner-wrap animated\">\r\n    \r\n    <div class=\"post-content\">\r\n      \r\n      <div class=\"article-content-wrap\">\r\n        \r\n        <div class=\"post-featured-img-wrap\">\r\n          \r\n          <a href=\"https:\/\/investinmiramichi.ca\/fr\/dew-engineering-development\/\"><span class=\"post-featured-img\" style=\"background-image: url(https:\/\/investinmiramichi.ca\/wp-content\/uploads\/2021\/02\/vt_miramichi_04-900x600.jpg);\"><\/span><\/a>          \r\n        <\/div><!--post-featured-img-wrap-->\r\n        \r\n        <div class=\"post-content-wrap\">\r\n          \r\n          <a class=\"entire-meta-link\" href=\"https:\/\/investinmiramichi.ca\/fr\/dew-engineering-development\/\"><\/a>\r\n          \r\n          <span class=\"meta-category\"><a class=\"business-profile\" href=\"https:\/\/investinmiramichi.ca\/fr\/category\/profil-dentreprise\/\">Profil de l'entreprise<\/a><a class=\"news\" href=\"https:\/\/investinmiramichi.ca\/fr\/category\/nouvelles\/\">Nouvelles<\/a><\/span>          \r\n          <div class=\"post-header\">\r\n            <h3 class=\"title\"><a href=\"https:\/\/investinmiramichi.ca\/fr\/dew-engineering-development\/\"> DEW Engineering and Development<\/a><\/h3>\r\n          <\/div>\r\n          \r\n          <div class=\"excerpt\">A profile of DEW Engineering and Development was recently featured in Canadian Defence Review. DEW\u2026<\/div><div class=\"grav-wrap\"><a href=\"https:\/\/investinmiramichi.ca\/fr\/author\/admin\/\"><img alt='admin' src='https:\/\/secure.gravatar.com\/avatar\/1197384e182b23cd7387ab31246748ac?s=70&#038;d=mm&#038;r=g' srcset='https:\/\/secure.gravatar.com\/avatar\/1197384e182b23cd7387ab31246748ac?s=140&#038;d=mm&#038;r=g 2x' class='avatar avatar-70 photo' height='70' width='70' \/><\/a><div class=\"text\"><a href=\"https:\/\/investinmiramichi.ca\/fr\/author\/admin\/\" rel=\"author\">admin<\/a><span>9 f\u00e9vrier 2021<\/span><\/div><\/div>          \r\n        <\/div><!--post-content-wrap-->\r\n        \r\n      <\/div><!--\/article-content-wrap-->\r\n      \r\n    <\/div><!--\/post-content-->\r\n    \r\n  <\/div><!--\/inner-wrap-->\r\n  \r\n<\/article>    \r\n    <\/div><!--\/posts container-->\r\n    \r\n      \r\n<\/div><!--\/post area-->\r\n\r\n  \r\n\r\n<\/div>\r\n\r\n\n\t\t\t<\/div> \n\t\t<\/div>\n\t<\/div> \n<\/div><\/div>","protected":false},"excerpt":{"rendered":"Un profil du DEW Engineering and Development a r\u00e9cemment \u00e9t\u00e9 pr\u00e9sent\u00e9 dans la revue Canadian Defence Review. DEW exploite la plus grande usine de fabrication de blindages composites en Am\u00e9rique du Nord, ici m\u00eame \u00e0 Miramichi....","protected":false},"author":1,"featured_media":0,"parent":0,"menu_order":0,"comment_status":"closed","ping_status":"closed","template":"","meta":{"_acf_changed":false,"footnotes":""},"acf":[],"yoast_head":"<!-- This site is optimized with the Yoast SEO plugin v21.7 - https:\/\/yoast.com\/wordpress\/plugins\/seo\/ -->\n<title>Business Profiles - Invest\/Investir Miramichi<\/title>\n<meta name=\"description\" content=\"Business Profiles - Showcasing successful businesses in the City of Miramichi.\" \/>\n<meta name=\"robots\" content=\"index, follow, max-snippet:-1, max-image-preview:large, max-video-preview:-1\" \/>\n<link rel=\"canonical\" href=\"https:\/\/investinmiramichi.ca\/fr\/profil-dentreprise\/\" \/>\n<meta property=\"og:locale\" content=\"fr_CA\" \/>\n<meta property=\"og:type\" content=\"article\" \/>\n<meta property=\"og:title\" content=\"Business Profiles - Invest\/Investir Miramichi\" \/>\n<meta property=\"og:description\" content=\"Business Profiles - Showcasing successful businesses in the City of Miramichi.\" \/>\n<meta property=\"og:url\" content=\"https:\/\/investinmiramichi.ca\/fr\/profil-dentreprise\/\" \/>\n<meta property=\"og:site_name\" content=\"Invest\/Investir Miramichi\" \/>\n<meta property=\"article:modified_time\" content=\"2022-01-14T19:42:49+00:00\" \/>\n<meta name=\"twitter:card\" content=\"summary_large_image\" \/>\n<meta name=\"twitter:label1\" content=\"Estimation du temps de lecture\" \/>\n\t<meta name=\"twitter:data1\" content=\"1 minute\" \/>\n<script type=\"application\/ld+json\" class=\"yoast-schema-graph\">{\"@context\":\"https:\/\/schema.org\",\"@graph\":[{\"@type\":\"WebPage\",\"@id\":\"https:\/\/investinmiramichi.ca\/business-profiles\/\",\"url\":\"https:\/\/investinmiramichi.ca\/business-profiles\/\",\"name\":\"Business Profiles - Invest\/Investir Miramichi\",\"isPartOf\":{\"@id\":\"https:\/\/investinmiramichi.ca\/#website\"},\"datePublished\":\"2020-11-03T17:30:23+00:00\",\"dateModified\":\"2022-01-14T19:42:49+00:00\",\"description\":\"Business Profiles - Showcasing successful businesses in the City of Miramichi.\",\"breadcrumb\":{\"@id\":\"https:\/\/investinmiramichi.ca\/business-profiles\/#breadcrumb\"},\"inLanguage\":\"fr-CA\",\"potentialAction\":[{\"@type\":\"ReadAction\",\"target\":[\"https:\/\/investinmiramichi.ca\/business-profiles\/\"]}]},{\"@type\":\"BreadcrumbList\",\"@id\":\"https:\/\/investinmiramichi.ca\/business-profiles\/#breadcrumb\",\"itemListElement\":[{\"@type\":\"ListItem\",\"position\":1,\"name\":\"Home\",\"item\":\"https:\/\/investinmiramichi.ca\/\"},{\"@type\":\"ListItem\",\"position\":2,\"name\":\"Business Profiles\"}]},{\"@type\":\"WebSite\",\"@id\":\"https:\/\/investinmiramichi.ca\/#website\",\"url\":\"https:\/\/investinmiramichi.ca\/\",\"name\":\"Invest\/Investir Miramichi\",\"description\":\"Miramichi Economic Development\",\"potentialAction\":[{\"@type\":\"SearchAction\",\"target\":{\"@type\":\"EntryPoint\",\"urlTemplate\":\"https:\/\/investinmiramichi.ca\/?s={search_term_string}\"},\"query-input\":\"required name=search_term_string\"}],\"inLanguage\":\"fr-CA\"}]}<\/script>\n<!-- \/ Yoast SEO plugin. -->","yoast_head_json":{"title":"Profils d'entreprises - Investissement \/ Investir Miramichi","description":"Profils d'entreprises - Pr\u00e9sentation des entreprises prosp\u00e8res de la ville de Miramichi.","robots":{"index":"index","follow":"follow","max-snippet":"max-snippet:-1","max-image-preview":"max-image-preview:large","max-video-preview":"max-video-preview:-1"},"canonical":"https:\/\/investinmiramichi.ca\/fr\/profil-dentreprise\/","og_locale":"fr_CA","og_type":"article","og_title":"Business Profiles - Invest\/Investir Miramichi","og_description":"Business Profiles - Showcasing successful businesses in the City of Miramichi.","og_url":"https:\/\/investinmiramichi.ca\/fr\/profil-dentreprise\/","og_site_name":"Invest\/Investir Miramichi","article_modified_time":"2022-01-14T19:42:49+00:00","twitter_card":"summary_large_image","twitter_misc":{"Estimation du temps de lecture":"1 minute"},"schema":{"@context":"https:\/\/schema.org","@graph":[{"@type":"WebPage","@id":"https:\/\/investinmiramichi.ca\/business-profiles\/","url":"https:\/\/investinmiramichi.ca\/business-profiles\/","name":"Profils d'entreprises - Investissement \/ Investir Miramichi","isPartOf":{"@id":"https:\/\/investinmiramichi.ca\/#website"},"datePublished":"2020-11-03T17:30:23+00:00","dateModified":"2022-01-14T19:42:49+00:00","description":"Profils d'entreprises - Pr\u00e9sentation des entreprises prosp\u00e8res de la ville de Miramichi.","breadcrumb":{"@id":"https:\/\/investinmiramichi.ca\/business-profiles\/#breadcrumb"},"inLanguage":"fr-CA","potentialAction":[{"@type":"ReadAction","target":["https:\/\/investinmiramichi.ca\/business-profiles\/"]}]},{"@type":"BreadcrumbList","@id":"https:\/\/investinmiramichi.ca\/business-profiles\/#breadcrumb","itemListElement":[{"@type":"ListItem","position":1,"name":"Home","item":"https:\/\/investinmiramichi.ca\/"},{"@type":"ListItem","position":2,"name":"Business Profiles"}]},{"@type":"WebSite","@id":"https:\/\/investinmiramichi.ca\/#website","url":"https:\/\/investinmiramichi.ca\/","name":"Investir\/investir \u00e0 Miramichi","description":"D\u00e9veloppement \u00e9conomique de la Miramichi","potentialAction":[{"@type":"SearchAction","target":{"@type":"EntryPoint","urlTemplate":"https:\/\/investinmiramichi.ca\/?s={search_term_string}"},"query-input":"required name=search_term_string"}],"inLanguage":"fr-CA"}]}},"_links":{"self":[{"href":"https:\/\/investinmiramichi.ca\/fr\/wp-json\/wp\/v2\/pages\/23"}],"collection":[{"href":"https:\/\/investinmiramichi.ca\/fr\/wp-json\/wp\/v2\/pages"}],"about":[{"href":"https:\/\/investinmiramichi.ca\/fr\/wp-json\/wp\/v2\/types\/page"}],"author":[{"embeddable":true,"href":"https:\/\/investinmiramichi.ca\/fr\/wp-json\/wp\/v2\/users\/1"}],"replies":[{"embeddable":true,"href":"https:\/\/investinmiramichi.ca\/fr\/wp-json\/wp\/v2\/comments?post=23"}],"version-history":[{"count":6,"href":"https:\/\/investinmiramichi.ca\/fr\/wp-json\/wp\/v2\/pages\/23\/revisions"}],"predecessor-version":[{"id":986,"href":"https:\/\/investinmiramichi.ca\/fr\/wp-json\/wp\/v2\/pages\/23\/revisions\/986"}],"wp:attachment":[{"href":"https:\/\/investinmiramichi.ca\/fr\/wp-json\/wp\/v2\/media?parent=23"}],"curies":[{"name":"wp","href":"https:\/\/api.w.org\/{rel}","templated":true}]}}