{"id":46,"date":"2020-11-03T17:46:54","date_gmt":"2020-11-03T17:46:54","guid":{"rendered":"http:\/\/miramichi.dev\/?page_id=46"},"modified":"2022-01-14T19:34:39","modified_gmt":"2022-01-14T19:34:39","slug":"start-a-business","status":"publish","type":"page","link":"https:\/\/investinmiramichi.ca\/fr\/lancez-une-entreprise\/","title":{"rendered":"Lancez une entreprise"},"content":{"rendered":"<div id=\"fws_69f52abe29506\"  data-column-margin=\"default\" data-midnight=\"light\" data-top-percent=\"4%\" data-bottom-percent=\"4%\"  class=\"wpb_row vc_row-fluid vc_row full-width-section standard_section\"  style=\"padding-top: calc(100vw * 0.04); padding-bottom: calc(100vw * 0.04); \"><div class=\"row-bg-wrap\" data-bg-animation=\"none\" data-bg-overlay=\"true\"><div class=\"inner-wrap\"><div class=\"row-bg\"  style=\"\"><\/div><\/div><div class=\"row-bg-overlay\" style=\"background: #55c8dc; background: linear-gradient(135deg,#55c8dc 0%,#0025dc 100%);  opacity: 0.8; \"><\/div><\/div><div class=\"row_col_wrap_12 col span_12 light left\">\n\t<div  class=\"vc_col-sm-3 wpb_column column_container vc_column_container col centered-text no-extra-padding inherit_tablet inherit_phone\"  data-t-w-inherits=\"default\" data-bg-cover=\"\" data-padding-pos=\"all\" data-has-bg-color=\"false\" data-bg-color=\"\" data-bg-opacity=\"1\" data-hover-bg=\"\" data-hover-bg-opacity=\"1\" data-animation=\"\" data-delay=\"0\" >\n\t\t<div class=\"vc_column-inner\" ><div class=\"column-bg-overlay-wrap\" data-bg-animation=\"none\"><div class=\"column-bg-overlay\"><\/div><\/div>\n\t\t\t<div class=\"wpb_wrapper\">\n\t\t\t\t<div class=\"nectar_icon_wrap\" data-style=\"border-animation\" data-draw=\"\" data-border-thickness=\"2px\" data-padding=\"20px\" data-color=\"extra-color-1\" style=\"\" >\r\n\t\t<div class=\"nectar_icon\" ><i style=\"font-size: 100px; line-height: 150px; height: 150px; width: 150px;\" class=\"iconsmind-Spring\"><\/i><\/div>\r\n\t<\/div>\n\t\t\t<\/div> \n\t\t<\/div>\n\t<\/div> \n\n\t<div  class=\"vc_col-sm-9 wpb_column column_container vc_column_container col no-extra-padding inherit_tablet inherit_phone\"  data-t-w-inherits=\"default\" data-bg-cover=\"\" data-padding-pos=\"all\" data-has-bg-color=\"false\" data-bg-color=\"\" data-bg-opacity=\"1\" data-hover-bg=\"\" data-hover-bg-opacity=\"1\" data-animation=\"\" data-delay=\"0\" >\n\t\t<div class=\"vc_column-inner\" ><div class=\"column-bg-overlay-wrap\" data-bg-animation=\"none\"><div class=\"column-bg-overlay\"><\/div><\/div>\n\t\t\t<div class=\"wpb_wrapper\">\n\t\t\t\t<h2 style=\"text-align: left\" class=\"vc_custom_heading\" >Lancez une entreprise \u00e0 Miramichi<\/h2><div id=\"fws_69f52abe29ec9\" data-midnight=\"\" data-column-margin=\"default\" class=\"wpb_row vc_row-fluid vc_row inner_row standard_section\"  style=\"padding-top: 0px; padding-bottom: 0px; \"><div class=\"row-bg-wrap\"> <div class=\"row-bg\" ><\/div> <\/div><div class=\"row_col_wrap_12_inner col span_12  left\">\n\t<div  class=\"vc_col-sm-12 wpb_column column_container vc_column_container col child_column no-extra-padding inherit_tablet inherit_phone\"   data-t-w-inherits=\"default\" data-bg-cover=\"\" data-padding-pos=\"all\" data-has-bg-color=\"false\" data-bg-color=\"\" data-bg-opacity=\"1\" data-hover-bg=\"\" data-hover-bg-opacity=\"1\" data-animation=\"\" data-delay=\"0\">\n\t\t<div class=\"vc_column-inner\" ><div class=\"column-bg-overlay-wrap\" data-bg-animation=\"none\"><div class=\"column-bg-overlay\"><\/div><\/div>\n\t\t<div class=\"wpb_wrapper\">\n\t\t\t\r\n<div class=\"wpb_text_column wpb_content_element\" >\r\n\t<div class=\"wpb_wrapper\">\r\n\t\t<p>La Miramichi est synonyme d\u2019affaires. Vous avez une id\u00e9e d\u2019entreprise que vous souhaitez concr\u00e9tiser? Miramichi est un endroit de choix pour d\u00e9marrer une entreprise.<\/p>\n<ul>\n<li>De faibles co\u00fbts d\u2019exploitation<\/li>\n<li>Un emplacement central avantageux donnant acc\u00e8s \u00e0 de nombreux march\u00e9s<\/li>\n<li>Des occasions d\u2019affaires dans divers secteurs cl\u00e9s<\/li>\n<\/ul>\n\t<\/div>\r\n<\/div>\r\n\r\n\r\n\r\n\n\t\t<\/div> \n\t<\/div>\n\t<\/div> \n<\/div><\/div>\n\t\t\t<\/div> \n\t\t<\/div>\n\t<\/div> \n<\/div><\/div>\n\t\t<div id=\"fws_69f52abe2a477\"  data-column-margin=\"default\" data-midnight=\"dark\"  class=\"wpb_row vc_row-fluid vc_row full-width-content  vc_row-o-equal-height vc_row-flex  vc_row-o-content-middle standard_section\"  style=\"padding-top: 0px; padding-bottom: 0px; \"><div class=\"row-bg-wrap\" data-bg-animation=\"none\" data-bg-overlay=\"false\"><div class=\"inner-wrap\"><div class=\"row-bg using-bg-color\"  style=\"background-color: #000000; \"><\/div><\/div><div class=\"row-bg-overlay\" ><\/div><\/div><div class=\"row_col_wrap_12 col span_12 dark left\">\n\t<div style=\"\" class=\"vc_col-sm-5 vc_hidden-xs wpb_column column_container vc_column_container col no-extra-padding inherit_tablet inherit_phone\" data-using-bg=\"true\" data-t-w-inherits=\"default\" data-bg-cover=\"\" data-padding-pos=\"all\" data-has-bg-color=\"false\" data-bg-color=\"\" data-bg-opacity=\"1\" data-hover-bg=\"\" data-hover-bg-opacity=\"1\" data-animation=\"\" data-delay=\"0\" >\n\t\t<div class=\"vc_column-inner\" ><div class=\"column-image-bg-wrap\" data-bg-pos=\"center center\" data-bg-animation=\"none\" data-bg-overlay=\"false\"><div class=\"inner-wrap\"><div class=\"column-image-bg\" style=\" background-image: url('https:\/\/investinmiramichi.ca\/wp-content\/uploads\/2020\/11\/you-x-ventures-m2TU2gfqSeE-unsplash-scaled.jpg'); \"><\/div><\/div><\/div><div class=\"column-bg-overlay-wrap\" data-bg-animation=\"none\"><div class=\"column-bg-overlay\"><\/div><\/div>\n\t\t\t<div class=\"wpb_wrapper\">\n\t\t\t\t\n\t\t\t<\/div> \n\t\t<\/div>\n\t<\/div> \n\n\t<div style=\"\" class=\"vc_col-sm-7 wpb_column column_container vc_column_container col padding-5-percent inherit_tablet inherit_phone\" data-using-bg=\"true\" data-t-w-inherits=\"default\" data-bg-cover=\"\" data-padding-pos=\"all\" data-has-bg-color=\"true\" data-bg-color=\"#ffffff\" data-bg-opacity=\"1\" data-hover-bg=\"\" data-hover-bg-opacity=\"1\" data-animation=\"\" data-delay=\"0\" >\n\t\t<div class=\"vc_column-inner\" ><div class=\"column-bg-overlay-wrap\" data-bg-animation=\"none\"><div class=\"column-bg-overlay\" style=\"opacity: 1; background-color: #ffffff;\"><\/div><\/div>\n\t\t\t<div class=\"wpb_wrapper\">\n\t\t\t\t<h6 style=\"color: #919191;text-align: left\" class=\"vc_custom_heading\" >Trouvez plus de ressources pour \u00e9tendre vos activit\u00e9s<\/h6>\r\n<div class=\"wpb_text_column wpb_content_element\" >\r\n\t<div class=\"wpb_wrapper\">\r\n\t\t<ul>\r\n    <li class='resource-info' style=\"padding-top: 10px;\">\r\n        <div class=\"resource-name\"><a target=\"_blank\" href=\"https:\/\/www.canada.ca\/fr\/promotion-economique-canada-atlantique\/services\/programmes.html\" title=\"Programmes de l&#039;APECA\" rel=\"bookmark\">Programmes de l'APECA<\/a><\/div>        <div class='resource-excerpt'>\r\n            <p>L'APECA aide les entreprises \u00e0 devenir plus comp\u00e9titives, novatrices et productives, et en travaillant avec diverses communaut\u00e9s pour d\u00e9velopper et diversifier les \u00e9conomies locales.<\/p>\n        <\/div>\r\n    <\/li>\r\n    <li class='resource-info' style=\"padding-top: 10px;\">\r\n        <div class=\"resource-name\"><a target=\"_blank\" href=\"https:\/\/www.canada.ca\/fr\/promotion-economique-canada-atlantique\/services\/conseils.html\" title=\"Conseils aux entreprises\" rel=\"bookmark\">Conseils aux entreprises<\/a><\/div>        <div class='resource-excerpt'>\r\n            <p>O\u00f9 trouver de l\u2019information sur les ressources, les r\u00e8glements et les programmes gouvernementaux qui vous aideront \u00e0 d\u00e9marrer et \u00e0 faire cro\u00eetre votre entreprise.<\/p>\n        <\/div>\r\n    <\/li>\r\n    <li class='resource-info' style=\"padding-top: 10px;\">\r\n        <div class=\"resource-name\"><a target=\"_blank\" href=\"https:\/\/onbcanada.ca\/fr\/pour-les-entreprises\/demarrer-une-entreprise-au-nouveau-brunswick\/\" title=\"D\u00e9marrer une entreprise au Nouveau-Brunswick\" rel=\"bookmark\">D\u00e9marrer une entreprise au Nouveau-Brunswick<\/a><\/div>        <div class='resource-excerpt'>\r\n            <p>ONB aide les entrepreneurs \u00e0 tirer parti de la collectivit\u00e9 florissante des entreprises en d\u00e9marrage du Nouveau-Brunswick, et \u00e0 avoir acc\u00e8s aux programmes et ressources dont ils ont besoin pour se lancer en affaires.<\/p>\n        <\/div>\r\n    <\/li>\r\n    <li class='resource-info' style=\"padding-top: 10px;\">\r\n        <div class=\"resource-name\"><a target=\"_blank\" href=\"https:\/\/onbcanada.ca\/fr\/pour-les-entreprises\/pour-les-entreprises-installer-votre-entreprise-au-n-b\/\" title=\"Localisez votre entreprise au Nouveau-Brunswick\" rel=\"bookmark\">Localisez votre entreprise au Nouveau-Brunswick<\/a><\/div>        <div class='resource-excerpt'>\r\n            <p>Aucun autre endroit en Am\u00e9rique du Nord ne r\u00e9unit autant d\u2019avantages commerciaux ni n\u2019offre une meilleure satisfaction de vie.<\/p>\n        <\/div>\r\n    <\/li>\r\n    <li class='resource-info' style=\"padding-top: 10px;\">\r\n        <div class=\"resource-name\"><a target=\"_blank\" href=\"https:\/\/www.facebook.com\/miramichicoworkingcentre\/?ref=page_internal\" title=\"Centre de co-travail de Miramichi\" rel=\"bookmark\">Centre de co-travail de Miramichi<\/a><\/div>        <div class='resource-excerpt'>\r\n            <p>Notre Centre de co-travail vous permet d'avoir votre espace, \u00e0 votre fa\u00e7on. Que vous ayez besoin d'un bureau pour un jour ou un mois, nous sommes l\u00e0 pour vous. Nous vous donnerons les moyens...<\/p>\n        <\/div>\r\n    <\/li>\r\n<\/ul>\n\t<\/div>\r\n<\/div>\r\n\r\n\r\n\r\n\n\t\t\t<\/div> \n\t\t<\/div>\n\t<\/div> \n<\/div><\/div>\n\t\t<div id=\"fws_69f52abe308a5\"  data-column-margin=\"default\" data-midnight=\"dark\"  class=\"wpb_row vc_row-fluid vc_row full-width-section  vc_row-o-equal-height vc_row-flex  vc_row-o-content-middle standard_section\"  style=\"padding-top: 80px; padding-bottom: 80px; \"><div class=\"row-bg-wrap\" data-bg-animation=\"none\" data-bg-overlay=\"true\"><div class=\"inner-wrap using-image\"><div class=\"row-bg using-image using-bg-color\"  style=\"background-image: url(https:\/\/investinmiramichi.ca\/wp-content\/uploads\/2020\/11\/priceville_bridge.jpg); background-position: center center; background-repeat: no-repeat; background-color: #ffffff; \"><\/div><\/div><div class=\"row-bg-overlay\" style=\"background-color:#ffca05;  opacity: 0.95; \"><\/div><\/div><div class=\"row_col_wrap_12 col span_12 dark left\">\n\t<div  class=\"vc_col-sm-5 wpb_column column_container vc_column_container col force-tablet-text-align-center force-phone-text-align-center no-extra-padding inherit_tablet inherit_phone\"  data-t-w-inherits=\"default\" data-bg-cover=\"\" data-padding-pos=\"all\" data-has-bg-color=\"false\" data-bg-color=\"\" data-bg-opacity=\"1\" data-hover-bg=\"\" data-hover-bg-opacity=\"1\" data-animation=\"\" data-delay=\"0\" >\n\t\t<div class=\"vc_column-inner\" ><div class=\"column-bg-overlay-wrap\" data-bg-animation=\"none\"><div class=\"column-bg-overlay\"><\/div><\/div>\n\t\t\t<div class=\"wpb_wrapper\">\n\t\t\t\t<div class=\"nectar-highlighted-text\" data-style=\"regular_underline\" data-underline-thickness=\"default\" data-using-custom-color=\"true\" data-animation-delay=\"false\" data-color=\"#f2f2f2\" data-color-gradient=\"\" style=\"\">\n<h2 class=\"translation-block\">Commencez d\u00e8s aujourd\u2019hui<\/h2>\n<\/div>\n\t\t\t<\/div> \n\t\t<\/div>\n\t<\/div> \n\n\t<div  class=\"vc_col-sm-1 wpb_column column_container vc_column_container col force-tablet-text-align-center force-phone-text-align-center no-extra-padding inherit_tablet inherit_phone\"  data-t-w-inherits=\"default\" data-bg-cover=\"\" data-padding-pos=\"all\" data-has-bg-color=\"false\" data-bg-color=\"\" data-bg-opacity=\"1\" data-hover-bg=\"\" data-hover-bg-opacity=\"1\" data-animation=\"\" data-delay=\"0\" >\n\t\t<div class=\"vc_column-inner\" ><div class=\"column-bg-overlay-wrap\" data-bg-animation=\"none\"><div class=\"column-bg-overlay\"><\/div><\/div>\n\t\t\t<div class=\"wpb_wrapper\">\n\t\t\t\t\n\t\t\t<\/div> \n\t\t<\/div>\n\t<\/div> \n\n\t<div  class=\"vc_col-sm-6 wpb_column column_container vc_column_container col force-tablet-text-align-center force-phone-text-align-center no-extra-padding inherit_tablet inherit_phone\"  data-t-w-inherits=\"default\" data-bg-cover=\"\" data-padding-pos=\"all\" data-has-bg-color=\"false\" data-bg-color=\"\" data-bg-opacity=\"1\" data-hover-bg=\"\" data-hover-bg-opacity=\"1\" data-animation=\"\" data-delay=\"0\" >\n\t\t<div class=\"vc_column-inner\" ><div class=\"column-bg-overlay-wrap\" data-bg-animation=\"none\"><div class=\"column-bg-overlay\"><\/div><\/div>\n\t\t\t<div class=\"wpb_wrapper\">\n\t\t\t\t<div id=\"fws_69f52abe31001\" data-midnight=\"\" data-column-margin=\"default\" class=\"wpb_row vc_row-fluid vc_row inner_row standard_section\"  style=\"padding-top: 0px; padding-bottom: 0px; \"><div class=\"row-bg-wrap\"> <div class=\"row-bg\" ><\/div> <\/div><div class=\"row_col_wrap_12_inner col span_12  right\">\n\t<div  class=\"vc_col-sm-12 wpb_column column_container vc_column_container col child_column no-extra-padding inherit_tablet inherit_phone\"   data-t-w-inherits=\"default\" data-bg-cover=\"\" data-padding-pos=\"all\" data-has-bg-color=\"false\" data-bg-color=\"\" data-bg-opacity=\"1\" data-hover-bg=\"\" data-hover-bg-opacity=\"1\" data-animation=\"\" data-delay=\"0\">\n\t\t<div class=\"vc_column-inner\" ><div class=\"column-bg-overlay-wrap\" data-bg-animation=\"none\"><div class=\"column-bg-overlay\"><\/div><\/div>\n\t\t<div class=\"wpb_wrapper\">\n\t\t\t<a class=\"nectar-button jumbo see-through-2  has-icon\"  style=\"border-color: #000000; color: #000000;\"  href=\"https:\/\/investinmiramichi.ca\/fr\/contacter\/\" data-color-override=\"#000000\"  data-hover-color-override=\"#ffffff\" data-hover-text-color-override=\"#000000\"><span>Contactez-nous<\/span><i  class=\"icon-button-arrow\"><\/i><\/a>\n\t\t<\/div> \n\t<\/div>\n\t<\/div> \n<\/div><\/div>\n\t\t\t<\/div> \n\t\t<\/div>\n\t<\/div> \n<\/div><\/div>","protected":false},"excerpt":{"rendered":"Notre centre de co-travail vous permet d'avoir votre espace, \u00e0 votre fa\u00e7on. Que vous ayez besoin d'un bureau pour un jour ou un mois, nous sommes l\u00e0 pour vous. Nous vous donnons les moyens...","protected":false},"author":1,"featured_media":0,"parent":0,"menu_order":0,"comment_status":"closed","ping_status":"closed","template":"","meta":{"_acf_changed":false,"footnotes":""},"acf":[],"yoast_head":"<!-- This site is optimized with the Yoast SEO plugin v21.7 - https:\/\/yoast.com\/wordpress\/plugins\/seo\/ -->\n<title>Start a Business - Invest\/Investir Miramichi<\/title>\n<meta name=\"description\" content=\"Start a Business - Have a business idea you want to make a reality? Miramichi is a great place to start a business.\" \/>\n<meta name=\"robots\" content=\"index, follow, max-snippet:-1, max-image-preview:large, max-video-preview:-1\" \/>\n<link rel=\"canonical\" href=\"https:\/\/investinmiramichi.ca\/fr\/lancez-une-entreprise\/\" \/>\n<meta property=\"og:locale\" content=\"fr_CA\" \/>\n<meta property=\"og:type\" content=\"article\" \/>\n<meta property=\"og:title\" content=\"Start a Business - Invest\/Investir Miramichi\" \/>\n<meta property=\"og:description\" content=\"Start a Business - Have a business idea you want to make a reality? Miramichi is a great place to start a business.\" \/>\n<meta property=\"og:url\" content=\"https:\/\/investinmiramichi.ca\/fr\/lancez-une-entreprise\/\" \/>\n<meta property=\"og:site_name\" content=\"Invest\/Investir Miramichi\" \/>\n<meta property=\"article:modified_time\" content=\"2022-01-14T19:34:39+00:00\" \/>\n<meta name=\"twitter:card\" content=\"summary_large_image\" \/>\n<meta name=\"twitter:label1\" content=\"Estimation du temps de lecture\" \/>\n\t<meta name=\"twitter:data1\" content=\"2 minutes\" \/>\n<script type=\"application\/ld+json\" class=\"yoast-schema-graph\">{\"@context\":\"https:\/\/schema.org\",\"@graph\":[{\"@type\":\"WebPage\",\"@id\":\"https:\/\/investinmiramichi.ca\/start-a-business\/\",\"url\":\"https:\/\/investinmiramichi.ca\/start-a-business\/\",\"name\":\"Start a Business - Invest\/Investir Miramichi\",\"isPartOf\":{\"@id\":\"https:\/\/investinmiramichi.ca\/#website\"},\"datePublished\":\"2020-11-03T17:46:54+00:00\",\"dateModified\":\"2022-01-14T19:34:39+00:00\",\"description\":\"Start a Business - Have a business idea you want to make a reality? Miramichi is a great place to start a business.\",\"breadcrumb\":{\"@id\":\"https:\/\/investinmiramichi.ca\/start-a-business\/#breadcrumb\"},\"inLanguage\":\"fr-CA\",\"potentialAction\":[{\"@type\":\"ReadAction\",\"target\":[\"https:\/\/investinmiramichi.ca\/start-a-business\/\"]}]},{\"@type\":\"BreadcrumbList\",\"@id\":\"https:\/\/investinmiramichi.ca\/start-a-business\/#breadcrumb\",\"itemListElement\":[{\"@type\":\"ListItem\",\"position\":1,\"name\":\"Home\",\"item\":\"https:\/\/investinmiramichi.ca\/\"},{\"@type\":\"ListItem\",\"position\":2,\"name\":\"Start a Business\"}]},{\"@type\":\"WebSite\",\"@id\":\"https:\/\/investinmiramichi.ca\/#website\",\"url\":\"https:\/\/investinmiramichi.ca\/\",\"name\":\"Invest\/Investir Miramichi\",\"description\":\"Miramichi Economic Development\",\"potentialAction\":[{\"@type\":\"SearchAction\",\"target\":{\"@type\":\"EntryPoint\",\"urlTemplate\":\"https:\/\/investinmiramichi.ca\/?s={search_term_string}\"},\"query-input\":\"required name=search_term_string\"}],\"inLanguage\":\"fr-CA\"}]}<\/script>\n<!-- \/ Yoast SEO plugin. -->","yoast_head_json":{"title":"D\u00e9marrer une entreprise - Investir\/investir Miramichi","description":"D\u00e9marrer une entreprise - Vous avez une id\u00e9e d'entreprise que vous voulez concr\u00e9tiser ? Miramichi est un endroit id\u00e9al pour d\u00e9marrer une entreprise.","robots":{"index":"index","follow":"follow","max-snippet":"max-snippet:-1","max-image-preview":"max-image-preview:large","max-video-preview":"max-video-preview:-1"},"canonical":"https:\/\/investinmiramichi.ca\/fr\/lancez-une-entreprise\/","og_locale":"fr_CA","og_type":"article","og_title":"Start a Business - Invest\/Investir Miramichi","og_description":"Start a Business - Have a business idea you want to make a reality? Miramichi is a great place to start a business.","og_url":"https:\/\/investinmiramichi.ca\/fr\/lancez-une-entreprise\/","og_site_name":"Invest\/Investir Miramichi","article_modified_time":"2022-01-14T19:34:39+00:00","twitter_card":"summary_large_image","twitter_misc":{"Estimation du temps de lecture":"2 minutes"},"schema":{"@context":"https:\/\/schema.org","@graph":[{"@type":"WebPage","@id":"https:\/\/investinmiramichi.ca\/start-a-business\/","url":"https:\/\/investinmiramichi.ca\/start-a-business\/","name":"D\u00e9marrer une entreprise - Investir\/investir Miramichi","isPartOf":{"@id":"https:\/\/investinmiramichi.ca\/#website"},"datePublished":"2020-11-03T17:46:54+00:00","dateModified":"2022-01-14T19:34:39+00:00","description":"D\u00e9marrer une entreprise - Vous avez une id\u00e9e d'entreprise que vous voulez concr\u00e9tiser ? Miramichi est un endroit id\u00e9al pour d\u00e9marrer une entreprise.","breadcrumb":{"@id":"https:\/\/investinmiramichi.ca\/start-a-business\/#breadcrumb"},"inLanguage":"fr-CA","potentialAction":[{"@type":"ReadAction","target":["https:\/\/investinmiramichi.ca\/start-a-business\/"]}]},{"@type":"BreadcrumbList","@id":"https:\/\/investinmiramichi.ca\/start-a-business\/#breadcrumb","itemListElement":[{"@type":"ListItem","position":1,"name":"Home","item":"https:\/\/investinmiramichi.ca\/"},{"@type":"ListItem","position":2,"name":"Start a Business"}]},{"@type":"WebSite","@id":"https:\/\/investinmiramichi.ca\/#website","url":"https:\/\/investinmiramichi.ca\/","name":"Investir\/investir \u00e0 Miramichi","description":"D\u00e9veloppement \u00e9conomique de la Miramichi","potentialAction":[{"@type":"SearchAction","target":{"@type":"EntryPoint","urlTemplate":"https:\/\/investinmiramichi.ca\/?s={search_term_string}"},"query-input":"required name=search_term_string"}],"inLanguage":"fr-CA"}]}},"_links":{"self":[{"href":"https:\/\/investinmiramichi.ca\/fr\/wp-json\/wp\/v2\/pages\/46"}],"collection":[{"href":"https:\/\/investinmiramichi.ca\/fr\/wp-json\/wp\/v2\/pages"}],"about":[{"href":"https:\/\/investinmiramichi.ca\/fr\/wp-json\/wp\/v2\/types\/page"}],"author":[{"embeddable":true,"href":"https:\/\/investinmiramichi.ca\/fr\/wp-json\/wp\/v2\/users\/1"}],"replies":[{"embeddable":true,"href":"https:\/\/investinmiramichi.ca\/fr\/wp-json\/wp\/v2\/comments?post=46"}],"version-history":[{"count":9,"href":"https:\/\/investinmiramichi.ca\/fr\/wp-json\/wp\/v2\/pages\/46\/revisions"}],"predecessor-version":[{"id":456,"href":"https:\/\/investinmiramichi.ca\/fr\/wp-json\/wp\/v2\/pages\/46\/revisions\/456"}],"wp:attachment":[{"href":"https:\/\/investinmiramichi.ca\/fr\/wp-json\/wp\/v2\/media?parent=46"}],"curies":[{"name":"wp","href":"https:\/\/api.w.org\/{rel}","templated":true}]}}