{"id":48,"date":"2020-11-03T17:48:02","date_gmt":"2020-11-03T17:48:02","guid":{"rendered":"http:\/\/miramichi.dev\/?page_id=48"},"modified":"2022-01-14T19:35:48","modified_gmt":"2022-01-14T19:35:48","slug":"grow-your-business","status":"publish","type":"page","link":"https:\/\/investinmiramichi.ca\/fr\/developpez-votre-enterprise\/","title":{"rendered":"D\u00e9veloppez votre entreprise"},"content":{"rendered":"<div id=\"fws_69f4f4645a601\"  data-column-margin=\"default\" data-midnight=\"light\" data-top-percent=\"4%\" data-bottom-percent=\"4%\"  class=\"wpb_row vc_row-fluid vc_row full-width-section standard_section\"  style=\"padding-top: calc(100vw * 0.04); padding-bottom: calc(100vw * 0.04); \"><div class=\"row-bg-wrap\" data-bg-animation=\"none\" data-bg-overlay=\"true\"><div class=\"inner-wrap\"><div class=\"row-bg\"  style=\"\"><\/div><\/div><div class=\"row-bg-overlay\" style=\"background: #55c8dc; background: linear-gradient(135deg,#55c8dc 0%,#0025dc 100%);  opacity: 0.8; \"><\/div><\/div><div class=\"row_col_wrap_12 col span_12 light left\">\n\t<div  class=\"vc_col-sm-3 wpb_column column_container vc_column_container col centered-text no-extra-padding inherit_tablet inherit_phone\"  data-t-w-inherits=\"default\" data-bg-cover=\"\" data-padding-pos=\"all\" data-has-bg-color=\"false\" data-bg-color=\"\" data-bg-opacity=\"1\" data-hover-bg=\"\" data-hover-bg-opacity=\"1\" data-animation=\"\" data-delay=\"0\" >\n\t\t<div class=\"vc_column-inner\" ><div class=\"column-bg-overlay-wrap\" data-bg-animation=\"none\"><div class=\"column-bg-overlay\"><\/div><\/div>\n\t\t\t<div class=\"wpb_wrapper\">\n\t\t\t\t<div class=\"nectar_icon_wrap\" data-style=\"border-animation\" data-draw=\"\" data-border-thickness=\"2px\" data-padding=\"20px\" data-color=\"extra-color-1\" style=\"\" >\r\n\t\t<div class=\"nectar_icon\" ><i style=\"font-size: 100px; line-height: 150px; height: 150px; width: 150px;\" class=\"iconsmind-Monitor-Analytics\"><\/i><\/div>\r\n\t<\/div>\n\t\t\t<\/div> \n\t\t<\/div>\n\t<\/div> \n\n\t<div  class=\"vc_col-sm-9 wpb_column column_container vc_column_container col no-extra-padding inherit_tablet inherit_phone\"  data-t-w-inherits=\"default\" data-bg-cover=\"\" data-padding-pos=\"all\" data-has-bg-color=\"false\" data-bg-color=\"\" data-bg-opacity=\"1\" data-hover-bg=\"\" data-hover-bg-opacity=\"1\" data-animation=\"\" data-delay=\"0\" >\n\t\t<div class=\"vc_column-inner\" ><div class=\"column-bg-overlay-wrap\" data-bg-animation=\"none\"><div class=\"column-bg-overlay\"><\/div><\/div>\n\t\t\t<div class=\"wpb_wrapper\">\n\t\t\t\t<h2 style=\"text-align: left\" class=\"vc_custom_heading\" >D\u00e9veloppez votre entreprise \u00e0 Miramichi<\/h2><div id=\"fws_69f4f4645afdc\" data-midnight=\"\" data-column-margin=\"default\" class=\"wpb_row vc_row-fluid vc_row inner_row standard_section\"  style=\"padding-top: 0px; padding-bottom: 0px; \"><div class=\"row-bg-wrap\"> <div class=\"row-bg\" ><\/div> <\/div><div class=\"row_col_wrap_12_inner col span_12  left\">\n\t<div  class=\"vc_col-sm-12 wpb_column column_container vc_column_container col child_column no-extra-padding inherit_tablet inherit_phone\"   data-t-w-inherits=\"default\" data-bg-cover=\"\" data-padding-pos=\"all\" data-has-bg-color=\"false\" data-bg-color=\"\" data-bg-opacity=\"1\" data-hover-bg=\"\" data-hover-bg-opacity=\"1\" data-animation=\"\" data-delay=\"0\">\n\t\t<div class=\"vc_column-inner\" ><div class=\"column-bg-overlay-wrap\" data-bg-animation=\"none\"><div class=\"column-bg-overlay\"><\/div><\/div>\n\t\t<div class=\"wpb_wrapper\">\n\t\t\t\r\n<div class=\"wpb_text_column wpb_content_element\" >\r\n\t<div class=\"wpb_wrapper\">\r\n\t\t<p>Miramichi est synonyme d\u2019affaires. Vous y trouverez plusieurs possibilit\u00e9s pour d\u00e9velopper votre entreprise.<\/p>\n<ul>\n<li>Agrandissez votre \u00e9quipe en recrutant des travailleurs qualifi\u00e9s dans votre secteur<\/li>\n<li>Faites cro\u00eetre votre entreprise en exportant vos produits<\/li>\n<li>Devenez plus comp\u00e9titif sur votre march\u00e9<\/li>\n<\/ul>\n\t<\/div>\r\n<\/div>\r\n\r\n\r\n\r\n\n\t\t<\/div> \n\t<\/div>\n\t<\/div> \n<\/div><\/div>\n\t\t\t<\/div> \n\t\t<\/div>\n\t<\/div> \n<\/div><\/div>\n\t\t<div id=\"fws_69f4f4645b5c6\"  data-column-margin=\"default\" data-midnight=\"dark\"  class=\"wpb_row vc_row-fluid vc_row full-width-content  vc_row-o-equal-height vc_row-flex  vc_row-o-content-middle standard_section\"  style=\"padding-top: 0px; padding-bottom: 0px; \"><div class=\"row-bg-wrap\" data-bg-animation=\"none\" data-bg-overlay=\"false\"><div class=\"inner-wrap\"><div class=\"row-bg using-bg-color\"  style=\"background-color: #000000; \"><\/div><\/div><div class=\"row-bg-overlay\" ><\/div><\/div><div class=\"row_col_wrap_12 col span_12 dark left\">\n\t<div style=\"\" class=\"vc_col-sm-5 vc_hidden-xs wpb_column column_container vc_column_container col no-extra-padding inherit_tablet inherit_phone\" data-using-bg=\"true\" data-t-w-inherits=\"default\" data-bg-cover=\"\" data-padding-pos=\"all\" data-has-bg-color=\"false\" data-bg-color=\"\" data-bg-opacity=\"1\" data-hover-bg=\"\" data-hover-bg-opacity=\"1\" data-animation=\"\" data-delay=\"0\" >\n\t\t<div class=\"vc_column-inner\" ><div class=\"column-image-bg-wrap\" data-bg-pos=\"right bottom\" data-bg-animation=\"none\" data-bg-overlay=\"false\"><div class=\"inner-wrap\"><div class=\"column-image-bg\" style=\" background-image: url('https:\/\/investinmiramichi.ca\/wp-content\/uploads\/2020\/11\/adam-winger-zwFOsDJIT5k-unsplash-scaled.jpg'); \"><\/div><\/div><\/div><div class=\"column-bg-overlay-wrap\" data-bg-animation=\"none\"><div class=\"column-bg-overlay\"><\/div><\/div>\n\t\t\t<div class=\"wpb_wrapper\">\n\t\t\t\t\n\t\t\t<\/div> \n\t\t<\/div>\n\t<\/div> \n\n\t<div style=\"\" class=\"vc_col-sm-7 wpb_column column_container vc_column_container col padding-5-percent inherit_tablet inherit_phone\" data-using-bg=\"true\" data-t-w-inherits=\"default\" data-bg-cover=\"\" data-padding-pos=\"all\" data-has-bg-color=\"true\" data-bg-color=\"#ffffff\" data-bg-opacity=\"1\" data-hover-bg=\"\" data-hover-bg-opacity=\"1\" data-animation=\"\" data-delay=\"0\" >\n\t\t<div class=\"vc_column-inner\" ><div class=\"column-bg-overlay-wrap\" data-bg-animation=\"none\"><div class=\"column-bg-overlay\" style=\"opacity: 1; background-color: #ffffff;\"><\/div><\/div>\n\t\t\t<div class=\"wpb_wrapper\">\n\t\t\t\t<h6 style=\"color: #919191;text-align: left\" class=\"vc_custom_heading\" >Trouvez plus de ressources pour \u00e9tendre vos activit\u00e9s<\/h6>\r\n<div class=\"wpb_text_column wpb_content_element\" >\r\n\t<div class=\"wpb_wrapper\">\r\n\t\t<ul>\r\n    <li class='resource-info' style=\"padding-top: 10px;\">\r\n        <div class=\"resource-name\"><a target=\"_blank\" href=\"https:\/\/www.canada.ca\/fr\/promotion-economique-canada-atlantique\/services\/programmes.html\" title=\"Programmes de l&#039;APECA\" rel=\"bookmark\">Programmes de l'APECA<\/a><\/div>        <div class='resource-excerpt'>\r\n            <p>L'APECA aide les entreprises \u00e0 devenir plus comp\u00e9titives, novatrices et productives, et en travaillant avec diverses communaut\u00e9s pour d\u00e9velopper et diversifier les \u00e9conomies locales.<\/p>\n        <\/div>\r\n    <\/li>\r\n    <li class='resource-info' style=\"padding-top: 10px;\">\r\n        <div class=\"resource-name\"><a target=\"_blank\" href=\"https:\/\/www.canada.ca\/fr\/promotion-economique-canada-atlantique\/services\/concurrentiel.html\" title=\"Devenez plus concurrentiel\" rel=\"bookmark\">Devenez plus concurrentiel<\/a><\/div>        <div class='resource-excerpt'>\r\n            <p>Que vous ayez besoin d'am\u00e9liorer votre productivit\u00e9, de satisfaire \u00e0 des normes de qualit\u00e9 \u00e9lev\u00e9es ou d'innover pour aller de l'avant, l'APECA offre des programmes qui peuvent vous aider \u00e0 d\u00e9velopper un avantage.<\/p>\n        <\/div>\r\n    <\/li>\r\n    <li class='resource-info' style=\"padding-top: 10px;\">\r\n        <div class=\"resource-name\"><a target=\"_blank\" href=\"https:\/\/www.canada.ca\/fr\/promotion-economique-canada-atlantique\/services\/conseils.html\" title=\"Conseils aux entreprises\" rel=\"bookmark\">Conseils aux entreprises<\/a><\/div>        <div class='resource-excerpt'>\r\n            <p>O\u00f9 trouver de l\u2019information sur les ressources, les r\u00e8glements et les programmes gouvernementaux qui vous aideront \u00e0 d\u00e9marrer et \u00e0 faire cro\u00eetre votre entreprise.<\/p>\n        <\/div>\r\n    <\/li>\r\n    <li class='resource-info' style=\"padding-top: 10px;\">\r\n        <div class=\"resource-name\"><a target=\"_blank\" href=\"https:\/\/www.canada.ca\/fr\/promotion-economique-canada-atlantique\/services\/developper.html\" title=\"\u00c9tendez vos activit\u00e9s \u00e0 Miramichi\" rel=\"bookmark\">\u00c9tendez vos activit\u00e9s \u00e0 Miramichi<\/a><\/div>        <div class='resource-excerpt'>\r\n            <p>Si vous songez \u00e0 d\u00e9velopper ou \u00e0 moderniser votre entreprise, l\u2019APECA peut vous aider \u00e0 r\u00e9aliser vos projets d\u2019immobilisations en vous accordant une contribution remboursable sans int\u00e9r\u00eats. Nous pouvons \u00e9galement vous octroyer de l\u2019aide \u00e0 l\u2019\u00e9gard de vos frais d\u2019exploitation pour la formation, la recherche, le marketing, l\u2019am\u00e9lioration de la productivit\u00e9, l\u2019assurance de la qualit\u00e9 et la gestion de l\u2019environnement.<\/p>\n        <\/div>\r\n    <\/li>\r\n    <li class='resource-info' style=\"padding-top: 10px;\">\r\n        <div class=\"resource-name\"><a target=\"_blank\" href=\"https:\/\/www.canada.ca\/fr\/promotion-economique-canada-atlantique\/services\/financer.html\" title=\"Financez votre projet d\u2019entreprise\" rel=\"bookmark\">Financez votre projet d\u2019entreprise<\/a><\/div>        <div class='resource-excerpt'>\r\n            <p>Vous voulez d\u00e9velopper vos id\u00e9es novatrices et commercialiser vos produits? L\u2019APECA peut vous aider \u00e0 financer vos projets et \u00e0 acqu\u00e9rir des technologies de pointe afin d\u2019am\u00e9liorer la productivit\u00e9 et la comp\u00e9titivit\u00e9 globales de votre entreprise.<\/p>\n        <\/div>\r\n    <\/li>\r\n    <li class='resource-info' style=\"padding-top: 10px;\">\r\n        <div class=\"resource-name\"><a target=\"_blank\" href=\"https:\/\/onbcanada.ca\/fr\/pour-les-entreprises\/faire-croitre-une-entreprise-au-nouveau-brunswick\/\" title=\"Faire cro\u00eetre une entreprise au Nouveau-Brunswick\" rel=\"bookmark\">Faire cro\u00eetre une entreprise au Nouveau-Brunswick<\/a><\/div>        <div class='resource-excerpt'>\r\n            <p>ONB aide les entreprises d\u00e9j\u00e0 existantes au Nouveau-Brunswick \u00e0 passer un autre niveau de r\u00e9ussite. Que vous soyez une entreprise en d\u00e9marrage, une entreprise d\u00e9j\u00e0 \u00e9tablie, ou une entreprise ax\u00e9e sur l\u2019exportation, nous vous aiderons \u00e0 trouver les nouveaux march\u00e9s, les ressources et les talents qui vous permettront de cro\u00eetre.<\/p>\n        <\/div>\r\n    <\/li>\r\n    <li class='resource-info' style=\"padding-top: 10px;\">\r\n        <div class=\"resource-name\"><a target=\"_blank\" href=\"https:\/\/www.facebook.com\/miramichicoworkingcentre\/?ref=page_internal\" title=\"Centre de co-travail de Miramichi\" rel=\"bookmark\">Centre de co-travail de Miramichi<\/a><\/div>        <div class='resource-excerpt'>\r\n            <p>Notre Centre de co-travail vous permet d'avoir votre espace, \u00e0 votre fa\u00e7on. Que vous ayez besoin d'un bureau pour un jour ou un mois, nous sommes l\u00e0 pour vous. Nous vous donnerons les moyens...<\/p>\n        <\/div>\r\n    <\/li>\r\n    <li class='resource-info' style=\"padding-top: 10px;\">\r\n        <div class=\"resource-name\"><a target=\"_blank\" href=\"https:\/\/onbcanada.ca\/fr\/pour-les-entreprises\/embaucher-une-main-doeuvre-qualifiee\/\" title=\"Embaucher une main-d&#039;oeuvre qualifi\u00e9e\" rel=\"bookmark\">Embaucher une main-d'oeuvre qualifi\u00e9e<\/a><\/div>        <div class='resource-excerpt'>\r\n            <p>Les strat\u00e8ges de la main d\u2019\u0153uvre d\u2019ONB travaillent avec vous de mani\u00e8re individualis\u00e9e pour vous aider \u00e0 recruter les meilleurs talents locaux et \u00e9trangers dont vous avez besoin pour faire cro\u00eetre votre entreprise.<\/p>\n        <\/div>\r\n    <\/li>\r\n    <li class='resource-info' style=\"padding-top: 10px;\">\r\n        <div class=\"resource-name\"><a target=\"_blank\" href=\"https:\/\/onbcanada.ca\/fr\/pour-les-entreprises\/commencer-a-exporter-ou-accroitre-vos-exportations-au-nouveau-brunswick\/\" title=\"Commencer \u00e0 exporter ou accro\u00eetre vos exportations au Nouveau-Brunswick\" rel=\"bookmark\">Commencer \u00e0 exporter ou accro\u00eetre vos exportations au Nouveau-Brunswick<\/a><\/div>        <div class='resource-excerpt'>\r\n            <p>ONB aide les entreprises du Nouveau-Brunswick \u00e0 diversifier et \u00e0 accro\u00eetre leurs activit\u00e9s commerciales en trouvant de nouveaux march\u00e9s au Canada et \u00e0 l\u2019\u00e9tranger.<\/p>\n        <\/div>\r\n    <\/li>\r\n<\/ul>\n\t<\/div>\r\n<\/div>\r\n\r\n\r\n\r\n\n\t\t\t<\/div> \n\t\t<\/div>\n\t<\/div> \n<\/div><\/div>\n\t\t<div id=\"fws_69f4f46464264\"  data-column-margin=\"default\" data-midnight=\"dark\"  class=\"wpb_row vc_row-fluid vc_row full-width-section  vc_row-o-equal-height vc_row-flex  vc_row-o-content-middle standard_section\"  style=\"padding-top: 80px; padding-bottom: 80px; \"><div class=\"row-bg-wrap\" data-bg-animation=\"none\" data-bg-overlay=\"true\"><div class=\"inner-wrap using-image\"><div class=\"row-bg using-image using-bg-color\"  style=\"background-image: url(https:\/\/investinmiramichi.ca\/wp-content\/uploads\/2020\/11\/priceville_bridge.jpg); background-position: center center; background-repeat: no-repeat; background-color: #ffffff; \"><\/div><\/div><div class=\"row-bg-overlay\" style=\"background-color:#ffca05;  opacity: 0.95; \"><\/div><\/div><div class=\"row_col_wrap_12 col span_12 dark left\">\n\t<div  class=\"vc_col-sm-5 wpb_column column_container vc_column_container col force-tablet-text-align-center force-phone-text-align-center no-extra-padding inherit_tablet inherit_phone\"  data-t-w-inherits=\"default\" data-bg-cover=\"\" data-padding-pos=\"all\" data-has-bg-color=\"false\" data-bg-color=\"\" data-bg-opacity=\"1\" data-hover-bg=\"\" data-hover-bg-opacity=\"1\" data-animation=\"\" data-delay=\"0\" >\n\t\t<div class=\"vc_column-inner\" ><div class=\"column-bg-overlay-wrap\" data-bg-animation=\"none\"><div class=\"column-bg-overlay\"><\/div><\/div>\n\t\t\t<div class=\"wpb_wrapper\">\n\t\t\t\t<div class=\"nectar-highlighted-text\" data-style=\"regular_underline\" data-underline-thickness=\"default\" data-using-custom-color=\"true\" data-animation-delay=\"false\" data-color=\"#f2f2f2\" data-color-gradient=\"\" style=\"\">\n<h2 class=\"translation-block\">Commencez d\u00e8s aujourd\u2019hui<\/h2>\n<\/div>\n\t\t\t<\/div> \n\t\t<\/div>\n\t<\/div> \n\n\t<div  class=\"vc_col-sm-1 wpb_column column_container vc_column_container col force-tablet-text-align-center force-phone-text-align-center no-extra-padding inherit_tablet inherit_phone\"  data-t-w-inherits=\"default\" data-bg-cover=\"\" data-padding-pos=\"all\" data-has-bg-color=\"false\" data-bg-color=\"\" data-bg-opacity=\"1\" data-hover-bg=\"\" data-hover-bg-opacity=\"1\" data-animation=\"\" data-delay=\"0\" >\n\t\t<div class=\"vc_column-inner\" ><div class=\"column-bg-overlay-wrap\" data-bg-animation=\"none\"><div class=\"column-bg-overlay\"><\/div><\/div>\n\t\t\t<div class=\"wpb_wrapper\">\n\t\t\t\t\n\t\t\t<\/div> \n\t\t<\/div>\n\t<\/div> \n\n\t<div  class=\"vc_col-sm-6 wpb_column column_container vc_column_container col force-tablet-text-align-center force-phone-text-align-center no-extra-padding inherit_tablet inherit_phone\"  data-t-w-inherits=\"default\" data-bg-cover=\"\" data-padding-pos=\"all\" data-has-bg-color=\"false\" data-bg-color=\"\" data-bg-opacity=\"1\" data-hover-bg=\"\" data-hover-bg-opacity=\"1\" data-animation=\"\" data-delay=\"0\" >\n\t\t<div class=\"vc_column-inner\" ><div class=\"column-bg-overlay-wrap\" data-bg-animation=\"none\"><div class=\"column-bg-overlay\"><\/div><\/div>\n\t\t\t<div class=\"wpb_wrapper\">\n\t\t\t\t<div id=\"fws_69f4f46464c49\" data-midnight=\"\" data-column-margin=\"default\" class=\"wpb_row vc_row-fluid vc_row inner_row standard_section\"  style=\"padding-top: 0px; padding-bottom: 0px; \"><div class=\"row-bg-wrap\"> <div class=\"row-bg\" ><\/div> <\/div><div class=\"row_col_wrap_12_inner col span_12  right\">\n\t<div  class=\"vc_col-sm-12 wpb_column column_container vc_column_container col child_column no-extra-padding inherit_tablet inherit_phone\"   data-t-w-inherits=\"default\" data-bg-cover=\"\" data-padding-pos=\"all\" data-has-bg-color=\"false\" data-bg-color=\"\" data-bg-opacity=\"1\" data-hover-bg=\"\" data-hover-bg-opacity=\"1\" data-animation=\"\" data-delay=\"0\">\n\t\t<div class=\"vc_column-inner\" ><div class=\"column-bg-overlay-wrap\" data-bg-animation=\"none\"><div class=\"column-bg-overlay\"><\/div><\/div>\n\t\t<div class=\"wpb_wrapper\">\n\t\t\t<a class=\"nectar-button jumbo see-through-2  has-icon\"  style=\"border-color: #000000; color: #000000;\"  href=\"https:\/\/investinmiramichi.ca\/fr\/contacter\/\" data-color-override=\"#000000\"  data-hover-color-override=\"#ffffff\" data-hover-text-color-override=\"#000000\"><span>Contactez-nous<\/span><i  class=\"icon-button-arrow\"><\/i><\/a>\n\t\t<\/div> \n\t<\/div>\n\t<\/div> \n<\/div><\/div>\n\t\t\t<\/div> \n\t\t<\/div>\n\t<\/div> \n<\/div><\/div>","protected":false},"excerpt":{"rendered":"ONB aide les entreprises du Nouveau-Brunswick \u00e0 diversifier et \u00e0 accro\u00eetre leurs activit\u00e9s commerciales en trouvant de nouveaux march\u00e9s au Canada et \u00e0 l\u2019\u00e9tranger.","protected":false},"author":1,"featured_media":0,"parent":0,"menu_order":0,"comment_status":"closed","ping_status":"closed","template":"","meta":{"_acf_changed":false,"footnotes":""},"acf":[],"yoast_head":"<!-- This site is optimized with the Yoast SEO plugin v21.7 - https:\/\/yoast.com\/wordpress\/plugins\/seo\/ -->\n<title>Grow your Business - Invest\/Investir Miramichi<\/title>\n<meta name=\"description\" content=\"Grow your Business - Grow your business in the Miramichi. There are several opportunities for growing your business in the city.\" \/>\n<meta name=\"robots\" content=\"index, follow, max-snippet:-1, max-image-preview:large, max-video-preview:-1\" \/>\n<link rel=\"canonical\" href=\"https:\/\/investinmiramichi.ca\/fr\/developpez-votre-enterprise\/\" \/>\n<meta property=\"og:locale\" content=\"fr_CA\" \/>\n<meta property=\"og:type\" content=\"article\" \/>\n<meta property=\"og:title\" content=\"Grow your Business - Invest\/Investir Miramichi\" \/>\n<meta property=\"og:description\" content=\"Grow your Business - Grow your business in the Miramichi. There are several opportunities for growing your business in the city.\" \/>\n<meta property=\"og:url\" content=\"https:\/\/investinmiramichi.ca\/fr\/developpez-votre-enterprise\/\" \/>\n<meta property=\"og:site_name\" content=\"Invest\/Investir Miramichi\" \/>\n<meta property=\"article:modified_time\" content=\"2022-01-14T19:35:48+00:00\" \/>\n<meta name=\"twitter:card\" content=\"summary_large_image\" \/>\n<meta name=\"twitter:label1\" content=\"Estimation du temps de lecture\" \/>\n\t<meta name=\"twitter:data1\" content=\"2 minutes\" \/>\n<script type=\"application\/ld+json\" class=\"yoast-schema-graph\">{\"@context\":\"https:\/\/schema.org\",\"@graph\":[{\"@type\":\"WebPage\",\"@id\":\"https:\/\/investinmiramichi.ca\/grow-your-business\/\",\"url\":\"https:\/\/investinmiramichi.ca\/grow-your-business\/\",\"name\":\"Grow your Business - Invest\/Investir Miramichi\",\"isPartOf\":{\"@id\":\"https:\/\/investinmiramichi.ca\/#website\"},\"datePublished\":\"2020-11-03T17:48:02+00:00\",\"dateModified\":\"2022-01-14T19:35:48+00:00\",\"description\":\"Grow your Business - Grow your business in the Miramichi. There are several opportunities for growing your business in the city.\",\"breadcrumb\":{\"@id\":\"https:\/\/investinmiramichi.ca\/grow-your-business\/#breadcrumb\"},\"inLanguage\":\"fr-CA\",\"potentialAction\":[{\"@type\":\"ReadAction\",\"target\":[\"https:\/\/investinmiramichi.ca\/grow-your-business\/\"]}]},{\"@type\":\"BreadcrumbList\",\"@id\":\"https:\/\/investinmiramichi.ca\/grow-your-business\/#breadcrumb\",\"itemListElement\":[{\"@type\":\"ListItem\",\"position\":1,\"name\":\"Home\",\"item\":\"https:\/\/investinmiramichi.ca\/\"},{\"@type\":\"ListItem\",\"position\":2,\"name\":\"Grow your Business\"}]},{\"@type\":\"WebSite\",\"@id\":\"https:\/\/investinmiramichi.ca\/#website\",\"url\":\"https:\/\/investinmiramichi.ca\/\",\"name\":\"Invest\/Investir Miramichi\",\"description\":\"Miramichi Economic Development\",\"potentialAction\":[{\"@type\":\"SearchAction\",\"target\":{\"@type\":\"EntryPoint\",\"urlTemplate\":\"https:\/\/investinmiramichi.ca\/?s={search_term_string}\"},\"query-input\":\"required name=search_term_string\"}],\"inLanguage\":\"fr-CA\"}]}<\/script>\n<!-- \/ Yoast SEO plugin. -->","yoast_head_json":{"title":"D\u00e9veloppez votre entreprise - Investir\/investir \u00e0 Miramichi","description":"Faites cro\u00eetre votre entreprise - Faites cro\u00eetre votre entreprise dans la Miramichi. Il existe plusieurs possibilit\u00e9s pour faire cro\u00eetre votre entreprise dans la ville.","robots":{"index":"index","follow":"follow","max-snippet":"max-snippet:-1","max-image-preview":"max-image-preview:large","max-video-preview":"max-video-preview:-1"},"canonical":"https:\/\/investinmiramichi.ca\/fr\/developpez-votre-enterprise\/","og_locale":"fr_CA","og_type":"article","og_title":"Grow your Business - Invest\/Investir Miramichi","og_description":"Grow your Business - Grow your business in the Miramichi. There are several opportunities for growing your business in the city.","og_url":"https:\/\/investinmiramichi.ca\/fr\/developpez-votre-enterprise\/","og_site_name":"Invest\/Investir Miramichi","article_modified_time":"2022-01-14T19:35:48+00:00","twitter_card":"summary_large_image","twitter_misc":{"Estimation du temps de lecture":"2 minutes"},"schema":{"@context":"https:\/\/schema.org","@graph":[{"@type":"WebPage","@id":"https:\/\/investinmiramichi.ca\/grow-your-business\/","url":"https:\/\/investinmiramichi.ca\/grow-your-business\/","name":"D\u00e9veloppez votre entreprise - Investir\/investir \u00e0 Miramichi","isPartOf":{"@id":"https:\/\/investinmiramichi.ca\/#website"},"datePublished":"2020-11-03T17:48:02+00:00","dateModified":"2022-01-14T19:35:48+00:00","description":"Faites cro\u00eetre votre entreprise - Faites cro\u00eetre votre entreprise dans la Miramichi. Il existe plusieurs possibilit\u00e9s pour faire cro\u00eetre votre entreprise dans la ville.","breadcrumb":{"@id":"https:\/\/investinmiramichi.ca\/grow-your-business\/#breadcrumb"},"inLanguage":"fr-CA","potentialAction":[{"@type":"ReadAction","target":["https:\/\/investinmiramichi.ca\/grow-your-business\/"]}]},{"@type":"BreadcrumbList","@id":"https:\/\/investinmiramichi.ca\/grow-your-business\/#breadcrumb","itemListElement":[{"@type":"ListItem","position":1,"name":"Home","item":"https:\/\/investinmiramichi.ca\/"},{"@type":"ListItem","position":2,"name":"Grow your Business"}]},{"@type":"WebSite","@id":"https:\/\/investinmiramichi.ca\/#website","url":"https:\/\/investinmiramichi.ca\/","name":"Investir\/investir \u00e0 Miramichi","description":"D\u00e9veloppement \u00e9conomique de la Miramichi","potentialAction":[{"@type":"SearchAction","target":{"@type":"EntryPoint","urlTemplate":"https:\/\/investinmiramichi.ca\/?s={search_term_string}"},"query-input":"required name=search_term_string"}],"inLanguage":"fr-CA"}]}},"_links":{"self":[{"href":"https:\/\/investinmiramichi.ca\/fr\/wp-json\/wp\/v2\/pages\/48"}],"collection":[{"href":"https:\/\/investinmiramichi.ca\/fr\/wp-json\/wp\/v2\/pages"}],"about":[{"href":"https:\/\/investinmiramichi.ca\/fr\/wp-json\/wp\/v2\/types\/page"}],"author":[{"embeddable":true,"href":"https:\/\/investinmiramichi.ca\/fr\/wp-json\/wp\/v2\/users\/1"}],"replies":[{"embeddable":true,"href":"https:\/\/investinmiramichi.ca\/fr\/wp-json\/wp\/v2\/comments?post=48"}],"version-history":[{"count":17,"href":"https:\/\/investinmiramichi.ca\/fr\/wp-json\/wp\/v2\/pages\/48\/revisions"}],"predecessor-version":[{"id":437,"href":"https:\/\/investinmiramichi.ca\/fr\/wp-json\/wp\/v2\/pages\/48\/revisions\/437"}],"wp:attachment":[{"href":"https:\/\/investinmiramichi.ca\/fr\/wp-json\/wp\/v2\/media?parent=48"}],"curies":[{"name":"wp","href":"https:\/\/api.w.org\/{rel}","templated":true}]}}