{"id":955,"date":"2021-02-09T18:38:40","date_gmt":"2021-02-09T18:38:40","guid":{"rendered":"http:\/\/miramichi.dev\/?page_id=955"},"modified":"2022-02-24T14:29:46","modified_gmt":"2022-02-24T14:29:46","slug":"municipal-plan","status":"publish","type":"page","link":"https:\/\/investinmiramichi.ca\/fr\/plan-municipal\/","title":{"rendered":"Plan municipal"},"content":{"rendered":"<div id=\"fws_69f4e3f1d8019\"  data-column-margin=\"default\" data-midnight=\"dark\"  class=\"wpb_row vc_row-fluid vc_row standard_section\"  style=\"padding-top: 0px; padding-bottom: 0px; \"><div class=\"row-bg-wrap\" data-bg-animation=\"none\" data-bg-overlay=\"false\"><div class=\"inner-wrap\"><div class=\"row-bg\"  style=\"\"><\/div><\/div><div class=\"row-bg-overlay\" ><\/div><\/div><div class=\"row_col_wrap_12 col span_12 dark left\">\n\t<div  class=\"vc_col-sm-12 wpb_column column_container vc_column_container col padding-4-percent inherit_tablet inherit_phone\"  data-t-w-inherits=\"default\" data-bg-cover=\"\" data-padding-pos=\"all\" data-has-bg-color=\"false\" data-bg-color=\"\" data-bg-opacity=\"1\" data-hover-bg=\"\" data-hover-bg-opacity=\"1\" data-animation=\"\" data-delay=\"0\" >\n\t\t<div class=\"vc_column-inner\" ><div class=\"column-bg-overlay-wrap\" data-bg-animation=\"none\"><div class=\"column-bg-overlay\"><\/div><\/div>\n\t\t\t<div class=\"wpb_wrapper\">\n\t\t\t\t\r\n<div class=\"nectar-animated-title\" data-style=\"color-strip-reveal\" data-color=\"accent-color\">\r\n\t<div class=\"nectar-animated-title-outer\">\r\n\t\t<div class=\"nectar-animated-title-inner\">\r\n\t\t\t<div class=\"wrap\"><h6 style=\"color: #ffffff;\">R\u00e9aliser une vision pour Miramichi<\/h6><\/div>\r\n\t\t<\/div>\r\n\t<\/div>\r\n<\/div>\r\n<div class=\"wpb_text_column wpb_content_element\" >\r\n\t<div class=\"wpb_wrapper\">\r\n\t\t<blockquote><p>\n\u00ab D\u2019ici 2030, Miramichi continuera de renforcer son \u00e9conomie, sa qualit\u00e9 de vie et son identit\u00e9 comme collectivit\u00e9 progressive, inclusive, prosp\u00e8re, s\u00e9curitaire, active et saine. Nous sommes fiers de nos solutions pratiques aux d\u00e9fis, qui renforcent notre sens de la communaut\u00e9, favorisent et encouragent le d\u00e9veloppement \u00e9conomique, respectent l\u2019environnement naturel et souscrivent aux principes de durabilit\u00e9. Nous nous effor\u00e7ons de veiller \u00e0 ce que l\u2019utilisation du territoire et l\u2019am\u00e9nagement collectif se fassent de fa\u00e7on strat\u00e9gique, \u00e9quilibr\u00e9e, contextuelle, intelligente et \u00e9quitable, tout en reconnaissant, en comprenant et en respectant le caract\u00e8re rural de la municipalit\u00e9, ses valeurs et ses attentes. Dans ce contexte, vivre et faire affaires dans la ville seront des choix conscients et d\u00e9lib\u00e9r\u00e9s en raison de sa coh\u00e9sion sociale, son attrait et la qualit\u00e9 de vie qu\u2019elle offre. \u00bb\n<\/p><\/blockquote>\n\t<\/div>\r\n<\/div>\r\n\r\n\r\n\r\n\n\t\t\t<\/div> \n\t\t<\/div>\n\t<\/div> \n<\/div><\/div>\n\t\t<div id=\"fws_69f4e3f1d87e4\"  data-column-margin=\"default\" data-midnight=\"dark\"  class=\"wpb_row vc_row-fluid vc_row standard_section\"  style=\"padding-top: 0px; padding-bottom: 0px; \"><div class=\"row-bg-wrap\" data-bg-animation=\"none\" data-bg-overlay=\"false\"><div class=\"inner-wrap\"><div class=\"row-bg\"  style=\"\"><\/div><\/div><div class=\"row-bg-overlay\" ><\/div><\/div><div class=\"row_col_wrap_12 col span_12 dark left\">\n\t<div  class=\"vc_col-sm-12 wpb_column column_container vc_column_container col padding-2-percent inherit_tablet inherit_phone\"  data-t-w-inherits=\"default\" data-bg-cover=\"\" data-padding-pos=\"top\" data-has-bg-color=\"false\" data-bg-color=\"\" data-bg-opacity=\"1\" data-hover-bg=\"\" data-hover-bg-opacity=\"1\" data-animation=\"\" data-delay=\"0\" >\n\t\t<div class=\"vc_column-inner\" ><div class=\"column-bg-overlay-wrap\" data-bg-animation=\"none\"><div class=\"column-bg-overlay\"><\/div><\/div>\n\t\t\t<div class=\"wpb_wrapper\">\n\t\t\t\t\r\n<div class=\"wpb_text_column wpb_content_element\" >\r\n\t<div class=\"wpb_wrapper\">\r\n\t\t\n<p>&nbsp;<\/p>\n<iframe loading=\"lazy\" class=\"pvfw-pdf-viewer-frame\" width=\"100%\" height=\"850px\" src=\"https:\/\/investinmiramichi.ca\/fr\/themencode-pdf-viewer-sc\/?tnc_pvfw=ZmlsZT1odHRwczovL2ludmVzdGlubWlyYW1pY2hpLmNhL3dwLWNvbnRlbnQvdXBsb2Fkcy8yMDIxLzAzL0J5LUxhdy0xMDktTXVuaWNpcGFsLVBsYW4tRnJlbmNoLXNtYWxsZXIucGRmJnNldHRpbmdzPTExMTAxMTAxMDAwMTAwMDAwMzAmbGFuZz1mcg==#page=&#038;zoom=110&#038;pagemode=none\" title=\"\"><\/iframe>\n\t<\/div>\r\n<\/div>\r\n\r\n\r\n\r\n\n\t\t\t<\/div> \n\t\t<\/div>\n\t<\/div> \n<\/div><\/div>","protected":false},"excerpt":{"rendered":"R\u00e9aliser une vision pour Miramichi \" En 2030, Miramichi continuera de b\u00e2tir son \u00e9conomie, sa qualit\u00e9 de vie et son identit\u00e9 en tant que communaut\u00e9 progressive, inclusive, prosp\u00e8re, s\u00e9curitaire, active et saine.....","protected":false},"author":1,"featured_media":0,"parent":0,"menu_order":0,"comment_status":"closed","ping_status":"closed","template":"","meta":{"_acf_changed":false,"footnotes":""},"acf":[],"yoast_head":"<!-- This site is optimized with the Yoast SEO plugin v21.7 - https:\/\/yoast.com\/wordpress\/plugins\/seo\/ -->\n<title>Municipal Plan - Invest\/Investir Miramichi<\/title>\n<meta name=\"description\" content=\"Municipal Plan - Miramichi will continue building its economy, quality of life, and identity as a progressive, inclusive, prosperous, safe, active, and healthy community.\" \/>\n<meta name=\"robots\" content=\"index, follow, max-snippet:-1, max-image-preview:large, max-video-preview:-1\" \/>\n<link rel=\"canonical\" href=\"https:\/\/investinmiramichi.ca\/fr\/plan-municipal\/\" \/>\n<meta property=\"og:locale\" content=\"fr_CA\" \/>\n<meta property=\"og:type\" content=\"article\" \/>\n<meta property=\"og:title\" content=\"Municipal Plan - Invest\/Investir Miramichi\" \/>\n<meta property=\"og:description\" content=\"Municipal Plan - Miramichi will continue building its economy, quality of life, and identity as a progressive, inclusive, prosperous, safe, active, and healthy community.\" \/>\n<meta property=\"og:url\" content=\"https:\/\/investinmiramichi.ca\/fr\/plan-municipal\/\" \/>\n<meta property=\"og:site_name\" content=\"Invest\/Investir Miramichi\" \/>\n<meta property=\"article:modified_time\" content=\"2022-02-24T14:29:46+00:00\" \/>\n<meta name=\"twitter:card\" content=\"summary_large_image\" \/>\n<meta name=\"twitter:label1\" content=\"Estimation du temps de lecture\" \/>\n\t<meta name=\"twitter:data1\" content=\"2 minutes\" \/>\n<script type=\"application\/ld+json\" class=\"yoast-schema-graph\">{\"@context\":\"https:\/\/schema.org\",\"@graph\":[{\"@type\":\"WebPage\",\"@id\":\"https:\/\/investinmiramichi.ca\/municipal-plan\/\",\"url\":\"https:\/\/investinmiramichi.ca\/municipal-plan\/\",\"name\":\"Municipal Plan - Invest\/Investir Miramichi\",\"isPartOf\":{\"@id\":\"https:\/\/investinmiramichi.ca\/#website\"},\"datePublished\":\"2021-02-09T18:38:40+00:00\",\"dateModified\":\"2022-02-24T14:29:46+00:00\",\"description\":\"Municipal Plan - Miramichi will continue building its economy, quality of life, and identity as a progressive, inclusive, prosperous, safe, active, and healthy community.\",\"breadcrumb\":{\"@id\":\"https:\/\/investinmiramichi.ca\/municipal-plan\/#breadcrumb\"},\"inLanguage\":\"fr-CA\",\"potentialAction\":[{\"@type\":\"ReadAction\",\"target\":[\"https:\/\/investinmiramichi.ca\/municipal-plan\/\"]}]},{\"@type\":\"BreadcrumbList\",\"@id\":\"https:\/\/investinmiramichi.ca\/municipal-plan\/#breadcrumb\",\"itemListElement\":[{\"@type\":\"ListItem\",\"position\":1,\"name\":\"Home\",\"item\":\"https:\/\/investinmiramichi.ca\/\"},{\"@type\":\"ListItem\",\"position\":2,\"name\":\"Municipal Plan\"}]},{\"@type\":\"WebSite\",\"@id\":\"https:\/\/investinmiramichi.ca\/#website\",\"url\":\"https:\/\/investinmiramichi.ca\/\",\"name\":\"Invest\/Investir Miramichi\",\"description\":\"Miramichi Economic Development\",\"potentialAction\":[{\"@type\":\"SearchAction\",\"target\":{\"@type\":\"EntryPoint\",\"urlTemplate\":\"https:\/\/investinmiramichi.ca\/?s={search_term_string}\"},\"query-input\":\"required name=search_term_string\"}],\"inLanguage\":\"fr-CA\"}]}<\/script>\n<!-- \/ Yoast SEO plugin. -->","yoast_head_json":{"title":"Plan municipal - Investir\/Investir Miramichi","description":"Plan municipal - Miramichi continuera de b\u00e2tir son \u00e9conomie, sa qualit\u00e9 de vie et son identit\u00e9 en tant que communaut\u00e9 progressive, inclusive, prosp\u00e8re, s\u00e9curitaire, active et saine.","robots":{"index":"index","follow":"follow","max-snippet":"max-snippet:-1","max-image-preview":"max-image-preview:large","max-video-preview":"max-video-preview:-1"},"canonical":"https:\/\/investinmiramichi.ca\/fr\/plan-municipal\/","og_locale":"fr_CA","og_type":"article","og_title":"Municipal Plan - Invest\/Investir Miramichi","og_description":"Municipal Plan - Miramichi will continue building its economy, quality of life, and identity as a progressive, inclusive, prosperous, safe, active, and healthy community.","og_url":"https:\/\/investinmiramichi.ca\/fr\/plan-municipal\/","og_site_name":"Invest\/Investir Miramichi","article_modified_time":"2022-02-24T14:29:46+00:00","twitter_card":"summary_large_image","twitter_misc":{"Estimation du temps de lecture":"2 minutes"},"schema":{"@context":"https:\/\/schema.org","@graph":[{"@type":"WebPage","@id":"https:\/\/investinmiramichi.ca\/municipal-plan\/","url":"https:\/\/investinmiramichi.ca\/municipal-plan\/","name":"Plan municipal - Investir\/Investir Miramichi","isPartOf":{"@id":"https:\/\/investinmiramichi.ca\/#website"},"datePublished":"2021-02-09T18:38:40+00:00","dateModified":"2022-02-24T14:29:46+00:00","description":"Plan municipal - Miramichi continuera de b\u00e2tir son \u00e9conomie, sa qualit\u00e9 de vie et son identit\u00e9 en tant que communaut\u00e9 progressive, inclusive, prosp\u00e8re, s\u00e9curitaire, active et saine.","breadcrumb":{"@id":"https:\/\/investinmiramichi.ca\/municipal-plan\/#breadcrumb"},"inLanguage":"fr-CA","potentialAction":[{"@type":"ReadAction","target":["https:\/\/investinmiramichi.ca\/municipal-plan\/"]}]},{"@type":"BreadcrumbList","@id":"https:\/\/investinmiramichi.ca\/municipal-plan\/#breadcrumb","itemListElement":[{"@type":"ListItem","position":1,"name":"Home","item":"https:\/\/investinmiramichi.ca\/"},{"@type":"ListItem","position":2,"name":"Municipal Plan"}]},{"@type":"WebSite","@id":"https:\/\/investinmiramichi.ca\/#website","url":"https:\/\/investinmiramichi.ca\/","name":"Investir\/investir \u00e0 Miramichi","description":"D\u00e9veloppement \u00e9conomique de la Miramichi","potentialAction":[{"@type":"SearchAction","target":{"@type":"EntryPoint","urlTemplate":"https:\/\/investinmiramichi.ca\/?s={search_term_string}"},"query-input":"required name=search_term_string"}],"inLanguage":"fr-CA"}]}},"_links":{"self":[{"href":"https:\/\/investinmiramichi.ca\/fr\/wp-json\/wp\/v2\/pages\/955"}],"collection":[{"href":"https:\/\/investinmiramichi.ca\/fr\/wp-json\/wp\/v2\/pages"}],"about":[{"href":"https:\/\/investinmiramichi.ca\/fr\/wp-json\/wp\/v2\/types\/page"}],"author":[{"embeddable":true,"href":"https:\/\/investinmiramichi.ca\/fr\/wp-json\/wp\/v2\/users\/1"}],"replies":[{"embeddable":true,"href":"https:\/\/investinmiramichi.ca\/fr\/wp-json\/wp\/v2\/comments?post=955"}],"version-history":[{"count":12,"href":"https:\/\/investinmiramichi.ca\/fr\/wp-json\/wp\/v2\/pages\/955\/revisions"}],"predecessor-version":[{"id":1206,"href":"https:\/\/investinmiramichi.ca\/fr\/wp-json\/wp\/v2\/pages\/955\/revisions\/1206"}],"wp:attachment":[{"href":"https:\/\/investinmiramichi.ca\/fr\/wp-json\/wp\/v2\/media?parent=955"}],"curies":[{"name":"wp","href":"https:\/\/api.w.org\/{rel}","templated":true}]}}