{"id":966,"date":"2021-02-09T19:42:54","date_gmt":"2021-02-09T19:42:54","guid":{"rendered":"http:\/\/miramichi.dev\/?page_id=966"},"modified":"2023-10-30T13:43:29","modified_gmt":"2023-10-30T13:43:29","slug":"wellness-multiplex","status":"publish","type":"page","link":"https:\/\/investinmiramichi.ca\/fr\/multiplex-du-bien-etre\/","title":{"rendered":"Multiplex du bien-\u00eatre"},"content":{"rendered":"<div id=\"fws_69f5837609e92\"  data-column-margin=\"default\" data-midnight=\"dark\"  class=\"wpb_row vc_row-fluid vc_row standard_section\"  style=\"padding-top: 0px; padding-bottom: 0px; \"><div class=\"row-bg-wrap\" data-bg-animation=\"none\" data-bg-overlay=\"false\"><div class=\"inner-wrap\"><div class=\"row-bg\"  style=\"\"><\/div><\/div><div class=\"row-bg-overlay\" ><\/div><\/div><div class=\"row_col_wrap_12 col span_12 dark left\">\n\t<div  class=\"vc_col-sm-12 wpb_column column_container vc_column_container col padding-2-percent inherit_tablet inherit_phone\"  data-t-w-inherits=\"default\" data-bg-cover=\"\" data-padding-pos=\"top\" data-has-bg-color=\"false\" data-bg-color=\"\" data-bg-opacity=\"1\" data-hover-bg=\"\" data-hover-bg-opacity=\"1\" data-animation=\"\" data-delay=\"0\" >\n\t\t<div class=\"vc_column-inner\" ><div class=\"column-bg-overlay-wrap\" data-bg-animation=\"none\"><div class=\"column-bg-overlay\"><\/div><\/div>\n\t\t\t<div class=\"wpb_wrapper\">\n\t\t\t\t\r\n<div class=\"wpb_text_column wpb_content_element\" >\r\n\t<div class=\"wpb_wrapper\">\r\n\t\t<p><br \/>\n<iframe loading=\"lazy\" class=\"pvfw-pdf-viewer-frame\" width=\"100%\" height=\"850px\" src=\"https:\/\/investinmiramichi.ca\/fr\/themencode-pdf-viewer-sc\/?tnc_pvfw=ZmlsZT1odHRwczovL2ludmVzdGlubWlyYW1pY2hpLmNhL3dwLWNvbnRlbnQvdXBsb2Fkcy8yMDIxLzAzL1Byb2pldC1kZS1Db21wbGV4ZS1tdWx0aWZvbmN0aW9ubmVsLUXMgXZhbHVhdGlvbi1kZXMtYmVzb2lucy1ldC1kdS1wbGFuLWRhY3Rpdml0ZcyBcy5wZGYmc2V0dGluZ3M9MTExMDExMDEwMDAxMDAwMDAzMCZsYW5nPWZy#page=&#038;zoom=75&#038;pagemode=none\" title=\"\"><\/iframe><\/p>\n\t<\/div>\r\n<\/div>\r\n\r\n\r\n\r\n\n\t\t\t<\/div> \n\t\t<\/div>\n\t<\/div> \n<\/div><\/div>","protected":false},"excerpt":{"rendered":"","protected":false},"author":1,"featured_media":0,"parent":0,"menu_order":0,"comment_status":"closed","ping_status":"closed","template":"","meta":{"_acf_changed":false,"footnotes":""},"acf":[],"yoast_head":"<!-- This site is optimized with the Yoast SEO plugin v21.7 - https:\/\/yoast.com\/wordpress\/plugins\/seo\/ -->\n<title>Wellness Multiplex - Invest\/Investir Miramichi<\/title>\n<meta name=\"description\" content=\"Wellness Multiplex - The proposed Wellness Multiplex for the City of Miramichi includes a twin pad arena, aquatic centre, double gym and multipurpose programming space.\" \/>\n<meta name=\"robots\" content=\"index, follow, max-snippet:-1, max-image-preview:large, max-video-preview:-1\" \/>\n<link rel=\"canonical\" href=\"https:\/\/investinmiramichi.ca\/fr\/multiplex-du-bien-etre\/\" \/>\n<meta property=\"og:locale\" content=\"fr_CA\" \/>\n<meta property=\"og:type\" content=\"article\" \/>\n<meta property=\"og:title\" content=\"Wellness Multiplex - Invest\/Investir Miramichi\" \/>\n<meta property=\"og:description\" content=\"Wellness Multiplex - The proposed Wellness Multiplex for the City of Miramichi includes a twin pad arena, aquatic centre, double gym and multipurpose programming space.\" \/>\n<meta property=\"og:url\" content=\"https:\/\/investinmiramichi.ca\/fr\/multiplex-du-bien-etre\/\" \/>\n<meta property=\"og:site_name\" content=\"Invest\/Investir Miramichi\" \/>\n<meta property=\"article:modified_time\" content=\"2023-10-30T13:43:29+00:00\" \/>\n<meta name=\"twitter:card\" content=\"summary_large_image\" \/>\n<meta name=\"twitter:label1\" content=\"Estimation du temps de lecture\" \/>\n\t<meta name=\"twitter:data1\" content=\"1 minute\" \/>\n<script type=\"application\/ld+json\" class=\"yoast-schema-graph\">{\"@context\":\"https:\/\/schema.org\",\"@graph\":[{\"@type\":\"WebPage\",\"@id\":\"https:\/\/investinmiramichi.ca\/wellness-multiplex\/\",\"url\":\"https:\/\/investinmiramichi.ca\/wellness-multiplex\/\",\"name\":\"Wellness Multiplex - Invest\/Investir Miramichi\",\"isPartOf\":{\"@id\":\"https:\/\/investinmiramichi.ca\/#website\"},\"datePublished\":\"2021-02-09T19:42:54+00:00\",\"dateModified\":\"2023-10-30T13:43:29+00:00\",\"description\":\"Wellness Multiplex - The proposed Wellness Multiplex for the City of Miramichi includes a twin pad arena, aquatic centre, double gym and multipurpose programming space.\",\"breadcrumb\":{\"@id\":\"https:\/\/investinmiramichi.ca\/wellness-multiplex\/#breadcrumb\"},\"inLanguage\":\"fr-CA\",\"potentialAction\":[{\"@type\":\"ReadAction\",\"target\":[\"https:\/\/investinmiramichi.ca\/wellness-multiplex\/\"]}]},{\"@type\":\"BreadcrumbList\",\"@id\":\"https:\/\/investinmiramichi.ca\/wellness-multiplex\/#breadcrumb\",\"itemListElement\":[{\"@type\":\"ListItem\",\"position\":1,\"name\":\"Home\",\"item\":\"https:\/\/investinmiramichi.ca\/\"},{\"@type\":\"ListItem\",\"position\":2,\"name\":\"Wellness Multiplex\"}]},{\"@type\":\"WebSite\",\"@id\":\"https:\/\/investinmiramichi.ca\/#website\",\"url\":\"https:\/\/investinmiramichi.ca\/\",\"name\":\"Invest\/Investir Miramichi\",\"description\":\"Miramichi Economic Development\",\"potentialAction\":[{\"@type\":\"SearchAction\",\"target\":{\"@type\":\"EntryPoint\",\"urlTemplate\":\"https:\/\/investinmiramichi.ca\/?s={search_term_string}\"},\"query-input\":\"required name=search_term_string\"}],\"inLanguage\":\"fr-CA\"}]}<\/script>\n<!-- \/ Yoast SEO plugin. -->","yoast_head_json":{"title":"Multiplexe de bien-\u00eatre - Investir\/investir \u00e0 Miramichi","description":"Multiplex du bien-\u00eatre - Le multiplex du bien-\u00eatre propos\u00e9 pour la ville de Miramichi comprend un ar\u00e9na \u00e0 deux pistes, un centre aquatique, un gymnase double et un espace de programmation polyvalent.","robots":{"index":"index","follow":"follow","max-snippet":"max-snippet:-1","max-image-preview":"max-image-preview:large","max-video-preview":"max-video-preview:-1"},"canonical":"https:\/\/investinmiramichi.ca\/fr\/multiplex-du-bien-etre\/","og_locale":"fr_CA","og_type":"article","og_title":"Wellness Multiplex - Invest\/Investir Miramichi","og_description":"Wellness Multiplex - The proposed Wellness Multiplex for the City of Miramichi includes a twin pad arena, aquatic centre, double gym and multipurpose programming space.","og_url":"https:\/\/investinmiramichi.ca\/fr\/multiplex-du-bien-etre\/","og_site_name":"Invest\/Investir Miramichi","article_modified_time":"2023-10-30T13:43:29+00:00","twitter_card":"summary_large_image","twitter_misc":{"Estimation du temps de lecture":"1 minute"},"schema":{"@context":"https:\/\/schema.org","@graph":[{"@type":"WebPage","@id":"https:\/\/investinmiramichi.ca\/wellness-multiplex\/","url":"https:\/\/investinmiramichi.ca\/wellness-multiplex\/","name":"Multiplexe de bien-\u00eatre - Investir\/investir \u00e0 Miramichi","isPartOf":{"@id":"https:\/\/investinmiramichi.ca\/#website"},"datePublished":"2021-02-09T19:42:54+00:00","dateModified":"2023-10-30T13:43:29+00:00","description":"Multiplex du bien-\u00eatre - Le multiplex du bien-\u00eatre propos\u00e9 pour la ville de Miramichi comprend un ar\u00e9na \u00e0 deux pistes, un centre aquatique, un gymnase double et un espace de programmation polyvalent.","breadcrumb":{"@id":"https:\/\/investinmiramichi.ca\/wellness-multiplex\/#breadcrumb"},"inLanguage":"fr-CA","potentialAction":[{"@type":"ReadAction","target":["https:\/\/investinmiramichi.ca\/wellness-multiplex\/"]}]},{"@type":"BreadcrumbList","@id":"https:\/\/investinmiramichi.ca\/wellness-multiplex\/#breadcrumb","itemListElement":[{"@type":"ListItem","position":1,"name":"Home","item":"https:\/\/investinmiramichi.ca\/"},{"@type":"ListItem","position":2,"name":"Wellness Multiplex"}]},{"@type":"WebSite","@id":"https:\/\/investinmiramichi.ca\/#website","url":"https:\/\/investinmiramichi.ca\/","name":"Investir\/investir \u00e0 Miramichi","description":"D\u00e9veloppement \u00e9conomique de la Miramichi","potentialAction":[{"@type":"SearchAction","target":{"@type":"EntryPoint","urlTemplate":"https:\/\/investinmiramichi.ca\/?s={search_term_string}"},"query-input":"required name=search_term_string"}],"inLanguage":"fr-CA"}]}},"_links":{"self":[{"href":"https:\/\/investinmiramichi.ca\/fr\/wp-json\/wp\/v2\/pages\/966"}],"collection":[{"href":"https:\/\/investinmiramichi.ca\/fr\/wp-json\/wp\/v2\/pages"}],"about":[{"href":"https:\/\/investinmiramichi.ca\/fr\/wp-json\/wp\/v2\/types\/page"}],"author":[{"embeddable":true,"href":"https:\/\/investinmiramichi.ca\/fr\/wp-json\/wp\/v2\/users\/1"}],"replies":[{"embeddable":true,"href":"https:\/\/investinmiramichi.ca\/fr\/wp-json\/wp\/v2\/comments?post=966"}],"version-history":[{"count":17,"href":"https:\/\/investinmiramichi.ca\/fr\/wp-json\/wp\/v2\/pages\/966\/revisions"}],"predecessor-version":[{"id":1341,"href":"https:\/\/investinmiramichi.ca\/fr\/wp-json\/wp\/v2\/pages\/966\/revisions\/1341"}],"wp:attachment":[{"href":"https:\/\/investinmiramichi.ca\/fr\/wp-json\/wp\/v2\/media?parent=966"}],"curies":[{"name":"wp","href":"https:\/\/api.w.org\/{rel}","templated":true}]}}